{"id":25787,"date":"2022-04-26T12:39:58","date_gmt":"2022-04-26T12:39:58","guid":{"rendered":"https:\/\/joyasyasmin.com\/producto\/brinco-de-flor-de-ouro-omega\/"},"modified":"2024-11-19T17:43:03","modified_gmt":"2024-11-19T17:43:03","slug":"brinco-de-flor-de-ouro-omega","status":"publish","type":"product","link":"https:\/\/joyasyasmin.com\/pt-pt\/producto\/brinco-de-flor-de-ouro-omega\/","title":{"rendered":"Brinco de Flor de Ouro Omega"},"content":{"rendered":"","protected":false},"excerpt":{"rendered":"<p>Omega Gold Flower Earring \u00e9 um design de brinco muito bonito formando uma flor e suas p\u00e9talas com zirc\u00f5es dentro, esta pequena joia \u00e9 feita de prata esterlina 925 e \u00e9 banhada a ouro com tr\u00eas m\u00edcrons de ouro 18k. O tamanho da flor \u00e9 de 13mm. <\/p>\n","protected":false},"featured_media":25790,"comment_status":"open","ping_status":"closed","template":"","meta":{"_acf_changed":false,"_joinchat":[]},"product_brand":[],"product_cat":[1760],"product_tag":[4039,4038],"class_list":{"0":"post-25787","1":"product","2":"type-product","3":"status-publish","4":"has-post-thumbnail","6":"product_cat-brincos-e-brincos","7":"product_tag-brinco-omega-em-prata-esterlina-pt-pt","8":"product_tag-brinco-omega-flor-dourada","10":"first","11":"instock","12":"shipping-taxable","13":"purchasable","14":"product-type-variable"},"acf":[],"yoast_head":"<!-- This site is optimized with the Yoast SEO plugin v27.2 - https:\/\/yoast.com\/product\/yoast-seo-wordpress\/ -->\n<title>Brinco de Flor de Ouro Omega - Yasmin<\/title>\n<meta name=\"description\" content=\"O Brinco de Flor de Ouro Omega \u00e9 feito de prata esterlina 925, este belo design em forma de flor dar\u00e1 um toque moderno ao nosso visual. Frete gr\u00e1tis.\" \/>\n<meta name=\"robots\" content=\"index, follow, max-snippet:-1, max-image-preview:large, max-video-preview:-1\" \/>\n<link rel=\"canonical\" href=\"https:\/\/joyasyasmin.com\/pt-pt\/producto\/brinco-de-flor-de-ouro-omega\/\" \/>\n<meta property=\"og:locale\" content=\"pt_PT\" \/>\n<meta property=\"og:title\" content=\"Brinco de Flor de Ouro Omega - Yasmin\" \/>\n<meta property=\"og:description\" content=\"O Brinco de Flor de Ouro Omega \u00e9 feito de prata esterlina 925, este belo design em forma de flor dar\u00e1 um toque moderno ao nosso visual. Frete gr\u00e1tis.\" \/>\n<meta property=\"og:url\" content=\"https:\/\/joyasyasmin.com\/pt-pt\/producto\/brinco-de-flor-de-ouro-omega\/\" \/>\n<meta property=\"og:site_name\" content=\"Yasmin\" \/>\n<meta property=\"article:publisher\" content=\"https:\/\/www.facebook.com\/Joyas-Yasmin-217664058934169\/\" \/>\n<meta property=\"article:modified_time\" content=\"2024-11-19T17:43:03+00:00\" \/>\n<meta property=\"og:image\" content=\"https:\/\/joyasyasmin.com\/wp-content\/uploads\/2022\/04\/pendiente-rosa-dorado.jpg\" \/>\n\t<meta property=\"og:image:width\" content=\"1960\" \/>\n\t<meta property=\"og:image:height\" content=\"1960\" \/>\n\t<meta property=\"og:image:type\" content=\"image\/jpeg\" \/>\n<meta name=\"twitter:card\" content=\"summary_large_image\" \/>\n<script type=\"application\/ld+json\" class=\"yoast-schema-graph\">{\"@context\":\"https:\/\/schema.org\",\"@graph\":[{\"@type\":[\"WebPage\",\"ItemPage\"],\"@id\":\"https:\/\/joyasyasmin.com\/pt-pt\/producto\/brinco-de-flor-de-ouro-omega\/\",\"url\":\"https:\/\/joyasyasmin.com\/pt-pt\/producto\/brinco-de-flor-de-ouro-omega\/\",\"name\":\"Brinco de Flor de Ouro Omega - Yasmin\",\"isPartOf\":{\"@id\":\"https:\/\/joyasyasmin.com\/pt-pt\/#website\"},\"primaryImageOfPage\":{\"@id\":\"https:\/\/joyasyasmin.com\/pt-pt\/producto\/brinco-de-flor-de-ouro-omega\/#primaryimage\"},\"image\":{\"@id\":\"https:\/\/joyasyasmin.com\/pt-pt\/producto\/brinco-de-flor-de-ouro-omega\/#primaryimage\"},\"thumbnailUrl\":\"https:\/\/joyasyasmin.com\/wp-content\/uploads\/2022\/04\/pendiente-rosa-dorado.jpg\",\"datePublished\":\"2022-04-26T12:39:58+00:00\",\"dateModified\":\"2024-11-19T17:43:03+00:00\",\"description\":\"O Brinco de Flor de Ouro Omega \u00e9 feito de prata esterlina 925, este belo design em forma de flor dar\u00e1 um toque moderno ao nosso visual. Frete gr\u00e1tis.\",\"breadcrumb\":{\"@id\":\"https:\/\/joyasyasmin.com\/pt-pt\/producto\/brinco-de-flor-de-ouro-omega\/#breadcrumb\"},\"inLanguage\":\"pt-PT\",\"potentialAction\":[{\"@type\":\"ReadAction\",\"target\":[\"https:\/\/joyasyasmin.com\/pt-pt\/producto\/brinco-de-flor-de-ouro-omega\/\"]}]},{\"@type\":\"ImageObject\",\"inLanguage\":\"pt-PT\",\"@id\":\"https:\/\/joyasyasmin.com\/pt-pt\/producto\/brinco-de-flor-de-ouro-omega\/#primaryimage\",\"url\":\"https:\/\/joyasyasmin.com\/wp-content\/uploads\/2022\/04\/pendiente-rosa-dorado.jpg\",\"contentUrl\":\"https:\/\/joyasyasmin.com\/wp-content\/uploads\/2022\/04\/pendiente-rosa-dorado.jpg\",\"width\":1960,\"height\":1960},{\"@type\":\"BreadcrumbList\",\"@id\":\"https:\/\/joyasyasmin.com\/pt-pt\/producto\/brinco-de-flor-de-ouro-omega\/#breadcrumb\",\"itemListElement\":[{\"@type\":\"ListItem\",\"position\":1,\"name\":\"Portada\",\"item\":\"https:\/\/joyasyasmin.com\/pt-pt\/casa\/\"},{\"@type\":\"ListItem\",\"position\":2,\"name\":\"Shop\",\"item\":\"https:\/\/joyasyasmin.com\/pt-pt\/shop\/\"},{\"@type\":\"ListItem\",\"position\":3,\"name\":\"Brinco de Flor de Ouro Omega\"}]},{\"@type\":\"WebSite\",\"@id\":\"https:\/\/joyasyasmin.com\/pt-pt\/#website\",\"url\":\"https:\/\/joyasyasmin.com\/pt-pt\/\",\"name\":\"Yasmin\",\"description\":\"Joyer\u00eda de Plata 925 - Pendientes, pulseras, anillos, colgantes y m\u00e1s!\",\"publisher\":{\"@id\":\"https:\/\/joyasyasmin.com\/pt-pt\/#organization\"},\"potentialAction\":[{\"@type\":\"SearchAction\",\"target\":{\"@type\":\"EntryPoint\",\"urlTemplate\":\"https:\/\/joyasyasmin.com\/pt-pt\/?s={search_term_string}\"},\"query-input\":{\"@type\":\"PropertyValueSpecification\",\"valueRequired\":true,\"valueName\":\"search_term_string\"}}],\"inLanguage\":\"pt-PT\"},{\"@type\":\"Organization\",\"@id\":\"https:\/\/joyasyasmin.com\/pt-pt\/#organization\",\"name\":\"joyas yasmin\",\"url\":\"https:\/\/joyasyasmin.com\/pt-pt\/\",\"logo\":{\"@type\":\"ImageObject\",\"inLanguage\":\"pt-PT\",\"@id\":\"https:\/\/joyasyasmin.com\/pt-pt\/#\/schema\/logo\/image\/\",\"url\":\"https:\/\/joyasyasmin.com\/wp-content\/uploads\/2017\/06\/IMG-20200429-WA0051.jpg\",\"contentUrl\":\"https:\/\/joyasyasmin.com\/wp-content\/uploads\/2017\/06\/IMG-20200429-WA0051.jpg\",\"width\":1080,\"height\":545,\"caption\":\"joyas yasmin\"},\"image\":{\"@id\":\"https:\/\/joyasyasmin.com\/pt-pt\/#\/schema\/logo\/image\/\"},\"sameAs\":[\"https:\/\/www.facebook.com\/Joyas-Yasmin-217664058934169\/\",\"https:\/\/www.instagram.com\/invites\/contact\/\"]}]}<\/script>\n<!-- \/ Yoast SEO plugin. -->","yoast_head_json":{"title":"Brinco de Flor de Ouro Omega - Yasmin","description":"O Brinco de Flor de Ouro Omega \u00e9 feito de prata esterlina 925, este belo design em forma de flor dar\u00e1 um toque moderno ao nosso visual. Frete gr\u00e1tis.","robots":{"index":"index","follow":"follow","max-snippet":"max-snippet:-1","max-image-preview":"max-image-preview:large","max-video-preview":"max-video-preview:-1"},"canonical":"https:\/\/joyasyasmin.com\/pt-pt\/producto\/brinco-de-flor-de-ouro-omega\/","og_locale":"pt_PT","og_title":"Brinco de Flor de Ouro Omega - Yasmin","og_description":"O Brinco de Flor de Ouro Omega \u00e9 feito de prata esterlina 925, este belo design em forma de flor dar\u00e1 um toque moderno ao nosso visual. Frete gr\u00e1tis.","og_url":"https:\/\/joyasyasmin.com\/pt-pt\/producto\/brinco-de-flor-de-ouro-omega\/","og_site_name":"Yasmin","article_publisher":"https:\/\/www.facebook.com\/Joyas-Yasmin-217664058934169\/","article_modified_time":"2024-11-19T17:43:03+00:00","og_image":[{"width":1960,"height":1960,"url":"https:\/\/joyasyasmin.com\/wp-content\/uploads\/2022\/04\/pendiente-rosa-dorado.jpg","type":"image\/jpeg"}],"twitter_card":"summary_large_image","schema":{"@context":"https:\/\/schema.org","@graph":[{"@type":["WebPage","ItemPage"],"@id":"https:\/\/joyasyasmin.com\/pt-pt\/producto\/brinco-de-flor-de-ouro-omega\/","url":"https:\/\/joyasyasmin.com\/pt-pt\/producto\/brinco-de-flor-de-ouro-omega\/","name":"Brinco de Flor de Ouro Omega - Yasmin","isPartOf":{"@id":"https:\/\/joyasyasmin.com\/pt-pt\/#website"},"primaryImageOfPage":{"@id":"https:\/\/joyasyasmin.com\/pt-pt\/producto\/brinco-de-flor-de-ouro-omega\/#primaryimage"},"image":{"@id":"https:\/\/joyasyasmin.com\/pt-pt\/producto\/brinco-de-flor-de-ouro-omega\/#primaryimage"},"thumbnailUrl":"https:\/\/joyasyasmin.com\/wp-content\/uploads\/2022\/04\/pendiente-rosa-dorado.jpg","datePublished":"2022-04-26T12:39:58+00:00","dateModified":"2024-11-19T17:43:03+00:00","description":"O Brinco de Flor de Ouro Omega \u00e9 feito de prata esterlina 925, este belo design em forma de flor dar\u00e1 um toque moderno ao nosso visual. Frete gr\u00e1tis.","breadcrumb":{"@id":"https:\/\/joyasyasmin.com\/pt-pt\/producto\/brinco-de-flor-de-ouro-omega\/#breadcrumb"},"inLanguage":"pt-PT","potentialAction":[{"@type":"ReadAction","target":["https:\/\/joyasyasmin.com\/pt-pt\/producto\/brinco-de-flor-de-ouro-omega\/"]}]},{"@type":"ImageObject","inLanguage":"pt-PT","@id":"https:\/\/joyasyasmin.com\/pt-pt\/producto\/brinco-de-flor-de-ouro-omega\/#primaryimage","url":"https:\/\/joyasyasmin.com\/wp-content\/uploads\/2022\/04\/pendiente-rosa-dorado.jpg","contentUrl":"https:\/\/joyasyasmin.com\/wp-content\/uploads\/2022\/04\/pendiente-rosa-dorado.jpg","width":1960,"height":1960},{"@type":"BreadcrumbList","@id":"https:\/\/joyasyasmin.com\/pt-pt\/producto\/brinco-de-flor-de-ouro-omega\/#breadcrumb","itemListElement":[{"@type":"ListItem","position":1,"name":"Portada","item":"https:\/\/joyasyasmin.com\/pt-pt\/casa\/"},{"@type":"ListItem","position":2,"name":"Shop","item":"https:\/\/joyasyasmin.com\/pt-pt\/shop\/"},{"@type":"ListItem","position":3,"name":"Brinco de Flor de Ouro Omega"}]},{"@type":"WebSite","@id":"https:\/\/joyasyasmin.com\/pt-pt\/#website","url":"https:\/\/joyasyasmin.com\/pt-pt\/","name":"Yasmin","description":"Joyer\u00eda de Plata 925 - Pendientes, pulseras, anillos, colgantes y m\u00e1s!","publisher":{"@id":"https:\/\/joyasyasmin.com\/pt-pt\/#organization"},"potentialAction":[{"@type":"SearchAction","target":{"@type":"EntryPoint","urlTemplate":"https:\/\/joyasyasmin.com\/pt-pt\/?s={search_term_string}"},"query-input":{"@type":"PropertyValueSpecification","valueRequired":true,"valueName":"search_term_string"}}],"inLanguage":"pt-PT"},{"@type":"Organization","@id":"https:\/\/joyasyasmin.com\/pt-pt\/#organization","name":"joyas yasmin","url":"https:\/\/joyasyasmin.com\/pt-pt\/","logo":{"@type":"ImageObject","inLanguage":"pt-PT","@id":"https:\/\/joyasyasmin.com\/pt-pt\/#\/schema\/logo\/image\/","url":"https:\/\/joyasyasmin.com\/wp-content\/uploads\/2017\/06\/IMG-20200429-WA0051.jpg","contentUrl":"https:\/\/joyasyasmin.com\/wp-content\/uploads\/2017\/06\/IMG-20200429-WA0051.jpg","width":1080,"height":545,"caption":"joyas yasmin"},"image":{"@id":"https:\/\/joyasyasmin.com\/pt-pt\/#\/schema\/logo\/image\/"},"sameAs":["https:\/\/www.facebook.com\/Joyas-Yasmin-217664058934169\/","https:\/\/www.instagram.com\/invites\/contact\/"]}]}},"_links":{"self":[{"href":"https:\/\/joyasyasmin.com\/pt-pt\/wp-json\/wp\/v2\/product\/25787","targetHints":{"allow":["GET"]}}],"collection":[{"href":"https:\/\/joyasyasmin.com\/pt-pt\/wp-json\/wp\/v2\/product"}],"about":[{"href":"https:\/\/joyasyasmin.com\/pt-pt\/wp-json\/wp\/v2\/types\/product"}],"replies":[{"embeddable":true,"href":"https:\/\/joyasyasmin.com\/pt-pt\/wp-json\/wp\/v2\/comments?post=25787"}],"version-history":[{"count":0,"href":"https:\/\/joyasyasmin.com\/pt-pt\/wp-json\/wp\/v2\/product\/25787\/revisions"}],"wp:featuredmedia":[{"embeddable":true,"href":"https:\/\/joyasyasmin.com\/pt-pt\/wp-json\/wp\/v2\/media\/25790"}],"wp:attachment":[{"href":"https:\/\/joyasyasmin.com\/pt-pt\/wp-json\/wp\/v2\/media?parent=25787"}],"wp:term":[{"taxonomy":"product_brand","embeddable":true,"href":"https:\/\/joyasyasmin.com\/pt-pt\/wp-json\/wp\/v2\/product_brand?post=25787"},{"taxonomy":"product_cat","embeddable":true,"href":"https:\/\/joyasyasmin.com\/pt-pt\/wp-json\/wp\/v2\/product_cat?post=25787"},{"taxonomy":"product_tag","embeddable":true,"href":"https:\/\/joyasyasmin.com\/pt-pt\/wp-json\/wp\/v2\/product_tag?post=25787"}],"curies":[{"name":"wp","href":"https:\/\/api.w.org\/{rel}","templated":true}]}}