{"id":26027,"date":"2022-09-07T08:08:46","date_gmt":"2022-09-07T08:08:46","guid":{"rendered":"https:\/\/joyasyasmin.com\/producto\/voce-e-eu-brinco-de-coracao\/"},"modified":"2025-11-10T11:57:28","modified_gmt":"2025-11-10T11:57:28","slug":"voce-e-eu-brinco-de-coracao","status":"publish","type":"product","link":"https:\/\/joyasyasmin.com\/pt-pt\/producto\/voce-e-eu-brinco-de-coracao\/","title":{"rendered":"Voc\u00ea e Eu Brinco de Cora\u00e7\u00e3o"},"content":{"rendered":"","protected":false},"excerpt":{"rendered":"<p>Tu y Yo Heart Earring \u00e9 uma joia de prata esterlina 925, seu design de cora\u00e7\u00e3o metade com zirc\u00f4nia e a outra metade fica lisa, seu fechamento de porca snap e tamanho 1cm. Este acess\u00f3rio \u00e9 ideal para usar sozinho ou combin\u00e1-lo com outro brinco, voc\u00ea pode us\u00e1-lo no primeiro ou segundo buraco. <\/p>\n","protected":false},"featured_media":26032,"comment_status":"open","ping_status":"closed","template":"","meta":{"_acf_changed":false,"_joinchat":[]},"product_brand":[],"product_cat":[1760],"product_tag":[4180,4178,4179,3152],"class_list":{"0":"post-26027","1":"product","2":"type-product","3":"status-publish","4":"has-post-thumbnail","6":"product_cat-brincos-e-brincos","7":"product_tag-brinco-coracao-voce-e-eu","8":"product_tag-brincos","9":"product_tag-brincos-coracao-de-prata","10":"product_tag-o-que-ha-de-novo-em-2022","12":"first","13":"instock","14":"shipping-taxable","15":"purchasable","16":"product-type-simple"},"acf":[],"yoast_head":"<!-- This site is optimized with the Yoast SEO plugin v27.2 - https:\/\/yoast.com\/product\/yoast-seo-wordpress\/ -->\n<title>Voc\u00ea e Eu Brinco de Cora\u00e7\u00e3o - Yasmin<\/title>\n<meta name=\"description\" content=\"You and Me Heart Earring \u00e9 uma joia de prata esterlina 925, que trar\u00e1 eleg\u00e2ncia e estilo ao seu look e \u00e9 um acess\u00f3rio que n\u00e3o deve faltar na sua caixa de joias.\" \/>\n<meta name=\"robots\" content=\"index, follow, max-snippet:-1, max-image-preview:large, max-video-preview:-1\" \/>\n<link rel=\"canonical\" href=\"https:\/\/joyasyasmin.com\/pt-pt\/producto\/voce-e-eu-brinco-de-coracao\/\" \/>\n<meta property=\"og:locale\" content=\"pt_PT\" \/>\n<meta property=\"og:title\" content=\"Voc\u00ea e Eu Brinco de Cora\u00e7\u00e3o - Yasmin\" \/>\n<meta property=\"og:description\" content=\"You and Me Heart Earring \u00e9 uma joia de prata esterlina 925, que trar\u00e1 eleg\u00e2ncia e estilo ao seu look e \u00e9 um acess\u00f3rio que n\u00e3o deve faltar na sua caixa de joias.\" \/>\n<meta property=\"og:url\" content=\"https:\/\/joyasyasmin.com\/pt-pt\/producto\/voce-e-eu-brinco-de-coracao\/\" \/>\n<meta property=\"og:site_name\" content=\"Yasmin\" \/>\n<meta property=\"article:publisher\" content=\"https:\/\/www.facebook.com\/Joyas-Yasmin-217664058934169\/\" \/>\n<meta property=\"article:modified_time\" content=\"2025-11-10T11:57:28+00:00\" \/>\n<meta property=\"og:image\" content=\"https:\/\/joyasyasmin.com\/wp-content\/uploads\/2022\/09\/pendiente-corazon-circonita-tu-y-yo.jpg\" \/>\n\t<meta property=\"og:image:width\" content=\"1960\" \/>\n\t<meta property=\"og:image:height\" content=\"1960\" \/>\n\t<meta property=\"og:image:type\" content=\"image\/jpeg\" \/>\n<meta name=\"twitter:card\" content=\"summary_large_image\" \/>\n<script type=\"application\/ld+json\" class=\"yoast-schema-graph\">{\"@context\":\"https:\/\/schema.org\",\"@graph\":[{\"@type\":[\"WebPage\",\"ItemPage\"],\"@id\":\"https:\/\/joyasyasmin.com\/pt-pt\/producto\/voce-e-eu-brinco-de-coracao\/\",\"url\":\"https:\/\/joyasyasmin.com\/pt-pt\/producto\/voce-e-eu-brinco-de-coracao\/\",\"name\":\"Voc\u00ea e Eu Brinco de Cora\u00e7\u00e3o - Yasmin\",\"isPartOf\":{\"@id\":\"https:\/\/joyasyasmin.com\/pt-pt\/#website\"},\"primaryImageOfPage\":{\"@id\":\"https:\/\/joyasyasmin.com\/pt-pt\/producto\/voce-e-eu-brinco-de-coracao\/#primaryimage\"},\"image\":{\"@id\":\"https:\/\/joyasyasmin.com\/pt-pt\/producto\/voce-e-eu-brinco-de-coracao\/#primaryimage\"},\"thumbnailUrl\":\"https:\/\/joyasyasmin.com\/wp-content\/uploads\/2022\/09\/pendiente-corazon-circonita-tu-y-yo.jpg\",\"datePublished\":\"2022-09-07T08:08:46+00:00\",\"dateModified\":\"2025-11-10T11:57:28+00:00\",\"description\":\"You and Me Heart Earring \u00e9 uma joia de prata esterlina 925, que trar\u00e1 eleg\u00e2ncia e estilo ao seu look e \u00e9 um acess\u00f3rio que n\u00e3o deve faltar na sua caixa de joias.\",\"breadcrumb\":{\"@id\":\"https:\/\/joyasyasmin.com\/pt-pt\/producto\/voce-e-eu-brinco-de-coracao\/#breadcrumb\"},\"inLanguage\":\"pt-PT\",\"potentialAction\":[{\"@type\":\"ReadAction\",\"target\":[\"https:\/\/joyasyasmin.com\/pt-pt\/producto\/voce-e-eu-brinco-de-coracao\/\"]}]},{\"@type\":\"ImageObject\",\"inLanguage\":\"pt-PT\",\"@id\":\"https:\/\/joyasyasmin.com\/pt-pt\/producto\/voce-e-eu-brinco-de-coracao\/#primaryimage\",\"url\":\"https:\/\/joyasyasmin.com\/wp-content\/uploads\/2022\/09\/pendiente-corazon-circonita-tu-y-yo.jpg\",\"contentUrl\":\"https:\/\/joyasyasmin.com\/wp-content\/uploads\/2022\/09\/pendiente-corazon-circonita-tu-y-yo.jpg\",\"width\":1960,\"height\":1960,\"caption\":\"Venda de voc\u00ea e eu brinco de cora\u00e7\u00e3o de zirc\u00f4nia feito de prata esterlina 925, seu design de 1cm de tamanho e formando um cora\u00e7\u00e3o\"},{\"@type\":\"BreadcrumbList\",\"@id\":\"https:\/\/joyasyasmin.com\/pt-pt\/producto\/voce-e-eu-brinco-de-coracao\/#breadcrumb\",\"itemListElement\":[{\"@type\":\"ListItem\",\"position\":1,\"name\":\"Portada\",\"item\":\"https:\/\/joyasyasmin.com\/pt-pt\/casa\/\"},{\"@type\":\"ListItem\",\"position\":2,\"name\":\"Shop\",\"item\":\"https:\/\/joyasyasmin.com\/pt-pt\/shop\/\"},{\"@type\":\"ListItem\",\"position\":3,\"name\":\"Voc\u00ea e Eu Brinco de Cora\u00e7\u00e3o\"}]},{\"@type\":\"WebSite\",\"@id\":\"https:\/\/joyasyasmin.com\/pt-pt\/#website\",\"url\":\"https:\/\/joyasyasmin.com\/pt-pt\/\",\"name\":\"Yasmin\",\"description\":\"Joyer\u00eda de Plata 925 - Pendientes, pulseras, anillos, colgantes y m\u00e1s!\",\"publisher\":{\"@id\":\"https:\/\/joyasyasmin.com\/pt-pt\/#organization\"},\"potentialAction\":[{\"@type\":\"SearchAction\",\"target\":{\"@type\":\"EntryPoint\",\"urlTemplate\":\"https:\/\/joyasyasmin.com\/pt-pt\/?s={search_term_string}\"},\"query-input\":{\"@type\":\"PropertyValueSpecification\",\"valueRequired\":true,\"valueName\":\"search_term_string\"}}],\"inLanguage\":\"pt-PT\"},{\"@type\":\"Organization\",\"@id\":\"https:\/\/joyasyasmin.com\/pt-pt\/#organization\",\"name\":\"joyas yasmin\",\"url\":\"https:\/\/joyasyasmin.com\/pt-pt\/\",\"logo\":{\"@type\":\"ImageObject\",\"inLanguage\":\"pt-PT\",\"@id\":\"https:\/\/joyasyasmin.com\/pt-pt\/#\/schema\/logo\/image\/\",\"url\":\"https:\/\/joyasyasmin.com\/wp-content\/uploads\/2017\/06\/IMG-20200429-WA0051.jpg\",\"contentUrl\":\"https:\/\/joyasyasmin.com\/wp-content\/uploads\/2017\/06\/IMG-20200429-WA0051.jpg\",\"width\":1080,\"height\":545,\"caption\":\"joyas yasmin\"},\"image\":{\"@id\":\"https:\/\/joyasyasmin.com\/pt-pt\/#\/schema\/logo\/image\/\"},\"sameAs\":[\"https:\/\/www.facebook.com\/Joyas-Yasmin-217664058934169\/\",\"https:\/\/www.instagram.com\/invites\/contact\/\"]}]}<\/script>\n<!-- \/ Yoast SEO plugin. -->","yoast_head_json":{"title":"Voc\u00ea e Eu Brinco de Cora\u00e7\u00e3o - Yasmin","description":"You and Me Heart Earring \u00e9 uma joia de prata esterlina 925, que trar\u00e1 eleg\u00e2ncia e estilo ao seu look e \u00e9 um acess\u00f3rio que n\u00e3o deve faltar na sua caixa de joias.","robots":{"index":"index","follow":"follow","max-snippet":"max-snippet:-1","max-image-preview":"max-image-preview:large","max-video-preview":"max-video-preview:-1"},"canonical":"https:\/\/joyasyasmin.com\/pt-pt\/producto\/voce-e-eu-brinco-de-coracao\/","og_locale":"pt_PT","og_title":"Voc\u00ea e Eu Brinco de Cora\u00e7\u00e3o - Yasmin","og_description":"You and Me Heart Earring \u00e9 uma joia de prata esterlina 925, que trar\u00e1 eleg\u00e2ncia e estilo ao seu look e \u00e9 um acess\u00f3rio que n\u00e3o deve faltar na sua caixa de joias.","og_url":"https:\/\/joyasyasmin.com\/pt-pt\/producto\/voce-e-eu-brinco-de-coracao\/","og_site_name":"Yasmin","article_publisher":"https:\/\/www.facebook.com\/Joyas-Yasmin-217664058934169\/","article_modified_time":"2025-11-10T11:57:28+00:00","og_image":[{"width":1960,"height":1960,"url":"https:\/\/joyasyasmin.com\/wp-content\/uploads\/2022\/09\/pendiente-corazon-circonita-tu-y-yo.jpg","type":"image\/jpeg"}],"twitter_card":"summary_large_image","schema":{"@context":"https:\/\/schema.org","@graph":[{"@type":["WebPage","ItemPage"],"@id":"https:\/\/joyasyasmin.com\/pt-pt\/producto\/voce-e-eu-brinco-de-coracao\/","url":"https:\/\/joyasyasmin.com\/pt-pt\/producto\/voce-e-eu-brinco-de-coracao\/","name":"Voc\u00ea e Eu Brinco de Cora\u00e7\u00e3o - Yasmin","isPartOf":{"@id":"https:\/\/joyasyasmin.com\/pt-pt\/#website"},"primaryImageOfPage":{"@id":"https:\/\/joyasyasmin.com\/pt-pt\/producto\/voce-e-eu-brinco-de-coracao\/#primaryimage"},"image":{"@id":"https:\/\/joyasyasmin.com\/pt-pt\/producto\/voce-e-eu-brinco-de-coracao\/#primaryimage"},"thumbnailUrl":"https:\/\/joyasyasmin.com\/wp-content\/uploads\/2022\/09\/pendiente-corazon-circonita-tu-y-yo.jpg","datePublished":"2022-09-07T08:08:46+00:00","dateModified":"2025-11-10T11:57:28+00:00","description":"You and Me Heart Earring \u00e9 uma joia de prata esterlina 925, que trar\u00e1 eleg\u00e2ncia e estilo ao seu look e \u00e9 um acess\u00f3rio que n\u00e3o deve faltar na sua caixa de joias.","breadcrumb":{"@id":"https:\/\/joyasyasmin.com\/pt-pt\/producto\/voce-e-eu-brinco-de-coracao\/#breadcrumb"},"inLanguage":"pt-PT","potentialAction":[{"@type":"ReadAction","target":["https:\/\/joyasyasmin.com\/pt-pt\/producto\/voce-e-eu-brinco-de-coracao\/"]}]},{"@type":"ImageObject","inLanguage":"pt-PT","@id":"https:\/\/joyasyasmin.com\/pt-pt\/producto\/voce-e-eu-brinco-de-coracao\/#primaryimage","url":"https:\/\/joyasyasmin.com\/wp-content\/uploads\/2022\/09\/pendiente-corazon-circonita-tu-y-yo.jpg","contentUrl":"https:\/\/joyasyasmin.com\/wp-content\/uploads\/2022\/09\/pendiente-corazon-circonita-tu-y-yo.jpg","width":1960,"height":1960,"caption":"Venda de voc\u00ea e eu brinco de cora\u00e7\u00e3o de zirc\u00f4nia feito de prata esterlina 925, seu design de 1cm de tamanho e formando um cora\u00e7\u00e3o"},{"@type":"BreadcrumbList","@id":"https:\/\/joyasyasmin.com\/pt-pt\/producto\/voce-e-eu-brinco-de-coracao\/#breadcrumb","itemListElement":[{"@type":"ListItem","position":1,"name":"Portada","item":"https:\/\/joyasyasmin.com\/pt-pt\/casa\/"},{"@type":"ListItem","position":2,"name":"Shop","item":"https:\/\/joyasyasmin.com\/pt-pt\/shop\/"},{"@type":"ListItem","position":3,"name":"Voc\u00ea e Eu Brinco de Cora\u00e7\u00e3o"}]},{"@type":"WebSite","@id":"https:\/\/joyasyasmin.com\/pt-pt\/#website","url":"https:\/\/joyasyasmin.com\/pt-pt\/","name":"Yasmin","description":"Joyer\u00eda de Plata 925 - Pendientes, pulseras, anillos, colgantes y m\u00e1s!","publisher":{"@id":"https:\/\/joyasyasmin.com\/pt-pt\/#organization"},"potentialAction":[{"@type":"SearchAction","target":{"@type":"EntryPoint","urlTemplate":"https:\/\/joyasyasmin.com\/pt-pt\/?s={search_term_string}"},"query-input":{"@type":"PropertyValueSpecification","valueRequired":true,"valueName":"search_term_string"}}],"inLanguage":"pt-PT"},{"@type":"Organization","@id":"https:\/\/joyasyasmin.com\/pt-pt\/#organization","name":"joyas yasmin","url":"https:\/\/joyasyasmin.com\/pt-pt\/","logo":{"@type":"ImageObject","inLanguage":"pt-PT","@id":"https:\/\/joyasyasmin.com\/pt-pt\/#\/schema\/logo\/image\/","url":"https:\/\/joyasyasmin.com\/wp-content\/uploads\/2017\/06\/IMG-20200429-WA0051.jpg","contentUrl":"https:\/\/joyasyasmin.com\/wp-content\/uploads\/2017\/06\/IMG-20200429-WA0051.jpg","width":1080,"height":545,"caption":"joyas yasmin"},"image":{"@id":"https:\/\/joyasyasmin.com\/pt-pt\/#\/schema\/logo\/image\/"},"sameAs":["https:\/\/www.facebook.com\/Joyas-Yasmin-217664058934169\/","https:\/\/www.instagram.com\/invites\/contact\/"]}]}},"_links":{"self":[{"href":"https:\/\/joyasyasmin.com\/pt-pt\/wp-json\/wp\/v2\/product\/26027","targetHints":{"allow":["GET"]}}],"collection":[{"href":"https:\/\/joyasyasmin.com\/pt-pt\/wp-json\/wp\/v2\/product"}],"about":[{"href":"https:\/\/joyasyasmin.com\/pt-pt\/wp-json\/wp\/v2\/types\/product"}],"replies":[{"embeddable":true,"href":"https:\/\/joyasyasmin.com\/pt-pt\/wp-json\/wp\/v2\/comments?post=26027"}],"version-history":[{"count":1,"href":"https:\/\/joyasyasmin.com\/pt-pt\/wp-json\/wp\/v2\/product\/26027\/revisions"}],"predecessor-version":[{"id":36050,"href":"https:\/\/joyasyasmin.com\/pt-pt\/wp-json\/wp\/v2\/product\/26027\/revisions\/36050"}],"wp:featuredmedia":[{"embeddable":true,"href":"https:\/\/joyasyasmin.com\/pt-pt\/wp-json\/wp\/v2\/media\/26032"}],"wp:attachment":[{"href":"https:\/\/joyasyasmin.com\/pt-pt\/wp-json\/wp\/v2\/media?parent=26027"}],"wp:term":[{"taxonomy":"product_brand","embeddable":true,"href":"https:\/\/joyasyasmin.com\/pt-pt\/wp-json\/wp\/v2\/product_brand?post=26027"},{"taxonomy":"product_cat","embeddable":true,"href":"https:\/\/joyasyasmin.com\/pt-pt\/wp-json\/wp\/v2\/product_cat?post=26027"},{"taxonomy":"product_tag","embeddable":true,"href":"https:\/\/joyasyasmin.com\/pt-pt\/wp-json\/wp\/v2\/product_tag?post=26027"}],"curies":[{"name":"wp","href":"https:\/\/api.w.org\/{rel}","templated":true}]}}