{"id":26819,"date":"2022-02-09T12:33:31","date_gmt":"2022-02-09T12:33:31","guid":{"rendered":"https:\/\/joyasyasmin.com\/producto\/brinco-de-zirconia-unicornio\/"},"modified":"2022-02-09T12:33:31","modified_gmt":"2022-02-09T12:33:31","slug":"brinco-de-zirconia-unicornio","status":"publish","type":"product","link":"https:\/\/joyasyasmin.com\/pt-pt\/producto\/brinco-de-zirconia-unicornio\/","title":{"rendered":"Brinco de Zirc\u00f4nia Unic\u00f3rnio"},"content":{"rendered":"","protected":false},"excerpt":{"rendered":"<p>Brinco de zirc\u00f4nia unic\u00f3rnio feito de prata esterlina 925, mede 11 mm, seu fecho de encaixe \u00e9 confort\u00e1vel e f\u00e1cil de usar. O brinco \u00e9 liso e suas asas v\u00e3o com zirc\u00f4nia e no olho tem uma zirc\u00f4nia. <\/p>\n","protected":false},"featured_media":26821,"comment_status":"open","ping_status":"closed","template":"","meta":{"_acf_changed":false,"_joinchat":[]},"product_brand":[],"product_cat":[1760],"product_tag":[3084,4656,4658],"class_list":{"0":"post-26819","1":"product","2":"type-product","3":"status-publish","4":"has-post-thumbnail","6":"product_cat-brincos-e-brincos","7":"product_tag-brinco-de-animal","8":"product_tag-brinco-de-unicornio-de-zirconia","9":"product_tag-brinco-de-unicornio-prateado","11":"first","12":"instock","13":"shipping-taxable","14":"purchasable","15":"product-type-simple"},"acf":[],"yoast_head":"<!-- This site is optimized with the Yoast SEO plugin v27.2 - https:\/\/yoast.com\/product\/yoast-seo-wordpress\/ -->\n<title>Brinco de Zirc\u00f4nia Unic\u00f3rnio - Yasmin<\/title>\n<meta name=\"description\" content=\"Brinco de zirc\u00f4nia unic\u00f3rnio em prata esterlina 925, este design vai fazer voc\u00ea se apaixonar, seu tamanho de 11mm \u00e9 ideal para o uso di\u00e1rio.\" \/>\n<meta name=\"robots\" content=\"index, follow, max-snippet:-1, max-image-preview:large, max-video-preview:-1\" \/>\n<link rel=\"canonical\" href=\"https:\/\/joyasyasmin.com\/pt-pt\/producto\/brinco-de-zirconia-unicornio\/\" \/>\n<meta property=\"og:locale\" content=\"pt_PT\" \/>\n<meta property=\"og:title\" content=\"Brinco de Zirc\u00f4nia Unic\u00f3rnio - Yasmin\" \/>\n<meta property=\"og:description\" content=\"Brinco de zirc\u00f4nia unic\u00f3rnio em prata esterlina 925, este design vai fazer voc\u00ea se apaixonar, seu tamanho de 11mm \u00e9 ideal para o uso di\u00e1rio.\" \/>\n<meta property=\"og:url\" content=\"https:\/\/joyasyasmin.com\/pt-pt\/producto\/brinco-de-zirconia-unicornio\/\" \/>\n<meta property=\"og:site_name\" content=\"Yasmin\" \/>\n<meta property=\"article:publisher\" content=\"https:\/\/www.facebook.com\/Joyas-Yasmin-217664058934169\/\" \/>\n<meta property=\"og:image\" content=\"https:\/\/joyasyasmin.com\/wp-content\/uploads\/2022\/02\/pendientes-unicornios.jpg\" \/>\n\t<meta property=\"og:image:width\" content=\"1960\" \/>\n\t<meta property=\"og:image:height\" content=\"1960\" \/>\n\t<meta property=\"og:image:type\" content=\"image\/jpeg\" \/>\n<meta name=\"twitter:card\" content=\"summary_large_image\" \/>\n<script type=\"application\/ld+json\" class=\"yoast-schema-graph\">{\"@context\":\"https:\/\/schema.org\",\"@graph\":[{\"@type\":[\"WebPage\",\"ItemPage\"],\"@id\":\"https:\/\/joyasyasmin.com\/pt-pt\/producto\/brinco-de-zirconia-unicornio\/\",\"url\":\"https:\/\/joyasyasmin.com\/pt-pt\/producto\/brinco-de-zirconia-unicornio\/\",\"name\":\"Brinco de Zirc\u00f4nia Unic\u00f3rnio - Yasmin\",\"isPartOf\":{\"@id\":\"https:\/\/joyasyasmin.com\/pt-pt\/#website\"},\"primaryImageOfPage\":{\"@id\":\"https:\/\/joyasyasmin.com\/pt-pt\/producto\/brinco-de-zirconia-unicornio\/#primaryimage\"},\"image\":{\"@id\":\"https:\/\/joyasyasmin.com\/pt-pt\/producto\/brinco-de-zirconia-unicornio\/#primaryimage\"},\"thumbnailUrl\":\"https:\/\/joyasyasmin.com\/wp-content\/uploads\/2022\/02\/pendientes-unicornios.jpg\",\"datePublished\":\"2022-02-09T12:33:31+00:00\",\"description\":\"Brinco de zirc\u00f4nia unic\u00f3rnio em prata esterlina 925, este design vai fazer voc\u00ea se apaixonar, seu tamanho de 11mm \u00e9 ideal para o uso di\u00e1rio.\",\"breadcrumb\":{\"@id\":\"https:\/\/joyasyasmin.com\/pt-pt\/producto\/brinco-de-zirconia-unicornio\/#breadcrumb\"},\"inLanguage\":\"pt-PT\",\"potentialAction\":[{\"@type\":\"ReadAction\",\"target\":[\"https:\/\/joyasyasmin.com\/pt-pt\/producto\/brinco-de-zirconia-unicornio\/\"]}]},{\"@type\":\"ImageObject\",\"inLanguage\":\"pt-PT\",\"@id\":\"https:\/\/joyasyasmin.com\/pt-pt\/producto\/brinco-de-zirconia-unicornio\/#primaryimage\",\"url\":\"https:\/\/joyasyasmin.com\/wp-content\/uploads\/2022\/02\/pendientes-unicornios.jpg\",\"contentUrl\":\"https:\/\/joyasyasmin.com\/wp-content\/uploads\/2022\/02\/pendientes-unicornios.jpg\",\"width\":1960,\"height\":1960},{\"@type\":\"BreadcrumbList\",\"@id\":\"https:\/\/joyasyasmin.com\/pt-pt\/producto\/brinco-de-zirconia-unicornio\/#breadcrumb\",\"itemListElement\":[{\"@type\":\"ListItem\",\"position\":1,\"name\":\"Portada\",\"item\":\"https:\/\/joyasyasmin.com\/pt-pt\/casa\/\"},{\"@type\":\"ListItem\",\"position\":2,\"name\":\"Shop\",\"item\":\"https:\/\/joyasyasmin.com\/pt-pt\/shop\/\"},{\"@type\":\"ListItem\",\"position\":3,\"name\":\"Brinco de Zirc\u00f4nia Unic\u00f3rnio\"}]},{\"@type\":\"WebSite\",\"@id\":\"https:\/\/joyasyasmin.com\/pt-pt\/#website\",\"url\":\"https:\/\/joyasyasmin.com\/pt-pt\/\",\"name\":\"Yasmin\",\"description\":\"Joyer\u00eda de Plata 925 - Pendientes, pulseras, anillos, colgantes y m\u00e1s!\",\"publisher\":{\"@id\":\"https:\/\/joyasyasmin.com\/pt-pt\/#organization\"},\"potentialAction\":[{\"@type\":\"SearchAction\",\"target\":{\"@type\":\"EntryPoint\",\"urlTemplate\":\"https:\/\/joyasyasmin.com\/pt-pt\/?s={search_term_string}\"},\"query-input\":{\"@type\":\"PropertyValueSpecification\",\"valueRequired\":true,\"valueName\":\"search_term_string\"}}],\"inLanguage\":\"pt-PT\"},{\"@type\":\"Organization\",\"@id\":\"https:\/\/joyasyasmin.com\/pt-pt\/#organization\",\"name\":\"joyas yasmin\",\"url\":\"https:\/\/joyasyasmin.com\/pt-pt\/\",\"logo\":{\"@type\":\"ImageObject\",\"inLanguage\":\"pt-PT\",\"@id\":\"https:\/\/joyasyasmin.com\/pt-pt\/#\/schema\/logo\/image\/\",\"url\":\"https:\/\/joyasyasmin.com\/wp-content\/uploads\/2017\/06\/IMG-20200429-WA0051.jpg\",\"contentUrl\":\"https:\/\/joyasyasmin.com\/wp-content\/uploads\/2017\/06\/IMG-20200429-WA0051.jpg\",\"width\":1080,\"height\":545,\"caption\":\"joyas yasmin\"},\"image\":{\"@id\":\"https:\/\/joyasyasmin.com\/pt-pt\/#\/schema\/logo\/image\/\"},\"sameAs\":[\"https:\/\/www.facebook.com\/Joyas-Yasmin-217664058934169\/\",\"https:\/\/www.instagram.com\/invites\/contact\/\"]}]}<\/script>\n<!-- \/ Yoast SEO plugin. -->","yoast_head_json":{"title":"Brinco de Zirc\u00f4nia Unic\u00f3rnio - Yasmin","description":"Brinco de zirc\u00f4nia unic\u00f3rnio em prata esterlina 925, este design vai fazer voc\u00ea se apaixonar, seu tamanho de 11mm \u00e9 ideal para o uso di\u00e1rio.","robots":{"index":"index","follow":"follow","max-snippet":"max-snippet:-1","max-image-preview":"max-image-preview:large","max-video-preview":"max-video-preview:-1"},"canonical":"https:\/\/joyasyasmin.com\/pt-pt\/producto\/brinco-de-zirconia-unicornio\/","og_locale":"pt_PT","og_title":"Brinco de Zirc\u00f4nia Unic\u00f3rnio - Yasmin","og_description":"Brinco de zirc\u00f4nia unic\u00f3rnio em prata esterlina 925, este design vai fazer voc\u00ea se apaixonar, seu tamanho de 11mm \u00e9 ideal para o uso di\u00e1rio.","og_url":"https:\/\/joyasyasmin.com\/pt-pt\/producto\/brinco-de-zirconia-unicornio\/","og_site_name":"Yasmin","article_publisher":"https:\/\/www.facebook.com\/Joyas-Yasmin-217664058934169\/","og_image":[{"width":1960,"height":1960,"url":"https:\/\/joyasyasmin.com\/wp-content\/uploads\/2022\/02\/pendientes-unicornios.jpg","type":"image\/jpeg"}],"twitter_card":"summary_large_image","schema":{"@context":"https:\/\/schema.org","@graph":[{"@type":["WebPage","ItemPage"],"@id":"https:\/\/joyasyasmin.com\/pt-pt\/producto\/brinco-de-zirconia-unicornio\/","url":"https:\/\/joyasyasmin.com\/pt-pt\/producto\/brinco-de-zirconia-unicornio\/","name":"Brinco de Zirc\u00f4nia Unic\u00f3rnio - Yasmin","isPartOf":{"@id":"https:\/\/joyasyasmin.com\/pt-pt\/#website"},"primaryImageOfPage":{"@id":"https:\/\/joyasyasmin.com\/pt-pt\/producto\/brinco-de-zirconia-unicornio\/#primaryimage"},"image":{"@id":"https:\/\/joyasyasmin.com\/pt-pt\/producto\/brinco-de-zirconia-unicornio\/#primaryimage"},"thumbnailUrl":"https:\/\/joyasyasmin.com\/wp-content\/uploads\/2022\/02\/pendientes-unicornios.jpg","datePublished":"2022-02-09T12:33:31+00:00","description":"Brinco de zirc\u00f4nia unic\u00f3rnio em prata esterlina 925, este design vai fazer voc\u00ea se apaixonar, seu tamanho de 11mm \u00e9 ideal para o uso di\u00e1rio.","breadcrumb":{"@id":"https:\/\/joyasyasmin.com\/pt-pt\/producto\/brinco-de-zirconia-unicornio\/#breadcrumb"},"inLanguage":"pt-PT","potentialAction":[{"@type":"ReadAction","target":["https:\/\/joyasyasmin.com\/pt-pt\/producto\/brinco-de-zirconia-unicornio\/"]}]},{"@type":"ImageObject","inLanguage":"pt-PT","@id":"https:\/\/joyasyasmin.com\/pt-pt\/producto\/brinco-de-zirconia-unicornio\/#primaryimage","url":"https:\/\/joyasyasmin.com\/wp-content\/uploads\/2022\/02\/pendientes-unicornios.jpg","contentUrl":"https:\/\/joyasyasmin.com\/wp-content\/uploads\/2022\/02\/pendientes-unicornios.jpg","width":1960,"height":1960},{"@type":"BreadcrumbList","@id":"https:\/\/joyasyasmin.com\/pt-pt\/producto\/brinco-de-zirconia-unicornio\/#breadcrumb","itemListElement":[{"@type":"ListItem","position":1,"name":"Portada","item":"https:\/\/joyasyasmin.com\/pt-pt\/casa\/"},{"@type":"ListItem","position":2,"name":"Shop","item":"https:\/\/joyasyasmin.com\/pt-pt\/shop\/"},{"@type":"ListItem","position":3,"name":"Brinco de Zirc\u00f4nia Unic\u00f3rnio"}]},{"@type":"WebSite","@id":"https:\/\/joyasyasmin.com\/pt-pt\/#website","url":"https:\/\/joyasyasmin.com\/pt-pt\/","name":"Yasmin","description":"Joyer\u00eda de Plata 925 - Pendientes, pulseras, anillos, colgantes y m\u00e1s!","publisher":{"@id":"https:\/\/joyasyasmin.com\/pt-pt\/#organization"},"potentialAction":[{"@type":"SearchAction","target":{"@type":"EntryPoint","urlTemplate":"https:\/\/joyasyasmin.com\/pt-pt\/?s={search_term_string}"},"query-input":{"@type":"PropertyValueSpecification","valueRequired":true,"valueName":"search_term_string"}}],"inLanguage":"pt-PT"},{"@type":"Organization","@id":"https:\/\/joyasyasmin.com\/pt-pt\/#organization","name":"joyas yasmin","url":"https:\/\/joyasyasmin.com\/pt-pt\/","logo":{"@type":"ImageObject","inLanguage":"pt-PT","@id":"https:\/\/joyasyasmin.com\/pt-pt\/#\/schema\/logo\/image\/","url":"https:\/\/joyasyasmin.com\/wp-content\/uploads\/2017\/06\/IMG-20200429-WA0051.jpg","contentUrl":"https:\/\/joyasyasmin.com\/wp-content\/uploads\/2017\/06\/IMG-20200429-WA0051.jpg","width":1080,"height":545,"caption":"joyas yasmin"},"image":{"@id":"https:\/\/joyasyasmin.com\/pt-pt\/#\/schema\/logo\/image\/"},"sameAs":["https:\/\/www.facebook.com\/Joyas-Yasmin-217664058934169\/","https:\/\/www.instagram.com\/invites\/contact\/"]}]}},"_links":{"self":[{"href":"https:\/\/joyasyasmin.com\/pt-pt\/wp-json\/wp\/v2\/product\/26819","targetHints":{"allow":["GET"]}}],"collection":[{"href":"https:\/\/joyasyasmin.com\/pt-pt\/wp-json\/wp\/v2\/product"}],"about":[{"href":"https:\/\/joyasyasmin.com\/pt-pt\/wp-json\/wp\/v2\/types\/product"}],"replies":[{"embeddable":true,"href":"https:\/\/joyasyasmin.com\/pt-pt\/wp-json\/wp\/v2\/comments?post=26819"}],"version-history":[{"count":0,"href":"https:\/\/joyasyasmin.com\/pt-pt\/wp-json\/wp\/v2\/product\/26819\/revisions"}],"wp:featuredmedia":[{"embeddable":true,"href":"https:\/\/joyasyasmin.com\/pt-pt\/wp-json\/wp\/v2\/media\/26821"}],"wp:attachment":[{"href":"https:\/\/joyasyasmin.com\/pt-pt\/wp-json\/wp\/v2\/media?parent=26819"}],"wp:term":[{"taxonomy":"product_brand","embeddable":true,"href":"https:\/\/joyasyasmin.com\/pt-pt\/wp-json\/wp\/v2\/product_brand?post=26819"},{"taxonomy":"product_cat","embeddable":true,"href":"https:\/\/joyasyasmin.com\/pt-pt\/wp-json\/wp\/v2\/product_cat?post=26819"},{"taxonomy":"product_tag","embeddable":true,"href":"https:\/\/joyasyasmin.com\/pt-pt\/wp-json\/wp\/v2\/product_tag?post=26819"}],"curies":[{"name":"wp","href":"https:\/\/api.w.org\/{rel}","templated":true}]}}