{"id":27049,"date":"2022-03-11T22:09:09","date_gmt":"2022-03-11T22:09:09","guid":{"rendered":"https:\/\/joyasyasmin.com\/producto\/pulseira-turquesa-bali\/"},"modified":"2025-01-16T19:18:01","modified_gmt":"2025-01-16T19:18:01","slug":"pulseira-turquesa-bali","status":"publish","type":"product","link":"https:\/\/joyasyasmin.com\/pt-pt\/producto\/pulseira-turquesa-bali\/","title":{"rendered":"Pulseira Turquesa Bali"},"content":{"rendered":"","protected":false},"excerpt":{"rendered":"<p>Pulseira Bali Turquesa \u00e9 feita de prata esterlina 925 seu design de cinco pedras turquesa no meio de cada uma h\u00e1 uma bola de prata lisa, eles s\u00e3o seguidos por um n\u00f3 e tubos com detalhes caracter\u00edsticos do tipo Bali, este design vem com uma corrente para ajust\u00e1-lo ao tamanho que queremos.<\/p>\n","protected":false},"featured_media":27055,"comment_status":"open","ping_status":"closed","template":"","meta":{"_acf_changed":false,"_joinchat":[]},"product_brand":[],"product_cat":[1781],"product_tag":[4819,3773,4817],"class_list":{"0":"post-27049","1":"product","2":"type-product","3":"status-publish","4":"has-post-thumbnail","6":"product_cat-pulseiras","7":"product_tag-pulseira-de-pedra","8":"product_tag-pulseira-de-prata-esterlina-925","9":"product_tag-pulseira-turquesa-bali","11":"first","12":"instock","13":"shipping-taxable","14":"purchasable","15":"product-type-simple"},"acf":[],"yoast_head":"<!-- This site is optimized with the Yoast SEO plugin v27.2 - https:\/\/yoast.com\/product\/yoast-seo-wordpress\/ -->\n<title>Pulseira Turquesa Bali - Yasmin<\/title>\n<meta name=\"description\" content=\"A pulseira turquesa Bali \u00e9 feita de prata esterlina 925, inspirada nos designs balin\u00eas, voc\u00ea pode combin\u00e1-la com outras roupas de pulseira. Voc\u00ea vai se apaixonar!\" \/>\n<meta name=\"robots\" content=\"index, follow, max-snippet:-1, max-image-preview:large, max-video-preview:-1\" \/>\n<link rel=\"canonical\" href=\"https:\/\/joyasyasmin.com\/pt-pt\/producto\/pulseira-turquesa-bali\/\" \/>\n<meta property=\"og:locale\" content=\"pt_PT\" \/>\n<meta property=\"og:title\" content=\"Pulseira Turquesa Bali - Yasmin\" \/>\n<meta property=\"og:description\" content=\"A pulseira turquesa Bali \u00e9 feita de prata esterlina 925, inspirada nos designs balin\u00eas, voc\u00ea pode combin\u00e1-la com outras roupas de pulseira. Voc\u00ea vai se apaixonar!\" \/>\n<meta property=\"og:url\" content=\"https:\/\/joyasyasmin.com\/pt-pt\/producto\/pulseira-turquesa-bali\/\" \/>\n<meta property=\"og:site_name\" content=\"Yasmin\" \/>\n<meta property=\"article:publisher\" content=\"https:\/\/www.facebook.com\/Joyas-Yasmin-217664058934169\/\" \/>\n<meta property=\"article:modified_time\" content=\"2025-01-16T19:18:01+00:00\" \/>\n<meta property=\"og:image\" content=\"https:\/\/joyasyasmin.com\/wp-content\/uploads\/2022\/03\/pulsera-turquesa-bali.jpg\" \/>\n\t<meta property=\"og:image:width\" content=\"1960\" \/>\n\t<meta property=\"og:image:height\" content=\"1960\" \/>\n\t<meta property=\"og:image:type\" content=\"image\/jpeg\" \/>\n<meta name=\"twitter:card\" content=\"summary_large_image\" \/>\n<script type=\"application\/ld+json\" class=\"yoast-schema-graph\">{\"@context\":\"https:\/\/schema.org\",\"@graph\":[{\"@type\":[\"WebPage\",\"ItemPage\"],\"@id\":\"https:\/\/joyasyasmin.com\/pt-pt\/producto\/pulseira-turquesa-bali\/\",\"url\":\"https:\/\/joyasyasmin.com\/pt-pt\/producto\/pulseira-turquesa-bali\/\",\"name\":\"Pulseira Turquesa Bali - Yasmin\",\"isPartOf\":{\"@id\":\"https:\/\/joyasyasmin.com\/pt-pt\/#website\"},\"primaryImageOfPage\":{\"@id\":\"https:\/\/joyasyasmin.com\/pt-pt\/producto\/pulseira-turquesa-bali\/#primaryimage\"},\"image\":{\"@id\":\"https:\/\/joyasyasmin.com\/pt-pt\/producto\/pulseira-turquesa-bali\/#primaryimage\"},\"thumbnailUrl\":\"https:\/\/joyasyasmin.com\/wp-content\/uploads\/2022\/03\/pulsera-turquesa-bali.jpg\",\"datePublished\":\"2022-03-11T22:09:09+00:00\",\"dateModified\":\"2025-01-16T19:18:01+00:00\",\"description\":\"A pulseira turquesa Bali \u00e9 feita de prata esterlina 925, inspirada nos designs balin\u00eas, voc\u00ea pode combin\u00e1-la com outras roupas de pulseira. Voc\u00ea vai se apaixonar!\",\"breadcrumb\":{\"@id\":\"https:\/\/joyasyasmin.com\/pt-pt\/producto\/pulseira-turquesa-bali\/#breadcrumb\"},\"inLanguage\":\"pt-PT\",\"potentialAction\":[{\"@type\":\"ReadAction\",\"target\":[\"https:\/\/joyasyasmin.com\/pt-pt\/producto\/pulseira-turquesa-bali\/\"]}]},{\"@type\":\"ImageObject\",\"inLanguage\":\"pt-PT\",\"@id\":\"https:\/\/joyasyasmin.com\/pt-pt\/producto\/pulseira-turquesa-bali\/#primaryimage\",\"url\":\"https:\/\/joyasyasmin.com\/wp-content\/uploads\/2022\/03\/pulsera-turquesa-bali.jpg\",\"contentUrl\":\"https:\/\/joyasyasmin.com\/wp-content\/uploads\/2022\/03\/pulsera-turquesa-bali.jpg\",\"width\":1960,\"height\":1960,\"caption\":\"Pulseira de pedra turquesa para venda com Bali Design\"},{\"@type\":\"BreadcrumbList\",\"@id\":\"https:\/\/joyasyasmin.com\/pt-pt\/producto\/pulseira-turquesa-bali\/#breadcrumb\",\"itemListElement\":[{\"@type\":\"ListItem\",\"position\":1,\"name\":\"Portada\",\"item\":\"https:\/\/joyasyasmin.com\/pt-pt\/casa\/\"},{\"@type\":\"ListItem\",\"position\":2,\"name\":\"Shop\",\"item\":\"https:\/\/joyasyasmin.com\/pt-pt\/shop\/\"},{\"@type\":\"ListItem\",\"position\":3,\"name\":\"Pulseira Turquesa Bali\"}]},{\"@type\":\"WebSite\",\"@id\":\"https:\/\/joyasyasmin.com\/pt-pt\/#website\",\"url\":\"https:\/\/joyasyasmin.com\/pt-pt\/\",\"name\":\"Yasmin\",\"description\":\"Joyer\u00eda de Plata 925 - Pendientes, pulseras, anillos, colgantes y m\u00e1s!\",\"publisher\":{\"@id\":\"https:\/\/joyasyasmin.com\/pt-pt\/#organization\"},\"potentialAction\":[{\"@type\":\"SearchAction\",\"target\":{\"@type\":\"EntryPoint\",\"urlTemplate\":\"https:\/\/joyasyasmin.com\/pt-pt\/?s={search_term_string}\"},\"query-input\":{\"@type\":\"PropertyValueSpecification\",\"valueRequired\":true,\"valueName\":\"search_term_string\"}}],\"inLanguage\":\"pt-PT\"},{\"@type\":\"Organization\",\"@id\":\"https:\/\/joyasyasmin.com\/pt-pt\/#organization\",\"name\":\"joyas yasmin\",\"url\":\"https:\/\/joyasyasmin.com\/pt-pt\/\",\"logo\":{\"@type\":\"ImageObject\",\"inLanguage\":\"pt-PT\",\"@id\":\"https:\/\/joyasyasmin.com\/pt-pt\/#\/schema\/logo\/image\/\",\"url\":\"https:\/\/joyasyasmin.com\/wp-content\/uploads\/2017\/06\/IMG-20200429-WA0051.jpg\",\"contentUrl\":\"https:\/\/joyasyasmin.com\/wp-content\/uploads\/2017\/06\/IMG-20200429-WA0051.jpg\",\"width\":1080,\"height\":545,\"caption\":\"joyas yasmin\"},\"image\":{\"@id\":\"https:\/\/joyasyasmin.com\/pt-pt\/#\/schema\/logo\/image\/\"},\"sameAs\":[\"https:\/\/www.facebook.com\/Joyas-Yasmin-217664058934169\/\",\"https:\/\/www.instagram.com\/invites\/contact\/\"]}]}<\/script>\n<!-- \/ Yoast SEO plugin. -->","yoast_head_json":{"title":"Pulseira Turquesa Bali - Yasmin","description":"A pulseira turquesa Bali \u00e9 feita de prata esterlina 925, inspirada nos designs balin\u00eas, voc\u00ea pode combin\u00e1-la com outras roupas de pulseira. Voc\u00ea vai se apaixonar!","robots":{"index":"index","follow":"follow","max-snippet":"max-snippet:-1","max-image-preview":"max-image-preview:large","max-video-preview":"max-video-preview:-1"},"canonical":"https:\/\/joyasyasmin.com\/pt-pt\/producto\/pulseira-turquesa-bali\/","og_locale":"pt_PT","og_title":"Pulseira Turquesa Bali - Yasmin","og_description":"A pulseira turquesa Bali \u00e9 feita de prata esterlina 925, inspirada nos designs balin\u00eas, voc\u00ea pode combin\u00e1-la com outras roupas de pulseira. Voc\u00ea vai se apaixonar!","og_url":"https:\/\/joyasyasmin.com\/pt-pt\/producto\/pulseira-turquesa-bali\/","og_site_name":"Yasmin","article_publisher":"https:\/\/www.facebook.com\/Joyas-Yasmin-217664058934169\/","article_modified_time":"2025-01-16T19:18:01+00:00","og_image":[{"width":1960,"height":1960,"url":"https:\/\/joyasyasmin.com\/wp-content\/uploads\/2022\/03\/pulsera-turquesa-bali.jpg","type":"image\/jpeg"}],"twitter_card":"summary_large_image","schema":{"@context":"https:\/\/schema.org","@graph":[{"@type":["WebPage","ItemPage"],"@id":"https:\/\/joyasyasmin.com\/pt-pt\/producto\/pulseira-turquesa-bali\/","url":"https:\/\/joyasyasmin.com\/pt-pt\/producto\/pulseira-turquesa-bali\/","name":"Pulseira Turquesa Bali - Yasmin","isPartOf":{"@id":"https:\/\/joyasyasmin.com\/pt-pt\/#website"},"primaryImageOfPage":{"@id":"https:\/\/joyasyasmin.com\/pt-pt\/producto\/pulseira-turquesa-bali\/#primaryimage"},"image":{"@id":"https:\/\/joyasyasmin.com\/pt-pt\/producto\/pulseira-turquesa-bali\/#primaryimage"},"thumbnailUrl":"https:\/\/joyasyasmin.com\/wp-content\/uploads\/2022\/03\/pulsera-turquesa-bali.jpg","datePublished":"2022-03-11T22:09:09+00:00","dateModified":"2025-01-16T19:18:01+00:00","description":"A pulseira turquesa Bali \u00e9 feita de prata esterlina 925, inspirada nos designs balin\u00eas, voc\u00ea pode combin\u00e1-la com outras roupas de pulseira. Voc\u00ea vai se apaixonar!","breadcrumb":{"@id":"https:\/\/joyasyasmin.com\/pt-pt\/producto\/pulseira-turquesa-bali\/#breadcrumb"},"inLanguage":"pt-PT","potentialAction":[{"@type":"ReadAction","target":["https:\/\/joyasyasmin.com\/pt-pt\/producto\/pulseira-turquesa-bali\/"]}]},{"@type":"ImageObject","inLanguage":"pt-PT","@id":"https:\/\/joyasyasmin.com\/pt-pt\/producto\/pulseira-turquesa-bali\/#primaryimage","url":"https:\/\/joyasyasmin.com\/wp-content\/uploads\/2022\/03\/pulsera-turquesa-bali.jpg","contentUrl":"https:\/\/joyasyasmin.com\/wp-content\/uploads\/2022\/03\/pulsera-turquesa-bali.jpg","width":1960,"height":1960,"caption":"Pulseira de pedra turquesa para venda com Bali Design"},{"@type":"BreadcrumbList","@id":"https:\/\/joyasyasmin.com\/pt-pt\/producto\/pulseira-turquesa-bali\/#breadcrumb","itemListElement":[{"@type":"ListItem","position":1,"name":"Portada","item":"https:\/\/joyasyasmin.com\/pt-pt\/casa\/"},{"@type":"ListItem","position":2,"name":"Shop","item":"https:\/\/joyasyasmin.com\/pt-pt\/shop\/"},{"@type":"ListItem","position":3,"name":"Pulseira Turquesa Bali"}]},{"@type":"WebSite","@id":"https:\/\/joyasyasmin.com\/pt-pt\/#website","url":"https:\/\/joyasyasmin.com\/pt-pt\/","name":"Yasmin","description":"Joyer\u00eda de Plata 925 - Pendientes, pulseras, anillos, colgantes y m\u00e1s!","publisher":{"@id":"https:\/\/joyasyasmin.com\/pt-pt\/#organization"},"potentialAction":[{"@type":"SearchAction","target":{"@type":"EntryPoint","urlTemplate":"https:\/\/joyasyasmin.com\/pt-pt\/?s={search_term_string}"},"query-input":{"@type":"PropertyValueSpecification","valueRequired":true,"valueName":"search_term_string"}}],"inLanguage":"pt-PT"},{"@type":"Organization","@id":"https:\/\/joyasyasmin.com\/pt-pt\/#organization","name":"joyas yasmin","url":"https:\/\/joyasyasmin.com\/pt-pt\/","logo":{"@type":"ImageObject","inLanguage":"pt-PT","@id":"https:\/\/joyasyasmin.com\/pt-pt\/#\/schema\/logo\/image\/","url":"https:\/\/joyasyasmin.com\/wp-content\/uploads\/2017\/06\/IMG-20200429-WA0051.jpg","contentUrl":"https:\/\/joyasyasmin.com\/wp-content\/uploads\/2017\/06\/IMG-20200429-WA0051.jpg","width":1080,"height":545,"caption":"joyas yasmin"},"image":{"@id":"https:\/\/joyasyasmin.com\/pt-pt\/#\/schema\/logo\/image\/"},"sameAs":["https:\/\/www.facebook.com\/Joyas-Yasmin-217664058934169\/","https:\/\/www.instagram.com\/invites\/contact\/"]}]}},"_links":{"self":[{"href":"https:\/\/joyasyasmin.com\/pt-pt\/wp-json\/wp\/v2\/product\/27049","targetHints":{"allow":["GET"]}}],"collection":[{"href":"https:\/\/joyasyasmin.com\/pt-pt\/wp-json\/wp\/v2\/product"}],"about":[{"href":"https:\/\/joyasyasmin.com\/pt-pt\/wp-json\/wp\/v2\/types\/product"}],"replies":[{"embeddable":true,"href":"https:\/\/joyasyasmin.com\/pt-pt\/wp-json\/wp\/v2\/comments?post=27049"}],"version-history":[{"count":1,"href":"https:\/\/joyasyasmin.com\/pt-pt\/wp-json\/wp\/v2\/product\/27049\/revisions"}],"predecessor-version":[{"id":29424,"href":"https:\/\/joyasyasmin.com\/pt-pt\/wp-json\/wp\/v2\/product\/27049\/revisions\/29424"}],"wp:featuredmedia":[{"embeddable":true,"href":"https:\/\/joyasyasmin.com\/pt-pt\/wp-json\/wp\/v2\/media\/27055"}],"wp:attachment":[{"href":"https:\/\/joyasyasmin.com\/pt-pt\/wp-json\/wp\/v2\/media?parent=27049"}],"wp:term":[{"taxonomy":"product_brand","embeddable":true,"href":"https:\/\/joyasyasmin.com\/pt-pt\/wp-json\/wp\/v2\/product_brand?post=27049"},{"taxonomy":"product_cat","embeddable":true,"href":"https:\/\/joyasyasmin.com\/pt-pt\/wp-json\/wp\/v2\/product_cat?post=27049"},{"taxonomy":"product_tag","embeddable":true,"href":"https:\/\/joyasyasmin.com\/pt-pt\/wp-json\/wp\/v2\/product_tag?post=27049"}],"curies":[{"name":"wp","href":"https:\/\/api.w.org\/{rel}","templated":true}]}}