{"id":27587,"date":"2021-04-26T17:24:07","date_gmt":"2021-04-26T17:24:07","guid":{"rendered":"https:\/\/joyasyasmin.com\/producto\/anel-encanto\/"},"modified":"2021-04-26T17:24:07","modified_gmt":"2021-04-26T17:24:07","slug":"anel-encanto","status":"publish","type":"product","link":"https:\/\/joyasyasmin.com\/pt-pt\/producto\/anel-encanto\/","title":{"rendered":"Anel Encanto"},"content":{"rendered":"","protected":false},"excerpt":{"rendered":"<p>Nome: Encanto Ring.<\/p>\n<p>Descri\u00e7\u00e3o: Trata-se de um anel em prata esterlina 925, com desenho em zirc\u00f3nia redonda.<\/p>\n","protected":false},"featured_media":27595,"comment_status":"open","ping_status":"closed","template":"","meta":{"_acf_changed":false,"_joinchat":[]},"product_brand":[],"product_cat":[1840],"product_tag":[4958,4959],"class_list":{"0":"post-27587","1":"product","2":"type-product","3":"status-publish","4":"has-post-thumbnail","6":"product_cat-aneis-aneis","7":"product_tag-anel-de-encontro","8":"product_tag-anel-de-zirconia-fina","10":"first","11":"instock","12":"shipping-taxable","13":"purchasable","14":"product-type-variable"},"acf":[],"yoast_head":"<!-- This site is optimized with the Yoast SEO plugin v27.2 - https:\/\/yoast.com\/product\/yoast-seo-wordpress\/ -->\n<title>Anel Encanto - Yasmin<\/title>\n<meta name=\"robots\" content=\"index, follow, max-snippet:-1, max-image-preview:large, max-video-preview:-1\" \/>\n<link rel=\"canonical\" href=\"https:\/\/joyasyasmin.com\/pt-pt\/producto\/anel-encanto\/\" \/>\n<meta property=\"og:locale\" content=\"pt_PT\" \/>\n<meta property=\"og:title\" content=\"Anel Encanto - Yasmin\" \/>\n<meta property=\"og:description\" content=\"Nome: Encanto Ring. Descri\u00e7\u00e3o: Trata-se de um anel em prata esterlina 925, com desenho em zirc\u00f3nia redonda.\" \/>\n<meta property=\"og:url\" content=\"https:\/\/joyasyasmin.com\/pt-pt\/producto\/anel-encanto\/\" \/>\n<meta property=\"og:site_name\" content=\"Yasmin\" \/>\n<meta property=\"article:publisher\" content=\"https:\/\/www.facebook.com\/Joyas-Yasmin-217664058934169\/\" \/>\n<meta property=\"og:image\" content=\"https:\/\/joyasyasmin.com\/wp-content\/uploads\/2021\/04\/Sortiija-Encanto.jpg\" \/>\n\t<meta property=\"og:image:width\" content=\"800\" \/>\n\t<meta property=\"og:image:height\" content=\"800\" \/>\n\t<meta property=\"og:image:type\" content=\"image\/jpeg\" \/>\n<meta name=\"twitter:card\" content=\"summary_large_image\" \/>\n<script type=\"application\/ld+json\" class=\"yoast-schema-graph\">{\"@context\":\"https:\/\/schema.org\",\"@graph\":[{\"@type\":[\"WebPage\",\"ItemPage\"],\"@id\":\"https:\/\/joyasyasmin.com\/pt-pt\/producto\/anel-encanto\/\",\"url\":\"https:\/\/joyasyasmin.com\/pt-pt\/producto\/anel-encanto\/\",\"name\":\"Anel Encanto - Yasmin\",\"isPartOf\":{\"@id\":\"https:\/\/joyasyasmin.com\/pt-pt\/#website\"},\"primaryImageOfPage\":{\"@id\":\"https:\/\/joyasyasmin.com\/pt-pt\/producto\/anel-encanto\/#primaryimage\"},\"image\":{\"@id\":\"https:\/\/joyasyasmin.com\/pt-pt\/producto\/anel-encanto\/#primaryimage\"},\"thumbnailUrl\":\"https:\/\/joyasyasmin.com\/wp-content\/uploads\/2021\/04\/Sortiija-Encanto.jpg\",\"datePublished\":\"2021-04-26T17:24:07+00:00\",\"breadcrumb\":{\"@id\":\"https:\/\/joyasyasmin.com\/pt-pt\/producto\/anel-encanto\/#breadcrumb\"},\"inLanguage\":\"pt-PT\",\"potentialAction\":[{\"@type\":\"ReadAction\",\"target\":[\"https:\/\/joyasyasmin.com\/pt-pt\/producto\/anel-encanto\/\"]}]},{\"@type\":\"ImageObject\",\"inLanguage\":\"pt-PT\",\"@id\":\"https:\/\/joyasyasmin.com\/pt-pt\/producto\/anel-encanto\/#primaryimage\",\"url\":\"https:\/\/joyasyasmin.com\/wp-content\/uploads\/2021\/04\/Sortiija-Encanto.jpg\",\"contentUrl\":\"https:\/\/joyasyasmin.com\/wp-content\/uploads\/2021\/04\/Sortiija-Encanto.jpg\",\"width\":800,\"height\":800},{\"@type\":\"BreadcrumbList\",\"@id\":\"https:\/\/joyasyasmin.com\/pt-pt\/producto\/anel-encanto\/#breadcrumb\",\"itemListElement\":[{\"@type\":\"ListItem\",\"position\":1,\"name\":\"Portada\",\"item\":\"https:\/\/joyasyasmin.com\/pt-pt\/casa\/\"},{\"@type\":\"ListItem\",\"position\":2,\"name\":\"Shop\",\"item\":\"https:\/\/joyasyasmin.com\/pt-pt\/shop\/\"},{\"@type\":\"ListItem\",\"position\":3,\"name\":\"Anel Encanto\"}]},{\"@type\":\"WebSite\",\"@id\":\"https:\/\/joyasyasmin.com\/pt-pt\/#website\",\"url\":\"https:\/\/joyasyasmin.com\/pt-pt\/\",\"name\":\"Yasmin\",\"description\":\"Joyer\u00eda de Plata 925 - Pendientes, pulseras, anillos, colgantes y m\u00e1s!\",\"publisher\":{\"@id\":\"https:\/\/joyasyasmin.com\/pt-pt\/#organization\"},\"potentialAction\":[{\"@type\":\"SearchAction\",\"target\":{\"@type\":\"EntryPoint\",\"urlTemplate\":\"https:\/\/joyasyasmin.com\/pt-pt\/?s={search_term_string}\"},\"query-input\":{\"@type\":\"PropertyValueSpecification\",\"valueRequired\":true,\"valueName\":\"search_term_string\"}}],\"inLanguage\":\"pt-PT\"},{\"@type\":\"Organization\",\"@id\":\"https:\/\/joyasyasmin.com\/pt-pt\/#organization\",\"name\":\"joyas yasmin\",\"url\":\"https:\/\/joyasyasmin.com\/pt-pt\/\",\"logo\":{\"@type\":\"ImageObject\",\"inLanguage\":\"pt-PT\",\"@id\":\"https:\/\/joyasyasmin.com\/pt-pt\/#\/schema\/logo\/image\/\",\"url\":\"https:\/\/joyasyasmin.com\/wp-content\/uploads\/2017\/06\/IMG-20200429-WA0051.jpg\",\"contentUrl\":\"https:\/\/joyasyasmin.com\/wp-content\/uploads\/2017\/06\/IMG-20200429-WA0051.jpg\",\"width\":1080,\"height\":545,\"caption\":\"joyas yasmin\"},\"image\":{\"@id\":\"https:\/\/joyasyasmin.com\/pt-pt\/#\/schema\/logo\/image\/\"},\"sameAs\":[\"https:\/\/www.facebook.com\/Joyas-Yasmin-217664058934169\/\",\"https:\/\/www.instagram.com\/invites\/contact\/\"]}]}<\/script>\n<!-- \/ Yoast SEO plugin. -->","yoast_head_json":{"title":"Anel Encanto - Yasmin","robots":{"index":"index","follow":"follow","max-snippet":"max-snippet:-1","max-image-preview":"max-image-preview:large","max-video-preview":"max-video-preview:-1"},"canonical":"https:\/\/joyasyasmin.com\/pt-pt\/producto\/anel-encanto\/","og_locale":"pt_PT","og_title":"Anel Encanto - Yasmin","og_description":"Nome: Encanto Ring. Descri\u00e7\u00e3o: Trata-se de um anel em prata esterlina 925, com desenho em zirc\u00f3nia redonda.","og_url":"https:\/\/joyasyasmin.com\/pt-pt\/producto\/anel-encanto\/","og_site_name":"Yasmin","article_publisher":"https:\/\/www.facebook.com\/Joyas-Yasmin-217664058934169\/","og_image":[{"width":800,"height":800,"url":"https:\/\/joyasyasmin.com\/wp-content\/uploads\/2021\/04\/Sortiija-Encanto.jpg","type":"image\/jpeg"}],"twitter_card":"summary_large_image","schema":{"@context":"https:\/\/schema.org","@graph":[{"@type":["WebPage","ItemPage"],"@id":"https:\/\/joyasyasmin.com\/pt-pt\/producto\/anel-encanto\/","url":"https:\/\/joyasyasmin.com\/pt-pt\/producto\/anel-encanto\/","name":"Anel Encanto - Yasmin","isPartOf":{"@id":"https:\/\/joyasyasmin.com\/pt-pt\/#website"},"primaryImageOfPage":{"@id":"https:\/\/joyasyasmin.com\/pt-pt\/producto\/anel-encanto\/#primaryimage"},"image":{"@id":"https:\/\/joyasyasmin.com\/pt-pt\/producto\/anel-encanto\/#primaryimage"},"thumbnailUrl":"https:\/\/joyasyasmin.com\/wp-content\/uploads\/2021\/04\/Sortiija-Encanto.jpg","datePublished":"2021-04-26T17:24:07+00:00","breadcrumb":{"@id":"https:\/\/joyasyasmin.com\/pt-pt\/producto\/anel-encanto\/#breadcrumb"},"inLanguage":"pt-PT","potentialAction":[{"@type":"ReadAction","target":["https:\/\/joyasyasmin.com\/pt-pt\/producto\/anel-encanto\/"]}]},{"@type":"ImageObject","inLanguage":"pt-PT","@id":"https:\/\/joyasyasmin.com\/pt-pt\/producto\/anel-encanto\/#primaryimage","url":"https:\/\/joyasyasmin.com\/wp-content\/uploads\/2021\/04\/Sortiija-Encanto.jpg","contentUrl":"https:\/\/joyasyasmin.com\/wp-content\/uploads\/2021\/04\/Sortiija-Encanto.jpg","width":800,"height":800},{"@type":"BreadcrumbList","@id":"https:\/\/joyasyasmin.com\/pt-pt\/producto\/anel-encanto\/#breadcrumb","itemListElement":[{"@type":"ListItem","position":1,"name":"Portada","item":"https:\/\/joyasyasmin.com\/pt-pt\/casa\/"},{"@type":"ListItem","position":2,"name":"Shop","item":"https:\/\/joyasyasmin.com\/pt-pt\/shop\/"},{"@type":"ListItem","position":3,"name":"Anel Encanto"}]},{"@type":"WebSite","@id":"https:\/\/joyasyasmin.com\/pt-pt\/#website","url":"https:\/\/joyasyasmin.com\/pt-pt\/","name":"Yasmin","description":"Joyer\u00eda de Plata 925 - Pendientes, pulseras, anillos, colgantes y m\u00e1s!","publisher":{"@id":"https:\/\/joyasyasmin.com\/pt-pt\/#organization"},"potentialAction":[{"@type":"SearchAction","target":{"@type":"EntryPoint","urlTemplate":"https:\/\/joyasyasmin.com\/pt-pt\/?s={search_term_string}"},"query-input":{"@type":"PropertyValueSpecification","valueRequired":true,"valueName":"search_term_string"}}],"inLanguage":"pt-PT"},{"@type":"Organization","@id":"https:\/\/joyasyasmin.com\/pt-pt\/#organization","name":"joyas yasmin","url":"https:\/\/joyasyasmin.com\/pt-pt\/","logo":{"@type":"ImageObject","inLanguage":"pt-PT","@id":"https:\/\/joyasyasmin.com\/pt-pt\/#\/schema\/logo\/image\/","url":"https:\/\/joyasyasmin.com\/wp-content\/uploads\/2017\/06\/IMG-20200429-WA0051.jpg","contentUrl":"https:\/\/joyasyasmin.com\/wp-content\/uploads\/2017\/06\/IMG-20200429-WA0051.jpg","width":1080,"height":545,"caption":"joyas yasmin"},"image":{"@id":"https:\/\/joyasyasmin.com\/pt-pt\/#\/schema\/logo\/image\/"},"sameAs":["https:\/\/www.facebook.com\/Joyas-Yasmin-217664058934169\/","https:\/\/www.instagram.com\/invites\/contact\/"]}]}},"_links":{"self":[{"href":"https:\/\/joyasyasmin.com\/pt-pt\/wp-json\/wp\/v2\/product\/27587","targetHints":{"allow":["GET"]}}],"collection":[{"href":"https:\/\/joyasyasmin.com\/pt-pt\/wp-json\/wp\/v2\/product"}],"about":[{"href":"https:\/\/joyasyasmin.com\/pt-pt\/wp-json\/wp\/v2\/types\/product"}],"replies":[{"embeddable":true,"href":"https:\/\/joyasyasmin.com\/pt-pt\/wp-json\/wp\/v2\/comments?post=27587"}],"version-history":[{"count":0,"href":"https:\/\/joyasyasmin.com\/pt-pt\/wp-json\/wp\/v2\/product\/27587\/revisions"}],"wp:featuredmedia":[{"embeddable":true,"href":"https:\/\/joyasyasmin.com\/pt-pt\/wp-json\/wp\/v2\/media\/27595"}],"wp:attachment":[{"href":"https:\/\/joyasyasmin.com\/pt-pt\/wp-json\/wp\/v2\/media?parent=27587"}],"wp:term":[{"taxonomy":"product_brand","embeddable":true,"href":"https:\/\/joyasyasmin.com\/pt-pt\/wp-json\/wp\/v2\/product_brand?post=27587"},{"taxonomy":"product_cat","embeddable":true,"href":"https:\/\/joyasyasmin.com\/pt-pt\/wp-json\/wp\/v2\/product_cat?post=27587"},{"taxonomy":"product_tag","embeddable":true,"href":"https:\/\/joyasyasmin.com\/pt-pt\/wp-json\/wp\/v2\/product_tag?post=27587"}],"curies":[{"name":"wp","href":"https:\/\/api.w.org\/{rel}","templated":true}]}}