{"id":29378,"date":"2025-01-15T20:13:09","date_gmt":"2025-01-15T20:13:09","guid":{"rendered":"https:\/\/joyasyasmin.com\/producto\/arvore-da-vida-e-pulseira-dos-olhos\/"},"modified":"2025-08-06T07:32:03","modified_gmt":"2025-08-06T07:32:03","slug":"arvore-da-vida-e-pulseira-dos-olhos","status":"publish","type":"product","link":"https:\/\/joyasyasmin.com\/pt-pt\/producto\/arvore-da-vida-e-pulseira-dos-olhos\/","title":{"rendered":"\u00c1rvore da Vida e Pulseira dos Olhos"},"content":{"rendered":"<p>&nbsp;<\/p>\n<p>&nbsp;<\/p>\n","protected":false},"excerpt":{"rendered":"<p>Pulseira ajust\u00e1vel de 17 cm + 3 cm em prata 925, com medalh\u00f5es de 1 cm da \u00c1rvore da Vida, s\u00edmbolo de crescimento, e olhos turcos de 6 mm em v\u00e1rias cores, para prote\u00e7\u00e3o contra energias negativas. Um acess\u00f3rio elegante e significativo. <\/p>\n<p>&nbsp;<\/p>\n","protected":false},"featured_media":29260,"comment_status":"open","ping_status":"closed","template":"","meta":{"_acf_changed":false,"_joinchat":[]},"product_brand":[],"product_cat":[1781],"product_tag":[],"class_list":{"0":"post-29378","1":"product","2":"type-product","3":"status-publish","4":"has-post-thumbnail","6":"product_cat-pulseiras","8":"first","9":"instock","10":"shipping-taxable","11":"purchasable","12":"product-type-simple"},"acf":[],"yoast_head":"<!-- This site is optimized with the Yoast SEO plugin v27.2 - https:\/\/yoast.com\/product\/yoast-seo-wordpress\/ -->\n<title>\u00c1rvore da Vida e Pulseira dos Olhos - Yasmin<\/title>\n<meta name=\"description\" content=\"\u00c1rvore da Vida e Pulseira de Olhos Turcos, ajust\u00e1vel e elegante. Um acess\u00f3rio cheio de significado que oferece prote\u00e7\u00e3o e simboliza o crescimento pessoal.\" \/>\n<meta name=\"robots\" content=\"index, follow, max-snippet:-1, max-image-preview:large, max-video-preview:-1\" \/>\n<link rel=\"canonical\" href=\"https:\/\/joyasyasmin.com\/pt-pt\/producto\/arvore-da-vida-e-pulseira-dos-olhos\/\" \/>\n<meta property=\"og:locale\" content=\"pt_PT\" \/>\n<meta property=\"og:title\" content=\"\u00c1rvore da Vida e Pulseira dos Olhos - Yasmin\" \/>\n<meta property=\"og:description\" content=\"\u00c1rvore da Vida e Pulseira de Olhos Turcos, ajust\u00e1vel e elegante. Um acess\u00f3rio cheio de significado que oferece prote\u00e7\u00e3o e simboliza o crescimento pessoal.\" \/>\n<meta property=\"og:url\" content=\"https:\/\/joyasyasmin.com\/pt-pt\/producto\/arvore-da-vida-e-pulseira-dos-olhos\/\" \/>\n<meta property=\"og:site_name\" content=\"Yasmin\" \/>\n<meta property=\"article:publisher\" content=\"https:\/\/www.facebook.com\/Joyas-Yasmin-217664058934169\/\" \/>\n<meta property=\"article:modified_time\" content=\"2025-08-06T07:32:03+00:00\" \/>\n<meta property=\"og:image\" content=\"https:\/\/joyasyasmin.com\/wp-content\/uploads\/2025\/01\/pulsera-arbol-de-la-vida-y-ojos-turcos.jpg\" \/>\n\t<meta property=\"og:image:width\" content=\"1000\" \/>\n\t<meta property=\"og:image:height\" content=\"1000\" \/>\n\t<meta property=\"og:image:type\" content=\"image\/jpeg\" \/>\n<meta name=\"twitter:card\" content=\"summary_large_image\" \/>\n<script type=\"application\/ld+json\" class=\"yoast-schema-graph\">{\"@context\":\"https:\/\/schema.org\",\"@graph\":[{\"@type\":[\"WebPage\",\"ItemPage\"],\"@id\":\"https:\/\/joyasyasmin.com\/pt-pt\/producto\/arvore-da-vida-e-pulseira-dos-olhos\/\",\"url\":\"https:\/\/joyasyasmin.com\/pt-pt\/producto\/arvore-da-vida-e-pulseira-dos-olhos\/\",\"name\":\"\u00c1rvore da Vida e Pulseira dos Olhos - Yasmin\",\"isPartOf\":{\"@id\":\"https:\/\/joyasyasmin.com\/pt-pt\/#website\"},\"primaryImageOfPage\":{\"@id\":\"https:\/\/joyasyasmin.com\/pt-pt\/producto\/arvore-da-vida-e-pulseira-dos-olhos\/#primaryimage\"},\"image\":{\"@id\":\"https:\/\/joyasyasmin.com\/pt-pt\/producto\/arvore-da-vida-e-pulseira-dos-olhos\/#primaryimage\"},\"thumbnailUrl\":\"https:\/\/joyasyasmin.com\/wp-content\/uploads\/2025\/01\/pulsera-arbol-de-la-vida-y-ojos-turcos.jpg\",\"datePublished\":\"2025-01-15T20:13:09+00:00\",\"dateModified\":\"2025-08-06T07:32:03+00:00\",\"description\":\"\u00c1rvore da Vida e Pulseira de Olhos Turcos, ajust\u00e1vel e elegante. Um acess\u00f3rio cheio de significado que oferece prote\u00e7\u00e3o e simboliza o crescimento pessoal.\",\"breadcrumb\":{\"@id\":\"https:\/\/joyasyasmin.com\/pt-pt\/producto\/arvore-da-vida-e-pulseira-dos-olhos\/#breadcrumb\"},\"inLanguage\":\"pt-PT\",\"potentialAction\":[{\"@type\":\"ReadAction\",\"target\":[\"https:\/\/joyasyasmin.com\/pt-pt\/producto\/arvore-da-vida-e-pulseira-dos-olhos\/\"]}]},{\"@type\":\"ImageObject\",\"inLanguage\":\"pt-PT\",\"@id\":\"https:\/\/joyasyasmin.com\/pt-pt\/producto\/arvore-da-vida-e-pulseira-dos-olhos\/#primaryimage\",\"url\":\"https:\/\/joyasyasmin.com\/wp-content\/uploads\/2025\/01\/pulsera-arbol-de-la-vida-y-ojos-turcos.jpg\",\"contentUrl\":\"https:\/\/joyasyasmin.com\/wp-content\/uploads\/2025\/01\/pulsera-arbol-de-la-vida-y-ojos-turcos.jpg\",\"width\":1000,\"height\":1000,\"caption\":\"\u00c1rvore da Vida e Pulseira de Olhos Turcos para Venda em Prata Esterlina 925\"},{\"@type\":\"BreadcrumbList\",\"@id\":\"https:\/\/joyasyasmin.com\/pt-pt\/producto\/arvore-da-vida-e-pulseira-dos-olhos\/#breadcrumb\",\"itemListElement\":[{\"@type\":\"ListItem\",\"position\":1,\"name\":\"Portada\",\"item\":\"https:\/\/joyasyasmin.com\/pt-pt\/casa\/\"},{\"@type\":\"ListItem\",\"position\":2,\"name\":\"Shop\",\"item\":\"https:\/\/joyasyasmin.com\/pt-pt\/shop\/\"},{\"@type\":\"ListItem\",\"position\":3,\"name\":\"\u00c1rvore da Vida e Pulseira dos Olhos\"}]},{\"@type\":\"WebSite\",\"@id\":\"https:\/\/joyasyasmin.com\/pt-pt\/#website\",\"url\":\"https:\/\/joyasyasmin.com\/pt-pt\/\",\"name\":\"Yasmin\",\"description\":\"Joyer\u00eda de Plata 925 - Pendientes, pulseras, anillos, colgantes y m\u00e1s!\",\"publisher\":{\"@id\":\"https:\/\/joyasyasmin.com\/pt-pt\/#organization\"},\"potentialAction\":[{\"@type\":\"SearchAction\",\"target\":{\"@type\":\"EntryPoint\",\"urlTemplate\":\"https:\/\/joyasyasmin.com\/pt-pt\/?s={search_term_string}\"},\"query-input\":{\"@type\":\"PropertyValueSpecification\",\"valueRequired\":true,\"valueName\":\"search_term_string\"}}],\"inLanguage\":\"pt-PT\"},{\"@type\":\"Organization\",\"@id\":\"https:\/\/joyasyasmin.com\/pt-pt\/#organization\",\"name\":\"joyas yasmin\",\"url\":\"https:\/\/joyasyasmin.com\/pt-pt\/\",\"logo\":{\"@type\":\"ImageObject\",\"inLanguage\":\"pt-PT\",\"@id\":\"https:\/\/joyasyasmin.com\/pt-pt\/#\/schema\/logo\/image\/\",\"url\":\"https:\/\/joyasyasmin.com\/wp-content\/uploads\/2017\/06\/IMG-20200429-WA0051.jpg\",\"contentUrl\":\"https:\/\/joyasyasmin.com\/wp-content\/uploads\/2017\/06\/IMG-20200429-WA0051.jpg\",\"width\":1080,\"height\":545,\"caption\":\"joyas yasmin\"},\"image\":{\"@id\":\"https:\/\/joyasyasmin.com\/pt-pt\/#\/schema\/logo\/image\/\"},\"sameAs\":[\"https:\/\/www.facebook.com\/Joyas-Yasmin-217664058934169\/\",\"https:\/\/www.instagram.com\/invites\/contact\/\"]}]}<\/script>\n<!-- \/ Yoast SEO plugin. -->","yoast_head_json":{"title":"\u00c1rvore da Vida e Pulseira dos Olhos - Yasmin","description":"\u00c1rvore da Vida e Pulseira de Olhos Turcos, ajust\u00e1vel e elegante. Um acess\u00f3rio cheio de significado que oferece prote\u00e7\u00e3o e simboliza o crescimento pessoal.","robots":{"index":"index","follow":"follow","max-snippet":"max-snippet:-1","max-image-preview":"max-image-preview:large","max-video-preview":"max-video-preview:-1"},"canonical":"https:\/\/joyasyasmin.com\/pt-pt\/producto\/arvore-da-vida-e-pulseira-dos-olhos\/","og_locale":"pt_PT","og_title":"\u00c1rvore da Vida e Pulseira dos Olhos - Yasmin","og_description":"\u00c1rvore da Vida e Pulseira de Olhos Turcos, ajust\u00e1vel e elegante. Um acess\u00f3rio cheio de significado que oferece prote\u00e7\u00e3o e simboliza o crescimento pessoal.","og_url":"https:\/\/joyasyasmin.com\/pt-pt\/producto\/arvore-da-vida-e-pulseira-dos-olhos\/","og_site_name":"Yasmin","article_publisher":"https:\/\/www.facebook.com\/Joyas-Yasmin-217664058934169\/","article_modified_time":"2025-08-06T07:32:03+00:00","og_image":[{"width":1000,"height":1000,"url":"https:\/\/joyasyasmin.com\/wp-content\/uploads\/2025\/01\/pulsera-arbol-de-la-vida-y-ojos-turcos.jpg","type":"image\/jpeg"}],"twitter_card":"summary_large_image","schema":{"@context":"https:\/\/schema.org","@graph":[{"@type":["WebPage","ItemPage"],"@id":"https:\/\/joyasyasmin.com\/pt-pt\/producto\/arvore-da-vida-e-pulseira-dos-olhos\/","url":"https:\/\/joyasyasmin.com\/pt-pt\/producto\/arvore-da-vida-e-pulseira-dos-olhos\/","name":"\u00c1rvore da Vida e Pulseira dos Olhos - Yasmin","isPartOf":{"@id":"https:\/\/joyasyasmin.com\/pt-pt\/#website"},"primaryImageOfPage":{"@id":"https:\/\/joyasyasmin.com\/pt-pt\/producto\/arvore-da-vida-e-pulseira-dos-olhos\/#primaryimage"},"image":{"@id":"https:\/\/joyasyasmin.com\/pt-pt\/producto\/arvore-da-vida-e-pulseira-dos-olhos\/#primaryimage"},"thumbnailUrl":"https:\/\/joyasyasmin.com\/wp-content\/uploads\/2025\/01\/pulsera-arbol-de-la-vida-y-ojos-turcos.jpg","datePublished":"2025-01-15T20:13:09+00:00","dateModified":"2025-08-06T07:32:03+00:00","description":"\u00c1rvore da Vida e Pulseira de Olhos Turcos, ajust\u00e1vel e elegante. Um acess\u00f3rio cheio de significado que oferece prote\u00e7\u00e3o e simboliza o crescimento pessoal.","breadcrumb":{"@id":"https:\/\/joyasyasmin.com\/pt-pt\/producto\/arvore-da-vida-e-pulseira-dos-olhos\/#breadcrumb"},"inLanguage":"pt-PT","potentialAction":[{"@type":"ReadAction","target":["https:\/\/joyasyasmin.com\/pt-pt\/producto\/arvore-da-vida-e-pulseira-dos-olhos\/"]}]},{"@type":"ImageObject","inLanguage":"pt-PT","@id":"https:\/\/joyasyasmin.com\/pt-pt\/producto\/arvore-da-vida-e-pulseira-dos-olhos\/#primaryimage","url":"https:\/\/joyasyasmin.com\/wp-content\/uploads\/2025\/01\/pulsera-arbol-de-la-vida-y-ojos-turcos.jpg","contentUrl":"https:\/\/joyasyasmin.com\/wp-content\/uploads\/2025\/01\/pulsera-arbol-de-la-vida-y-ojos-turcos.jpg","width":1000,"height":1000,"caption":"\u00c1rvore da Vida e Pulseira de Olhos Turcos para Venda em Prata Esterlina 925"},{"@type":"BreadcrumbList","@id":"https:\/\/joyasyasmin.com\/pt-pt\/producto\/arvore-da-vida-e-pulseira-dos-olhos\/#breadcrumb","itemListElement":[{"@type":"ListItem","position":1,"name":"Portada","item":"https:\/\/joyasyasmin.com\/pt-pt\/casa\/"},{"@type":"ListItem","position":2,"name":"Shop","item":"https:\/\/joyasyasmin.com\/pt-pt\/shop\/"},{"@type":"ListItem","position":3,"name":"\u00c1rvore da Vida e Pulseira dos Olhos"}]},{"@type":"WebSite","@id":"https:\/\/joyasyasmin.com\/pt-pt\/#website","url":"https:\/\/joyasyasmin.com\/pt-pt\/","name":"Yasmin","description":"Joyer\u00eda de Plata 925 - Pendientes, pulseras, anillos, colgantes y m\u00e1s!","publisher":{"@id":"https:\/\/joyasyasmin.com\/pt-pt\/#organization"},"potentialAction":[{"@type":"SearchAction","target":{"@type":"EntryPoint","urlTemplate":"https:\/\/joyasyasmin.com\/pt-pt\/?s={search_term_string}"},"query-input":{"@type":"PropertyValueSpecification","valueRequired":true,"valueName":"search_term_string"}}],"inLanguage":"pt-PT"},{"@type":"Organization","@id":"https:\/\/joyasyasmin.com\/pt-pt\/#organization","name":"joyas yasmin","url":"https:\/\/joyasyasmin.com\/pt-pt\/","logo":{"@type":"ImageObject","inLanguage":"pt-PT","@id":"https:\/\/joyasyasmin.com\/pt-pt\/#\/schema\/logo\/image\/","url":"https:\/\/joyasyasmin.com\/wp-content\/uploads\/2017\/06\/IMG-20200429-WA0051.jpg","contentUrl":"https:\/\/joyasyasmin.com\/wp-content\/uploads\/2017\/06\/IMG-20200429-WA0051.jpg","width":1080,"height":545,"caption":"joyas yasmin"},"image":{"@id":"https:\/\/joyasyasmin.com\/pt-pt\/#\/schema\/logo\/image\/"},"sameAs":["https:\/\/www.facebook.com\/Joyas-Yasmin-217664058934169\/","https:\/\/www.instagram.com\/invites\/contact\/"]}]}},"_links":{"self":[{"href":"https:\/\/joyasyasmin.com\/pt-pt\/wp-json\/wp\/v2\/product\/29378","targetHints":{"allow":["GET"]}}],"collection":[{"href":"https:\/\/joyasyasmin.com\/pt-pt\/wp-json\/wp\/v2\/product"}],"about":[{"href":"https:\/\/joyasyasmin.com\/pt-pt\/wp-json\/wp\/v2\/types\/product"}],"replies":[{"embeddable":true,"href":"https:\/\/joyasyasmin.com\/pt-pt\/wp-json\/wp\/v2\/comments?post=29378"}],"version-history":[{"count":1,"href":"https:\/\/joyasyasmin.com\/pt-pt\/wp-json\/wp\/v2\/product\/29378\/revisions"}],"predecessor-version":[{"id":29389,"href":"https:\/\/joyasyasmin.com\/pt-pt\/wp-json\/wp\/v2\/product\/29378\/revisions\/29389"}],"wp:featuredmedia":[{"embeddable":true,"href":"https:\/\/joyasyasmin.com\/pt-pt\/wp-json\/wp\/v2\/media\/29260"}],"wp:attachment":[{"href":"https:\/\/joyasyasmin.com\/pt-pt\/wp-json\/wp\/v2\/media?parent=29378"}],"wp:term":[{"taxonomy":"product_brand","embeddable":true,"href":"https:\/\/joyasyasmin.com\/pt-pt\/wp-json\/wp\/v2\/product_brand?post=29378"},{"taxonomy":"product_cat","embeddable":true,"href":"https:\/\/joyasyasmin.com\/pt-pt\/wp-json\/wp\/v2\/product_cat?post=29378"},{"taxonomy":"product_tag","embeddable":true,"href":"https:\/\/joyasyasmin.com\/pt-pt\/wp-json\/wp\/v2\/product_tag?post=29378"}],"curies":[{"name":"wp","href":"https:\/\/api.w.org\/{rel}","templated":true}]}}