{"id":30625,"date":"2025-02-04T20:38:56","date_gmt":"2025-02-04T20:38:56","guid":{"rendered":"https:\/\/joyasyasmin.com\/producto\/pulseira-chave-sao-bento-e-sao-judas-tadeu\/"},"modified":"2025-10-31T22:37:11","modified_gmt":"2025-10-31T22:37:11","slug":"pulseira-chave-sao-bento-e-sao-judas-tadeu","status":"publish","type":"product","link":"https:\/\/joyasyasmin.com\/pt-pt\/producto\/pulseira-chave-sao-bento-e-sao-judas-tadeu\/","title":{"rendered":"Pulseira Chave S\u00e3o Bento e S\u00e3o Judas Tadeu"},"content":{"rendered":"","protected":false},"excerpt":{"rendered":"<p>Esta elegante pulseira \u00e9 fabricada em prata 925, com um design significativo e protetor. Possui uma corrente rolo fina de <strong>1 mm de largura<\/strong>, com um comprimento ajust\u00e1vel de <strong>17 + 3 cm<\/strong>, permitindo que se encaixe confortavelmente no pulso. <\/p>\n<ul>\n<li><strong>S\u00e3o Bento<\/strong>, conhecido por sua poderosa medalha que simboliza a prote\u00e7\u00e3o contra o mal e as energias negativas. Sua imagem \u00e9 um amuleto contra perigos espirituais e f\u00edsicos. <\/li>\n<li><strong>S\u00e3o Judas Tadeu<\/strong>, santo de causas dif\u00edceis e desesperadas, representando f\u00e9, esperan\u00e7a e ajuda nos momentos de necessidade.<\/li>\n<\/ul>\n<p>Esta pulseira n\u00e3o \u00e9 apenas um belo acess\u00f3rio, mas tamb\u00e9m um s\u00edmbolo de f\u00e9, prote\u00e7\u00e3o e b\u00ean\u00e7\u00e3o para o usu\u00e1rio. Ideal para presente ou uso pessoal. <\/p>\n","protected":false},"featured_media":30028,"comment_status":"open","ping_status":"closed","template":"","meta":{"_acf_changed":false,"_joinchat":[]},"product_brand":[],"product_cat":[1781],"product_tag":[],"class_list":{"0":"post-30625","1":"product","2":"type-product","3":"status-publish","4":"has-post-thumbnail","6":"product_cat-pulseiras","8":"first","9":"instock","10":"shipping-taxable","11":"purchasable","12":"product-type-simple"},"acf":[],"yoast_head":"<!-- This site is optimized with the Yoast SEO plugin v27.2 - https:\/\/yoast.com\/product\/yoast-seo-wordpress\/ -->\n<title>Pulseira Chave S\u00e3o Bento e S\u00e3o Judas Tadeu - Yasmin<\/title>\n<meta name=\"description\" content=\"Pulseira de chave S\u00e3o Bento e S\u00e3o Judas Tadeu, 17+3 cm, 925 prata. Corrente de rolo de 1mm. Um amuleto de prote\u00e7\u00e3o, f\u00e9 e esperan\u00e7a. Leve-o sempre consigo!\" \/>\n<meta name=\"robots\" content=\"index, follow, max-snippet:-1, max-image-preview:large, max-video-preview:-1\" \/>\n<link rel=\"canonical\" href=\"https:\/\/joyasyasmin.com\/pt-pt\/producto\/pulseira-chave-sao-bento-e-sao-judas-tadeu\/\" \/>\n<meta property=\"og:locale\" content=\"pt_PT\" \/>\n<meta property=\"og:title\" content=\"Pulseira Chave S\u00e3o Bento e S\u00e3o Judas Tadeu - Yasmin\" \/>\n<meta property=\"og:description\" content=\"Pulseira de chave S\u00e3o Bento e S\u00e3o Judas Tadeu, 17+3 cm, 925 prata. Corrente de rolo de 1mm. Um amuleto de prote\u00e7\u00e3o, f\u00e9 e esperan\u00e7a. Leve-o sempre consigo!\" \/>\n<meta property=\"og:url\" content=\"https:\/\/joyasyasmin.com\/pt-pt\/producto\/pulseira-chave-sao-bento-e-sao-judas-tadeu\/\" \/>\n<meta property=\"og:site_name\" content=\"Yasmin\" \/>\n<meta property=\"article:publisher\" content=\"https:\/\/www.facebook.com\/Joyas-Yasmin-217664058934169\/\" \/>\n<meta property=\"article:modified_time\" content=\"2025-10-31T22:37:11+00:00\" \/>\n<meta property=\"og:image\" content=\"https:\/\/joyasyasmin.com\/wp-content\/uploads\/2025\/02\/pulsera-san-judas-tadeo-y-llave.jpg\" \/>\n\t<meta property=\"og:image:width\" content=\"1000\" \/>\n\t<meta property=\"og:image:height\" content=\"1000\" \/>\n\t<meta property=\"og:image:type\" content=\"image\/jpeg\" \/>\n<meta name=\"twitter:card\" content=\"summary_large_image\" \/>\n<script type=\"application\/ld+json\" class=\"yoast-schema-graph\">{\"@context\":\"https:\/\/schema.org\",\"@graph\":[{\"@type\":[\"WebPage\",\"ItemPage\"],\"@id\":\"https:\/\/joyasyasmin.com\/pt-pt\/producto\/pulseira-chave-sao-bento-e-sao-judas-tadeu\/\",\"url\":\"https:\/\/joyasyasmin.com\/pt-pt\/producto\/pulseira-chave-sao-bento-e-sao-judas-tadeu\/\",\"name\":\"Pulseira Chave S\u00e3o Bento e S\u00e3o Judas Tadeu - Yasmin\",\"isPartOf\":{\"@id\":\"https:\/\/joyasyasmin.com\/pt-pt\/#website\"},\"primaryImageOfPage\":{\"@id\":\"https:\/\/joyasyasmin.com\/pt-pt\/producto\/pulseira-chave-sao-bento-e-sao-judas-tadeu\/#primaryimage\"},\"image\":{\"@id\":\"https:\/\/joyasyasmin.com\/pt-pt\/producto\/pulseira-chave-sao-bento-e-sao-judas-tadeu\/#primaryimage\"},\"thumbnailUrl\":\"https:\/\/joyasyasmin.com\/wp-content\/uploads\/2025\/02\/pulsera-san-judas-tadeo-y-llave.jpg\",\"datePublished\":\"2025-02-04T20:38:56+00:00\",\"dateModified\":\"2025-10-31T22:37:11+00:00\",\"description\":\"Pulseira de chave S\u00e3o Bento e S\u00e3o Judas Tadeu, 17+3 cm, 925 prata. Corrente de rolo de 1mm. Um amuleto de prote\u00e7\u00e3o, f\u00e9 e esperan\u00e7a. Leve-o sempre consigo!\",\"breadcrumb\":{\"@id\":\"https:\/\/joyasyasmin.com\/pt-pt\/producto\/pulseira-chave-sao-bento-e-sao-judas-tadeu\/#breadcrumb\"},\"inLanguage\":\"pt-PT\",\"potentialAction\":[{\"@type\":\"ReadAction\",\"target\":[\"https:\/\/joyasyasmin.com\/pt-pt\/producto\/pulseira-chave-sao-bento-e-sao-judas-tadeu\/\"]}]},{\"@type\":\"ImageObject\",\"inLanguage\":\"pt-PT\",\"@id\":\"https:\/\/joyasyasmin.com\/pt-pt\/producto\/pulseira-chave-sao-bento-e-sao-judas-tadeu\/#primaryimage\",\"url\":\"https:\/\/joyasyasmin.com\/wp-content\/uploads\/2025\/02\/pulsera-san-judas-tadeo-y-llave.jpg\",\"contentUrl\":\"https:\/\/joyasyasmin.com\/wp-content\/uploads\/2025\/02\/pulsera-san-judas-tadeo-y-llave.jpg\",\"width\":1000,\"height\":1000,\"caption\":\"Venda de Pulseira S\u00e3o Judas Tadeu e Chave S\u00e3o Bento em Prata 925\"},{\"@type\":\"BreadcrumbList\",\"@id\":\"https:\/\/joyasyasmin.com\/pt-pt\/producto\/pulseira-chave-sao-bento-e-sao-judas-tadeu\/#breadcrumb\",\"itemListElement\":[{\"@type\":\"ListItem\",\"position\":1,\"name\":\"Portada\",\"item\":\"https:\/\/joyasyasmin.com\/pt-pt\/casa\/\"},{\"@type\":\"ListItem\",\"position\":2,\"name\":\"Shop\",\"item\":\"https:\/\/joyasyasmin.com\/pt-pt\/shop\/\"},{\"@type\":\"ListItem\",\"position\":3,\"name\":\"Pulseira Chave S\u00e3o Bento e S\u00e3o Judas Tadeu\"}]},{\"@type\":\"WebSite\",\"@id\":\"https:\/\/joyasyasmin.com\/pt-pt\/#website\",\"url\":\"https:\/\/joyasyasmin.com\/pt-pt\/\",\"name\":\"Yasmin\",\"description\":\"Joyer\u00eda de Plata 925 - Pendientes, pulseras, anillos, colgantes y m\u00e1s!\",\"publisher\":{\"@id\":\"https:\/\/joyasyasmin.com\/pt-pt\/#organization\"},\"potentialAction\":[{\"@type\":\"SearchAction\",\"target\":{\"@type\":\"EntryPoint\",\"urlTemplate\":\"https:\/\/joyasyasmin.com\/pt-pt\/?s={search_term_string}\"},\"query-input\":{\"@type\":\"PropertyValueSpecification\",\"valueRequired\":true,\"valueName\":\"search_term_string\"}}],\"inLanguage\":\"pt-PT\"},{\"@type\":\"Organization\",\"@id\":\"https:\/\/joyasyasmin.com\/pt-pt\/#organization\",\"name\":\"joyas yasmin\",\"url\":\"https:\/\/joyasyasmin.com\/pt-pt\/\",\"logo\":{\"@type\":\"ImageObject\",\"inLanguage\":\"pt-PT\",\"@id\":\"https:\/\/joyasyasmin.com\/pt-pt\/#\/schema\/logo\/image\/\",\"url\":\"https:\/\/joyasyasmin.com\/wp-content\/uploads\/2017\/06\/IMG-20200429-WA0051.jpg\",\"contentUrl\":\"https:\/\/joyasyasmin.com\/wp-content\/uploads\/2017\/06\/IMG-20200429-WA0051.jpg\",\"width\":1080,\"height\":545,\"caption\":\"joyas yasmin\"},\"image\":{\"@id\":\"https:\/\/joyasyasmin.com\/pt-pt\/#\/schema\/logo\/image\/\"},\"sameAs\":[\"https:\/\/www.facebook.com\/Joyas-Yasmin-217664058934169\/\",\"https:\/\/www.instagram.com\/invites\/contact\/\"]}]}<\/script>\n<!-- \/ Yoast SEO plugin. -->","yoast_head_json":{"title":"Pulseira Chave S\u00e3o Bento e S\u00e3o Judas Tadeu - Yasmin","description":"Pulseira de chave S\u00e3o Bento e S\u00e3o Judas Tadeu, 17+3 cm, 925 prata. Corrente de rolo de 1mm. Um amuleto de prote\u00e7\u00e3o, f\u00e9 e esperan\u00e7a. Leve-o sempre consigo!","robots":{"index":"index","follow":"follow","max-snippet":"max-snippet:-1","max-image-preview":"max-image-preview:large","max-video-preview":"max-video-preview:-1"},"canonical":"https:\/\/joyasyasmin.com\/pt-pt\/producto\/pulseira-chave-sao-bento-e-sao-judas-tadeu\/","og_locale":"pt_PT","og_title":"Pulseira Chave S\u00e3o Bento e S\u00e3o Judas Tadeu - Yasmin","og_description":"Pulseira de chave S\u00e3o Bento e S\u00e3o Judas Tadeu, 17+3 cm, 925 prata. Corrente de rolo de 1mm. Um amuleto de prote\u00e7\u00e3o, f\u00e9 e esperan\u00e7a. Leve-o sempre consigo!","og_url":"https:\/\/joyasyasmin.com\/pt-pt\/producto\/pulseira-chave-sao-bento-e-sao-judas-tadeu\/","og_site_name":"Yasmin","article_publisher":"https:\/\/www.facebook.com\/Joyas-Yasmin-217664058934169\/","article_modified_time":"2025-10-31T22:37:11+00:00","og_image":[{"width":1000,"height":1000,"url":"https:\/\/joyasyasmin.com\/wp-content\/uploads\/2025\/02\/pulsera-san-judas-tadeo-y-llave.jpg","type":"image\/jpeg"}],"twitter_card":"summary_large_image","schema":{"@context":"https:\/\/schema.org","@graph":[{"@type":["WebPage","ItemPage"],"@id":"https:\/\/joyasyasmin.com\/pt-pt\/producto\/pulseira-chave-sao-bento-e-sao-judas-tadeu\/","url":"https:\/\/joyasyasmin.com\/pt-pt\/producto\/pulseira-chave-sao-bento-e-sao-judas-tadeu\/","name":"Pulseira Chave S\u00e3o Bento e S\u00e3o Judas Tadeu - Yasmin","isPartOf":{"@id":"https:\/\/joyasyasmin.com\/pt-pt\/#website"},"primaryImageOfPage":{"@id":"https:\/\/joyasyasmin.com\/pt-pt\/producto\/pulseira-chave-sao-bento-e-sao-judas-tadeu\/#primaryimage"},"image":{"@id":"https:\/\/joyasyasmin.com\/pt-pt\/producto\/pulseira-chave-sao-bento-e-sao-judas-tadeu\/#primaryimage"},"thumbnailUrl":"https:\/\/joyasyasmin.com\/wp-content\/uploads\/2025\/02\/pulsera-san-judas-tadeo-y-llave.jpg","datePublished":"2025-02-04T20:38:56+00:00","dateModified":"2025-10-31T22:37:11+00:00","description":"Pulseira de chave S\u00e3o Bento e S\u00e3o Judas Tadeu, 17+3 cm, 925 prata. Corrente de rolo de 1mm. Um amuleto de prote\u00e7\u00e3o, f\u00e9 e esperan\u00e7a. Leve-o sempre consigo!","breadcrumb":{"@id":"https:\/\/joyasyasmin.com\/pt-pt\/producto\/pulseira-chave-sao-bento-e-sao-judas-tadeu\/#breadcrumb"},"inLanguage":"pt-PT","potentialAction":[{"@type":"ReadAction","target":["https:\/\/joyasyasmin.com\/pt-pt\/producto\/pulseira-chave-sao-bento-e-sao-judas-tadeu\/"]}]},{"@type":"ImageObject","inLanguage":"pt-PT","@id":"https:\/\/joyasyasmin.com\/pt-pt\/producto\/pulseira-chave-sao-bento-e-sao-judas-tadeu\/#primaryimage","url":"https:\/\/joyasyasmin.com\/wp-content\/uploads\/2025\/02\/pulsera-san-judas-tadeo-y-llave.jpg","contentUrl":"https:\/\/joyasyasmin.com\/wp-content\/uploads\/2025\/02\/pulsera-san-judas-tadeo-y-llave.jpg","width":1000,"height":1000,"caption":"Venda de Pulseira S\u00e3o Judas Tadeu e Chave S\u00e3o Bento em Prata 925"},{"@type":"BreadcrumbList","@id":"https:\/\/joyasyasmin.com\/pt-pt\/producto\/pulseira-chave-sao-bento-e-sao-judas-tadeu\/#breadcrumb","itemListElement":[{"@type":"ListItem","position":1,"name":"Portada","item":"https:\/\/joyasyasmin.com\/pt-pt\/casa\/"},{"@type":"ListItem","position":2,"name":"Shop","item":"https:\/\/joyasyasmin.com\/pt-pt\/shop\/"},{"@type":"ListItem","position":3,"name":"Pulseira Chave S\u00e3o Bento e S\u00e3o Judas Tadeu"}]},{"@type":"WebSite","@id":"https:\/\/joyasyasmin.com\/pt-pt\/#website","url":"https:\/\/joyasyasmin.com\/pt-pt\/","name":"Yasmin","description":"Joyer\u00eda de Plata 925 - Pendientes, pulseras, anillos, colgantes y m\u00e1s!","publisher":{"@id":"https:\/\/joyasyasmin.com\/pt-pt\/#organization"},"potentialAction":[{"@type":"SearchAction","target":{"@type":"EntryPoint","urlTemplate":"https:\/\/joyasyasmin.com\/pt-pt\/?s={search_term_string}"},"query-input":{"@type":"PropertyValueSpecification","valueRequired":true,"valueName":"search_term_string"}}],"inLanguage":"pt-PT"},{"@type":"Organization","@id":"https:\/\/joyasyasmin.com\/pt-pt\/#organization","name":"joyas yasmin","url":"https:\/\/joyasyasmin.com\/pt-pt\/","logo":{"@type":"ImageObject","inLanguage":"pt-PT","@id":"https:\/\/joyasyasmin.com\/pt-pt\/#\/schema\/logo\/image\/","url":"https:\/\/joyasyasmin.com\/wp-content\/uploads\/2017\/06\/IMG-20200429-WA0051.jpg","contentUrl":"https:\/\/joyasyasmin.com\/wp-content\/uploads\/2017\/06\/IMG-20200429-WA0051.jpg","width":1080,"height":545,"caption":"joyas yasmin"},"image":{"@id":"https:\/\/joyasyasmin.com\/pt-pt\/#\/schema\/logo\/image\/"},"sameAs":["https:\/\/www.facebook.com\/Joyas-Yasmin-217664058934169\/","https:\/\/www.instagram.com\/invites\/contact\/"]}]}},"_links":{"self":[{"href":"https:\/\/joyasyasmin.com\/pt-pt\/wp-json\/wp\/v2\/product\/30625","targetHints":{"allow":["GET"]}}],"collection":[{"href":"https:\/\/joyasyasmin.com\/pt-pt\/wp-json\/wp\/v2\/product"}],"about":[{"href":"https:\/\/joyasyasmin.com\/pt-pt\/wp-json\/wp\/v2\/types\/product"}],"replies":[{"embeddable":true,"href":"https:\/\/joyasyasmin.com\/pt-pt\/wp-json\/wp\/v2\/comments?post=30625"}],"version-history":[{"count":1,"href":"https:\/\/joyasyasmin.com\/pt-pt\/wp-json\/wp\/v2\/product\/30625\/revisions"}],"predecessor-version":[{"id":34171,"href":"https:\/\/joyasyasmin.com\/pt-pt\/wp-json\/wp\/v2\/product\/30625\/revisions\/34171"}],"wp:featuredmedia":[{"embeddable":true,"href":"https:\/\/joyasyasmin.com\/pt-pt\/wp-json\/wp\/v2\/media\/30028"}],"wp:attachment":[{"href":"https:\/\/joyasyasmin.com\/pt-pt\/wp-json\/wp\/v2\/media?parent=30625"}],"wp:term":[{"taxonomy":"product_brand","embeddable":true,"href":"https:\/\/joyasyasmin.com\/pt-pt\/wp-json\/wp\/v2\/product_brand?post=30625"},{"taxonomy":"product_cat","embeddable":true,"href":"https:\/\/joyasyasmin.com\/pt-pt\/wp-json\/wp\/v2\/product_cat?post=30625"},{"taxonomy":"product_tag","embeddable":true,"href":"https:\/\/joyasyasmin.com\/pt-pt\/wp-json\/wp\/v2\/product_tag?post=30625"}],"curies":[{"name":"wp","href":"https:\/\/api.w.org\/{rel}","templated":true}]}}