{"id":30645,"date":"2025-02-13T15:18:29","date_gmt":"2025-02-13T15:18:29","guid":{"rendered":"https:\/\/joyasyasmin.com\/producto\/pingente-de-protecao-dupla\/"},"modified":"2025-05-13T11:03:48","modified_gmt":"2025-05-13T11:03:48","slug":"pingente-de-protecao-dupla","status":"publish","type":"product","link":"https:\/\/joyasyasmin.com\/pt-pt\/producto\/pingente-de-protecao-dupla\/","title":{"rendered":"Pingente de Prote\u00e7\u00e3o Dupla"},"content":{"rendered":"","protected":false},"excerpt":{"rendered":"<p data-start=\"183\" data-end=\"288\">Carregue a prote\u00e7\u00e3o e a b\u00ean\u00e7\u00e3o de dois dos santos mais poderosos com este pingente exclusivo.<\/p>\n<p data-start=\"290\" data-end=\"628\">\u2728 <strong data-start=\"292\" data-end=\"308\">Design \u00fanico<\/strong>: Uma elegante chave de S\u00e3o Bento entrela\u00e7ada com a medalha de S\u00e3o Judas Tadeu, criando um amuleto de f\u00e9 e prote\u00e7\u00e3o.<\/p>\n<p data-start=\"290\" data-end=\"628\">Fabricado em prata 925, garantindo qualidade e durabilidade. Tem 5 cm de comprimento.<br data-start=\"515\" data-end=\"518\">Compre-o sozinho ou com uma corrente de 45 cm. \ud83d\udd39 <em data-start=\"666\" data-end=\"687\">Chave de S\u00e3o Bento<\/em>: Representa prote\u00e7\u00e3o contra o mal, ajuda nos momentos de dificuldade e abre caminhos de b\u00ean\u00e7\u00e3o.<br data-start=\"786\" data-end=\"789\">\ud83d\udd39 <em data-start=\"792\" data-end=\"820\">Medalha de S\u00e3o Judas Tadeu<\/em>: S\u00edmbolo de esperan\u00e7a e ajuda em causas dif\u00edceis e imposs\u00edveis. <\/p>\n<p data-start=\"890\" data-end=\"1004\">Ideal para quem procura um acess\u00f3rio com significado e estilo. Leve-o consigo ou d\u00ea-o a algu\u00e9m especial! <\/p>\n","protected":false},"featured_media":30189,"comment_status":"open","ping_status":"closed","template":"","meta":{"_acf_changed":false,"_joinchat":[]},"product_brand":[],"product_cat":[1872],"product_tag":[],"class_list":{"0":"post-30645","1":"product","2":"type-product","3":"status-publish","4":"has-post-thumbnail","6":"product_cat-pingentes","8":"first","9":"instock","10":"shipping-taxable","11":"purchasable","12":"product-type-variable"},"acf":[],"yoast_head":"<!-- This site is optimized with the Yoast SEO plugin v27.2 - https:\/\/yoast.com\/product\/yoast-seo-wordpress\/ -->\n<title>Pingente de Prote\u00e7\u00e3o Dupla - Yasmin<\/title>\n<meta name=\"description\" content=\"Pingente Chave de S\u00e3o Bento com Medalha de S\u00e3o Judas Tadeu em prata 925. Prote\u00e7\u00e3o e f\u00e9 num design \u00fanico. Dispon\u00edvel sozinho ou com corrente de 45 cm.\" \/>\n<meta name=\"robots\" content=\"index, follow, max-snippet:-1, max-image-preview:large, max-video-preview:-1\" \/>\n<link rel=\"canonical\" href=\"https:\/\/joyasyasmin.com\/pt-pt\/producto\/pingente-de-protecao-dupla\/\" \/>\n<meta property=\"og:locale\" content=\"pt_PT\" \/>\n<meta property=\"og:title\" content=\"Pingente de Prote\u00e7\u00e3o Dupla - Yasmin\" \/>\n<meta property=\"og:description\" content=\"Pingente Chave de S\u00e3o Bento com Medalha de S\u00e3o Judas Tadeu em prata 925. Prote\u00e7\u00e3o e f\u00e9 num design \u00fanico. Dispon\u00edvel sozinho ou com corrente de 45 cm.\" \/>\n<meta property=\"og:url\" content=\"https:\/\/joyasyasmin.com\/pt-pt\/producto\/pingente-de-protecao-dupla\/\" \/>\n<meta property=\"og:site_name\" content=\"Yasmin\" \/>\n<meta property=\"article:publisher\" content=\"https:\/\/www.facebook.com\/Joyas-Yasmin-217664058934169\/\" \/>\n<meta property=\"article:modified_time\" content=\"2025-05-13T11:03:48+00:00\" \/>\n<meta property=\"og:image\" content=\"https:\/\/joyasyasmin.com\/wp-content\/uploads\/2025\/02\/colgante-llave-san-benito-y-san-judas-tadeo.jpg\" \/>\n\t<meta property=\"og:image:width\" content=\"1000\" \/>\n\t<meta property=\"og:image:height\" content=\"1000\" \/>\n\t<meta property=\"og:image:type\" content=\"image\/jpeg\" \/>\n<meta name=\"twitter:card\" content=\"summary_large_image\" \/>\n<script type=\"application\/ld+json\" class=\"yoast-schema-graph\">{\"@context\":\"https:\/\/schema.org\",\"@graph\":[{\"@type\":[\"WebPage\",\"ItemPage\"],\"@id\":\"https:\/\/joyasyasmin.com\/pt-pt\/producto\/pingente-de-protecao-dupla\/\",\"url\":\"https:\/\/joyasyasmin.com\/pt-pt\/producto\/pingente-de-protecao-dupla\/\",\"name\":\"Pingente de Prote\u00e7\u00e3o Dupla - Yasmin\",\"isPartOf\":{\"@id\":\"https:\/\/joyasyasmin.com\/pt-pt\/#website\"},\"primaryImageOfPage\":{\"@id\":\"https:\/\/joyasyasmin.com\/pt-pt\/producto\/pingente-de-protecao-dupla\/#primaryimage\"},\"image\":{\"@id\":\"https:\/\/joyasyasmin.com\/pt-pt\/producto\/pingente-de-protecao-dupla\/#primaryimage\"},\"thumbnailUrl\":\"https:\/\/joyasyasmin.com\/wp-content\/uploads\/2025\/02\/colgante-llave-san-benito-y-san-judas-tadeo.jpg\",\"datePublished\":\"2025-02-13T15:18:29+00:00\",\"dateModified\":\"2025-05-13T11:03:48+00:00\",\"description\":\"Pingente Chave de S\u00e3o Bento com Medalha de S\u00e3o Judas Tadeu em prata 925. Prote\u00e7\u00e3o e f\u00e9 num design \u00fanico. Dispon\u00edvel sozinho ou com corrente de 45 cm.\",\"breadcrumb\":{\"@id\":\"https:\/\/joyasyasmin.com\/pt-pt\/producto\/pingente-de-protecao-dupla\/#breadcrumb\"},\"inLanguage\":\"pt-PT\",\"potentialAction\":[{\"@type\":\"ReadAction\",\"target\":[\"https:\/\/joyasyasmin.com\/pt-pt\/producto\/pingente-de-protecao-dupla\/\"]}]},{\"@type\":\"ImageObject\",\"inLanguage\":\"pt-PT\",\"@id\":\"https:\/\/joyasyasmin.com\/pt-pt\/producto\/pingente-de-protecao-dupla\/#primaryimage\",\"url\":\"https:\/\/joyasyasmin.com\/wp-content\/uploads\/2025\/02\/colgante-llave-san-benito-y-san-judas-tadeo.jpg\",\"contentUrl\":\"https:\/\/joyasyasmin.com\/wp-content\/uploads\/2025\/02\/colgante-llave-san-benito-y-san-judas-tadeo.jpg\",\"width\":1000,\"height\":1000,\"caption\":\"Pingente de venda da chave San Benito e San Jude Tadeo feito de prata esterlina 925\"},{\"@type\":\"BreadcrumbList\",\"@id\":\"https:\/\/joyasyasmin.com\/pt-pt\/producto\/pingente-de-protecao-dupla\/#breadcrumb\",\"itemListElement\":[{\"@type\":\"ListItem\",\"position\":1,\"name\":\"Portada\",\"item\":\"https:\/\/joyasyasmin.com\/pt-pt\/casa\/\"},{\"@type\":\"ListItem\",\"position\":2,\"name\":\"Shop\",\"item\":\"https:\/\/joyasyasmin.com\/pt-pt\/shop\/\"},{\"@type\":\"ListItem\",\"position\":3,\"name\":\"Pingente de Prote\u00e7\u00e3o Dupla\"}]},{\"@type\":\"WebSite\",\"@id\":\"https:\/\/joyasyasmin.com\/pt-pt\/#website\",\"url\":\"https:\/\/joyasyasmin.com\/pt-pt\/\",\"name\":\"Yasmin\",\"description\":\"Joyer\u00eda de Plata 925 - Pendientes, pulseras, anillos, colgantes y m\u00e1s!\",\"publisher\":{\"@id\":\"https:\/\/joyasyasmin.com\/pt-pt\/#organization\"},\"potentialAction\":[{\"@type\":\"SearchAction\",\"target\":{\"@type\":\"EntryPoint\",\"urlTemplate\":\"https:\/\/joyasyasmin.com\/pt-pt\/?s={search_term_string}\"},\"query-input\":{\"@type\":\"PropertyValueSpecification\",\"valueRequired\":true,\"valueName\":\"search_term_string\"}}],\"inLanguage\":\"pt-PT\"},{\"@type\":\"Organization\",\"@id\":\"https:\/\/joyasyasmin.com\/pt-pt\/#organization\",\"name\":\"joyas yasmin\",\"url\":\"https:\/\/joyasyasmin.com\/pt-pt\/\",\"logo\":{\"@type\":\"ImageObject\",\"inLanguage\":\"pt-PT\",\"@id\":\"https:\/\/joyasyasmin.com\/pt-pt\/#\/schema\/logo\/image\/\",\"url\":\"https:\/\/joyasyasmin.com\/wp-content\/uploads\/2017\/06\/IMG-20200429-WA0051.jpg\",\"contentUrl\":\"https:\/\/joyasyasmin.com\/wp-content\/uploads\/2017\/06\/IMG-20200429-WA0051.jpg\",\"width\":1080,\"height\":545,\"caption\":\"joyas yasmin\"},\"image\":{\"@id\":\"https:\/\/joyasyasmin.com\/pt-pt\/#\/schema\/logo\/image\/\"},\"sameAs\":[\"https:\/\/www.facebook.com\/Joyas-Yasmin-217664058934169\/\",\"https:\/\/www.instagram.com\/invites\/contact\/\"]}]}<\/script>\n<!-- \/ Yoast SEO plugin. -->","yoast_head_json":{"title":"Pingente de Prote\u00e7\u00e3o Dupla - Yasmin","description":"Pingente Chave de S\u00e3o Bento com Medalha de S\u00e3o Judas Tadeu em prata 925. Prote\u00e7\u00e3o e f\u00e9 num design \u00fanico. Dispon\u00edvel sozinho ou com corrente de 45 cm.","robots":{"index":"index","follow":"follow","max-snippet":"max-snippet:-1","max-image-preview":"max-image-preview:large","max-video-preview":"max-video-preview:-1"},"canonical":"https:\/\/joyasyasmin.com\/pt-pt\/producto\/pingente-de-protecao-dupla\/","og_locale":"pt_PT","og_title":"Pingente de Prote\u00e7\u00e3o Dupla - Yasmin","og_description":"Pingente Chave de S\u00e3o Bento com Medalha de S\u00e3o Judas Tadeu em prata 925. Prote\u00e7\u00e3o e f\u00e9 num design \u00fanico. Dispon\u00edvel sozinho ou com corrente de 45 cm.","og_url":"https:\/\/joyasyasmin.com\/pt-pt\/producto\/pingente-de-protecao-dupla\/","og_site_name":"Yasmin","article_publisher":"https:\/\/www.facebook.com\/Joyas-Yasmin-217664058934169\/","article_modified_time":"2025-05-13T11:03:48+00:00","og_image":[{"width":1000,"height":1000,"url":"https:\/\/joyasyasmin.com\/wp-content\/uploads\/2025\/02\/colgante-llave-san-benito-y-san-judas-tadeo.jpg","type":"image\/jpeg"}],"twitter_card":"summary_large_image","schema":{"@context":"https:\/\/schema.org","@graph":[{"@type":["WebPage","ItemPage"],"@id":"https:\/\/joyasyasmin.com\/pt-pt\/producto\/pingente-de-protecao-dupla\/","url":"https:\/\/joyasyasmin.com\/pt-pt\/producto\/pingente-de-protecao-dupla\/","name":"Pingente de Prote\u00e7\u00e3o Dupla - Yasmin","isPartOf":{"@id":"https:\/\/joyasyasmin.com\/pt-pt\/#website"},"primaryImageOfPage":{"@id":"https:\/\/joyasyasmin.com\/pt-pt\/producto\/pingente-de-protecao-dupla\/#primaryimage"},"image":{"@id":"https:\/\/joyasyasmin.com\/pt-pt\/producto\/pingente-de-protecao-dupla\/#primaryimage"},"thumbnailUrl":"https:\/\/joyasyasmin.com\/wp-content\/uploads\/2025\/02\/colgante-llave-san-benito-y-san-judas-tadeo.jpg","datePublished":"2025-02-13T15:18:29+00:00","dateModified":"2025-05-13T11:03:48+00:00","description":"Pingente Chave de S\u00e3o Bento com Medalha de S\u00e3o Judas Tadeu em prata 925. Prote\u00e7\u00e3o e f\u00e9 num design \u00fanico. Dispon\u00edvel sozinho ou com corrente de 45 cm.","breadcrumb":{"@id":"https:\/\/joyasyasmin.com\/pt-pt\/producto\/pingente-de-protecao-dupla\/#breadcrumb"},"inLanguage":"pt-PT","potentialAction":[{"@type":"ReadAction","target":["https:\/\/joyasyasmin.com\/pt-pt\/producto\/pingente-de-protecao-dupla\/"]}]},{"@type":"ImageObject","inLanguage":"pt-PT","@id":"https:\/\/joyasyasmin.com\/pt-pt\/producto\/pingente-de-protecao-dupla\/#primaryimage","url":"https:\/\/joyasyasmin.com\/wp-content\/uploads\/2025\/02\/colgante-llave-san-benito-y-san-judas-tadeo.jpg","contentUrl":"https:\/\/joyasyasmin.com\/wp-content\/uploads\/2025\/02\/colgante-llave-san-benito-y-san-judas-tadeo.jpg","width":1000,"height":1000,"caption":"Pingente de venda da chave San Benito e San Jude Tadeo feito de prata esterlina 925"},{"@type":"BreadcrumbList","@id":"https:\/\/joyasyasmin.com\/pt-pt\/producto\/pingente-de-protecao-dupla\/#breadcrumb","itemListElement":[{"@type":"ListItem","position":1,"name":"Portada","item":"https:\/\/joyasyasmin.com\/pt-pt\/casa\/"},{"@type":"ListItem","position":2,"name":"Shop","item":"https:\/\/joyasyasmin.com\/pt-pt\/shop\/"},{"@type":"ListItem","position":3,"name":"Pingente de Prote\u00e7\u00e3o Dupla"}]},{"@type":"WebSite","@id":"https:\/\/joyasyasmin.com\/pt-pt\/#website","url":"https:\/\/joyasyasmin.com\/pt-pt\/","name":"Yasmin","description":"Joyer\u00eda de Plata 925 - Pendientes, pulseras, anillos, colgantes y m\u00e1s!","publisher":{"@id":"https:\/\/joyasyasmin.com\/pt-pt\/#organization"},"potentialAction":[{"@type":"SearchAction","target":{"@type":"EntryPoint","urlTemplate":"https:\/\/joyasyasmin.com\/pt-pt\/?s={search_term_string}"},"query-input":{"@type":"PropertyValueSpecification","valueRequired":true,"valueName":"search_term_string"}}],"inLanguage":"pt-PT"},{"@type":"Organization","@id":"https:\/\/joyasyasmin.com\/pt-pt\/#organization","name":"joyas yasmin","url":"https:\/\/joyasyasmin.com\/pt-pt\/","logo":{"@type":"ImageObject","inLanguage":"pt-PT","@id":"https:\/\/joyasyasmin.com\/pt-pt\/#\/schema\/logo\/image\/","url":"https:\/\/joyasyasmin.com\/wp-content\/uploads\/2017\/06\/IMG-20200429-WA0051.jpg","contentUrl":"https:\/\/joyasyasmin.com\/wp-content\/uploads\/2017\/06\/IMG-20200429-WA0051.jpg","width":1080,"height":545,"caption":"joyas yasmin"},"image":{"@id":"https:\/\/joyasyasmin.com\/pt-pt\/#\/schema\/logo\/image\/"},"sameAs":["https:\/\/www.facebook.com\/Joyas-Yasmin-217664058934169\/","https:\/\/www.instagram.com\/invites\/contact\/"]}]}},"_links":{"self":[{"href":"https:\/\/joyasyasmin.com\/pt-pt\/wp-json\/wp\/v2\/product\/30645","targetHints":{"allow":["GET"]}}],"collection":[{"href":"https:\/\/joyasyasmin.com\/pt-pt\/wp-json\/wp\/v2\/product"}],"about":[{"href":"https:\/\/joyasyasmin.com\/pt-pt\/wp-json\/wp\/v2\/types\/product"}],"replies":[{"embeddable":true,"href":"https:\/\/joyasyasmin.com\/pt-pt\/wp-json\/wp\/v2\/comments?post=30645"}],"version-history":[{"count":1,"href":"https:\/\/joyasyasmin.com\/pt-pt\/wp-json\/wp\/v2\/product\/30645\/revisions"}],"predecessor-version":[{"id":32397,"href":"https:\/\/joyasyasmin.com\/pt-pt\/wp-json\/wp\/v2\/product\/30645\/revisions\/32397"}],"wp:featuredmedia":[{"embeddable":true,"href":"https:\/\/joyasyasmin.com\/pt-pt\/wp-json\/wp\/v2\/media\/30189"}],"wp:attachment":[{"href":"https:\/\/joyasyasmin.com\/pt-pt\/wp-json\/wp\/v2\/media?parent=30645"}],"wp:term":[{"taxonomy":"product_brand","embeddable":true,"href":"https:\/\/joyasyasmin.com\/pt-pt\/wp-json\/wp\/v2\/product_brand?post=30645"},{"taxonomy":"product_cat","embeddable":true,"href":"https:\/\/joyasyasmin.com\/pt-pt\/wp-json\/wp\/v2\/product_cat?post=30645"},{"taxonomy":"product_tag","embeddable":true,"href":"https:\/\/joyasyasmin.com\/pt-pt\/wp-json\/wp\/v2\/product_tag?post=30645"}],"curies":[{"name":"wp","href":"https:\/\/api.w.org\/{rel}","templated":true}]}}