{"id":30776,"date":"2025-02-13T15:28:59","date_gmt":"2025-02-13T15:28:59","guid":{"rendered":"https:\/\/joyasyasmin.com\/producto\/a-pulseira-dos-sete-arcanjos\/"},"modified":"2025-08-06T07:32:27","modified_gmt":"2025-08-06T07:32:27","slug":"a-pulseira-dos-sete-arcanjos","status":"publish","type":"product","link":"https:\/\/joyasyasmin.com\/pt-pt\/producto\/a-pulseira-dos-sete-arcanjos\/","title":{"rendered":"A Pulseira dos Sete Arcanjos"},"content":{"rendered":"","protected":false},"excerpt":{"rendered":"<p><strong>Pulseira Link com Medalha Laser dos Sete Arcanjos em Prata 925<\/strong><\/p>\n<p>Uma joia cheia de prote\u00e7\u00e3o e significado. Esta pulseira \u00e9 feita de prata 925 com elos de 4 mm de largura e uma medalha gravada a laser de 2 cm com a imagem dos Sete Arcanjos. O seu design ajust\u00e1vel de 18 + 3 cm permite um ajuste confort\u00e1vel e seguro.  <\/p>\n<p>Os Sete Arcanjos representam a prote\u00e7\u00e3o, a orienta\u00e7\u00e3o e a for\u00e7a espiritual divinas. Miguel \u00e9 o protetor contra o mal, Gabriel \u00e9 o mensageiro divino, Rafael \u00e9 o curandeiro, Uriel fornece sabedoria, Barachiel concede b\u00ean\u00e7\u00e3os, Jehudiel impulsiona o sucesso e Sealtiel simboliza a ora\u00e7\u00e3o e a conex\u00e3o com o divino. Use esta pulseira com voc\u00ea como um s\u00edmbolo de f\u00e9, equil\u00edbrio e energia celestial. Ideal para o uso di\u00e1rio ou como um presente especial cheio de significado.   <\/p>\n","protected":false},"featured_media":30205,"comment_status":"open","ping_status":"closed","template":"","meta":{"_acf_changed":false,"_joinchat":[]},"product_brand":[],"product_cat":[1781],"product_tag":[],"class_list":{"0":"post-30776","1":"product","2":"type-product","3":"status-publish","4":"has-post-thumbnail","6":"product_cat-pulseiras","8":"first","9":"instock","10":"shipping-taxable","11":"purchasable","12":"product-type-simple"},"acf":[],"yoast_head":"<!-- This site is optimized with the Yoast SEO plugin v27.3 - https:\/\/yoast.com\/product\/yoast-seo-wordpress\/ -->\n<title>A Pulseira dos Sete Arcanjos - Yasmin<\/title>\n<meta name=\"description\" content=\"Pulseira Link em prata 925 com medalha laser dos Sete Arcanjos. Prote\u00e7\u00e3o e f\u00e9 num design ajust\u00e1vel de 18 + 3 cm. Leve-o sempre consigo!\" \/>\n<meta name=\"robots\" content=\"index, follow, max-snippet:-1, max-image-preview:large, max-video-preview:-1\" \/>\n<link rel=\"canonical\" href=\"https:\/\/joyasyasmin.com\/pt-pt\/producto\/a-pulseira-dos-sete-arcanjos\/\" \/>\n<meta property=\"og:locale\" content=\"pt_PT\" \/>\n<meta property=\"og:title\" content=\"A Pulseira dos Sete Arcanjos - Yasmin\" \/>\n<meta property=\"og:description\" content=\"Pulseira Link em prata 925 com medalha laser dos Sete Arcanjos. Prote\u00e7\u00e3o e f\u00e9 num design ajust\u00e1vel de 18 + 3 cm. Leve-o sempre consigo!\" \/>\n<meta property=\"og:url\" content=\"https:\/\/joyasyasmin.com\/pt-pt\/producto\/a-pulseira-dos-sete-arcanjos\/\" \/>\n<meta property=\"og:site_name\" content=\"Yasmin\" \/>\n<meta property=\"article:publisher\" content=\"https:\/\/www.facebook.com\/Joyas-Yasmin-217664058934169\/\" \/>\n<meta property=\"article:modified_time\" content=\"2025-08-06T07:32:27+00:00\" \/>\n<meta property=\"og:image\" content=\"https:\/\/joyasyasmin.com\/wp-content\/uploads\/2025\/02\/pulsera-siete-arcangeles-de-plata.jpg\" \/>\n\t<meta property=\"og:image:width\" content=\"1000\" \/>\n\t<meta property=\"og:image:height\" content=\"1000\" \/>\n\t<meta property=\"og:image:type\" content=\"image\/jpeg\" \/>\n<meta name=\"twitter:card\" content=\"summary_large_image\" \/>\n<script type=\"application\/ld+json\" class=\"yoast-schema-graph\">{\"@context\":\"https:\\\/\\\/schema.org\",\"@graph\":[{\"@type\":[\"WebPage\",\"ItemPage\"],\"@id\":\"https:\\\/\\\/joyasyasmin.com\\\/pt-pt\\\/producto\\\/a-pulseira-dos-sete-arcanjos\\\/\",\"url\":\"https:\\\/\\\/joyasyasmin.com\\\/pt-pt\\\/producto\\\/a-pulseira-dos-sete-arcanjos\\\/\",\"name\":\"A Pulseira dos Sete Arcanjos - Yasmin\",\"isPartOf\":{\"@id\":\"https:\\\/\\\/joyasyasmin.com\\\/pt-pt\\\/#website\"},\"primaryImageOfPage\":{\"@id\":\"https:\\\/\\\/joyasyasmin.com\\\/pt-pt\\\/producto\\\/a-pulseira-dos-sete-arcanjos\\\/#primaryimage\"},\"image\":{\"@id\":\"https:\\\/\\\/joyasyasmin.com\\\/pt-pt\\\/producto\\\/a-pulseira-dos-sete-arcanjos\\\/#primaryimage\"},\"thumbnailUrl\":\"https:\\\/\\\/joyasyasmin.com\\\/wp-content\\\/uploads\\\/2025\\\/02\\\/pulsera-siete-arcangeles-de-plata.jpg\",\"datePublished\":\"2025-02-13T15:28:59+00:00\",\"dateModified\":\"2025-08-06T07:32:27+00:00\",\"description\":\"Pulseira Link em prata 925 com medalha laser dos Sete Arcanjos. Prote\u00e7\u00e3o e f\u00e9 num design ajust\u00e1vel de 18 + 3 cm. Leve-o sempre consigo!\",\"breadcrumb\":{\"@id\":\"https:\\\/\\\/joyasyasmin.com\\\/pt-pt\\\/producto\\\/a-pulseira-dos-sete-arcanjos\\\/#breadcrumb\"},\"inLanguage\":\"pt-PT\",\"potentialAction\":[{\"@type\":\"ReadAction\",\"target\":[\"https:\\\/\\\/joyasyasmin.com\\\/pt-pt\\\/producto\\\/a-pulseira-dos-sete-arcanjos\\\/\"]}]},{\"@type\":\"ImageObject\",\"inLanguage\":\"pt-PT\",\"@id\":\"https:\\\/\\\/joyasyasmin.com\\\/pt-pt\\\/producto\\\/a-pulseira-dos-sete-arcanjos\\\/#primaryimage\",\"url\":\"https:\\\/\\\/joyasyasmin.com\\\/wp-content\\\/uploads\\\/2025\\\/02\\\/pulsera-siete-arcangeles-de-plata.jpg\",\"contentUrl\":\"https:\\\/\\\/joyasyasmin.com\\\/wp-content\\\/uploads\\\/2025\\\/02\\\/pulsera-siete-arcangeles-de-plata.jpg\",\"width\":1000,\"height\":1000,\"caption\":\"Pulseira Seven Archangels para venda em prata 925\"},{\"@type\":\"BreadcrumbList\",\"@id\":\"https:\\\/\\\/joyasyasmin.com\\\/pt-pt\\\/producto\\\/a-pulseira-dos-sete-arcanjos\\\/#breadcrumb\",\"itemListElement\":[{\"@type\":\"ListItem\",\"position\":1,\"name\":\"Portada\",\"item\":\"https:\\\/\\\/joyasyasmin.com\\\/pt-pt\\\/casa\\\/\"},{\"@type\":\"ListItem\",\"position\":2,\"name\":\"Shop\",\"item\":\"https:\\\/\\\/joyasyasmin.com\\\/pt-pt\\\/shop\\\/\"},{\"@type\":\"ListItem\",\"position\":3,\"name\":\"A Pulseira dos Sete Arcanjos\"}]},{\"@type\":\"WebSite\",\"@id\":\"https:\\\/\\\/joyasyasmin.com\\\/pt-pt\\\/#website\",\"url\":\"https:\\\/\\\/joyasyasmin.com\\\/pt-pt\\\/\",\"name\":\"Yasmin\",\"description\":\"Joyer\u00eda de Plata 925 - Pendientes, pulseras, anillos, colgantes y m\u00e1s!\",\"publisher\":{\"@id\":\"https:\\\/\\\/joyasyasmin.com\\\/pt-pt\\\/#organization\"},\"potentialAction\":[{\"@type\":\"SearchAction\",\"target\":{\"@type\":\"EntryPoint\",\"urlTemplate\":\"https:\\\/\\\/joyasyasmin.com\\\/pt-pt\\\/?s={search_term_string}\"},\"query-input\":{\"@type\":\"PropertyValueSpecification\",\"valueRequired\":true,\"valueName\":\"search_term_string\"}}],\"inLanguage\":\"pt-PT\"},{\"@type\":\"Organization\",\"@id\":\"https:\\\/\\\/joyasyasmin.com\\\/pt-pt\\\/#organization\",\"name\":\"joyas yasmin\",\"url\":\"https:\\\/\\\/joyasyasmin.com\\\/pt-pt\\\/\",\"logo\":{\"@type\":\"ImageObject\",\"inLanguage\":\"pt-PT\",\"@id\":\"https:\\\/\\\/joyasyasmin.com\\\/pt-pt\\\/#\\\/schema\\\/logo\\\/image\\\/\",\"url\":\"https:\\\/\\\/joyasyasmin.com\\\/wp-content\\\/uploads\\\/2017\\\/06\\\/IMG-20200429-WA0051.jpg\",\"contentUrl\":\"https:\\\/\\\/joyasyasmin.com\\\/wp-content\\\/uploads\\\/2017\\\/06\\\/IMG-20200429-WA0051.jpg\",\"width\":1080,\"height\":545,\"caption\":\"joyas yasmin\"},\"image\":{\"@id\":\"https:\\\/\\\/joyasyasmin.com\\\/pt-pt\\\/#\\\/schema\\\/logo\\\/image\\\/\"},\"sameAs\":[\"https:\\\/\\\/www.facebook.com\\\/Joyas-Yasmin-217664058934169\\\/\",\"https:\\\/\\\/www.instagram.com\\\/invites\\\/contact\\\/\"]}]}<\/script>\n<!-- \/ Yoast SEO plugin. -->","yoast_head_json":{"title":"A Pulseira dos Sete Arcanjos - Yasmin","description":"Pulseira Link em prata 925 com medalha laser dos Sete Arcanjos. Prote\u00e7\u00e3o e f\u00e9 num design ajust\u00e1vel de 18 + 3 cm. Leve-o sempre consigo!","robots":{"index":"index","follow":"follow","max-snippet":"max-snippet:-1","max-image-preview":"max-image-preview:large","max-video-preview":"max-video-preview:-1"},"canonical":"https:\/\/joyasyasmin.com\/pt-pt\/producto\/a-pulseira-dos-sete-arcanjos\/","og_locale":"pt_PT","og_title":"A Pulseira dos Sete Arcanjos - Yasmin","og_description":"Pulseira Link em prata 925 com medalha laser dos Sete Arcanjos. Prote\u00e7\u00e3o e f\u00e9 num design ajust\u00e1vel de 18 + 3 cm. Leve-o sempre consigo!","og_url":"https:\/\/joyasyasmin.com\/pt-pt\/producto\/a-pulseira-dos-sete-arcanjos\/","og_site_name":"Yasmin","article_publisher":"https:\/\/www.facebook.com\/Joyas-Yasmin-217664058934169\/","article_modified_time":"2025-08-06T07:32:27+00:00","og_image":[{"width":1000,"height":1000,"url":"https:\/\/joyasyasmin.com\/wp-content\/uploads\/2025\/02\/pulsera-siete-arcangeles-de-plata.jpg","type":"image\/jpeg"}],"twitter_card":"summary_large_image","schema":{"@context":"https:\/\/schema.org","@graph":[{"@type":["WebPage","ItemPage"],"@id":"https:\/\/joyasyasmin.com\/pt-pt\/producto\/a-pulseira-dos-sete-arcanjos\/","url":"https:\/\/joyasyasmin.com\/pt-pt\/producto\/a-pulseira-dos-sete-arcanjos\/","name":"A Pulseira dos Sete Arcanjos - Yasmin","isPartOf":{"@id":"https:\/\/joyasyasmin.com\/pt-pt\/#website"},"primaryImageOfPage":{"@id":"https:\/\/joyasyasmin.com\/pt-pt\/producto\/a-pulseira-dos-sete-arcanjos\/#primaryimage"},"image":{"@id":"https:\/\/joyasyasmin.com\/pt-pt\/producto\/a-pulseira-dos-sete-arcanjos\/#primaryimage"},"thumbnailUrl":"https:\/\/joyasyasmin.com\/wp-content\/uploads\/2025\/02\/pulsera-siete-arcangeles-de-plata.jpg","datePublished":"2025-02-13T15:28:59+00:00","dateModified":"2025-08-06T07:32:27+00:00","description":"Pulseira Link em prata 925 com medalha laser dos Sete Arcanjos. Prote\u00e7\u00e3o e f\u00e9 num design ajust\u00e1vel de 18 + 3 cm. Leve-o sempre consigo!","breadcrumb":{"@id":"https:\/\/joyasyasmin.com\/pt-pt\/producto\/a-pulseira-dos-sete-arcanjos\/#breadcrumb"},"inLanguage":"pt-PT","potentialAction":[{"@type":"ReadAction","target":["https:\/\/joyasyasmin.com\/pt-pt\/producto\/a-pulseira-dos-sete-arcanjos\/"]}]},{"@type":"ImageObject","inLanguage":"pt-PT","@id":"https:\/\/joyasyasmin.com\/pt-pt\/producto\/a-pulseira-dos-sete-arcanjos\/#primaryimage","url":"https:\/\/joyasyasmin.com\/wp-content\/uploads\/2025\/02\/pulsera-siete-arcangeles-de-plata.jpg","contentUrl":"https:\/\/joyasyasmin.com\/wp-content\/uploads\/2025\/02\/pulsera-siete-arcangeles-de-plata.jpg","width":1000,"height":1000,"caption":"Pulseira Seven Archangels para venda em prata 925"},{"@type":"BreadcrumbList","@id":"https:\/\/joyasyasmin.com\/pt-pt\/producto\/a-pulseira-dos-sete-arcanjos\/#breadcrumb","itemListElement":[{"@type":"ListItem","position":1,"name":"Portada","item":"https:\/\/joyasyasmin.com\/pt-pt\/casa\/"},{"@type":"ListItem","position":2,"name":"Shop","item":"https:\/\/joyasyasmin.com\/pt-pt\/shop\/"},{"@type":"ListItem","position":3,"name":"A Pulseira dos Sete Arcanjos"}]},{"@type":"WebSite","@id":"https:\/\/joyasyasmin.com\/pt-pt\/#website","url":"https:\/\/joyasyasmin.com\/pt-pt\/","name":"Yasmin","description":"Joyer\u00eda de Plata 925 - Pendientes, pulseras, anillos, colgantes y m\u00e1s!","publisher":{"@id":"https:\/\/joyasyasmin.com\/pt-pt\/#organization"},"potentialAction":[{"@type":"SearchAction","target":{"@type":"EntryPoint","urlTemplate":"https:\/\/joyasyasmin.com\/pt-pt\/?s={search_term_string}"},"query-input":{"@type":"PropertyValueSpecification","valueRequired":true,"valueName":"search_term_string"}}],"inLanguage":"pt-PT"},{"@type":"Organization","@id":"https:\/\/joyasyasmin.com\/pt-pt\/#organization","name":"joyas yasmin","url":"https:\/\/joyasyasmin.com\/pt-pt\/","logo":{"@type":"ImageObject","inLanguage":"pt-PT","@id":"https:\/\/joyasyasmin.com\/pt-pt\/#\/schema\/logo\/image\/","url":"https:\/\/joyasyasmin.com\/wp-content\/uploads\/2017\/06\/IMG-20200429-WA0051.jpg","contentUrl":"https:\/\/joyasyasmin.com\/wp-content\/uploads\/2017\/06\/IMG-20200429-WA0051.jpg","width":1080,"height":545,"caption":"joyas yasmin"},"image":{"@id":"https:\/\/joyasyasmin.com\/pt-pt\/#\/schema\/logo\/image\/"},"sameAs":["https:\/\/www.facebook.com\/Joyas-Yasmin-217664058934169\/","https:\/\/www.instagram.com\/invites\/contact\/"]}]}},"_links":{"self":[{"href":"https:\/\/joyasyasmin.com\/pt-pt\/wp-json\/wp\/v2\/product\/30776","targetHints":{"allow":["GET"]}}],"collection":[{"href":"https:\/\/joyasyasmin.com\/pt-pt\/wp-json\/wp\/v2\/product"}],"about":[{"href":"https:\/\/joyasyasmin.com\/pt-pt\/wp-json\/wp\/v2\/types\/product"}],"replies":[{"embeddable":true,"href":"https:\/\/joyasyasmin.com\/pt-pt\/wp-json\/wp\/v2\/comments?post=30776"}],"version-history":[{"count":1,"href":"https:\/\/joyasyasmin.com\/pt-pt\/wp-json\/wp\/v2\/product\/30776\/revisions"}],"predecessor-version":[{"id":34181,"href":"https:\/\/joyasyasmin.com\/pt-pt\/wp-json\/wp\/v2\/product\/30776\/revisions\/34181"}],"wp:featuredmedia":[{"embeddable":true,"href":"https:\/\/joyasyasmin.com\/pt-pt\/wp-json\/wp\/v2\/media\/30205"}],"wp:attachment":[{"href":"https:\/\/joyasyasmin.com\/pt-pt\/wp-json\/wp\/v2\/media?parent=30776"}],"wp:term":[{"taxonomy":"product_brand","embeddable":true,"href":"https:\/\/joyasyasmin.com\/pt-pt\/wp-json\/wp\/v2\/product_brand?post=30776"},{"taxonomy":"product_cat","embeddable":true,"href":"https:\/\/joyasyasmin.com\/pt-pt\/wp-json\/wp\/v2\/product_cat?post=30776"},{"taxonomy":"product_tag","embeddable":true,"href":"https:\/\/joyasyasmin.com\/pt-pt\/wp-json\/wp\/v2\/product_tag?post=30776"}],"curies":[{"name":"wp","href":"https:\/\/api.w.org\/{rel}","templated":true}]}}