{"id":30865,"date":"2025-02-24T15:07:29","date_gmt":"2025-02-24T15:07:29","guid":{"rendered":"https:\/\/joyasyasmin.com\/producto\/chakras-pingente-redondo-estrela-de-david\/"},"modified":"2025-08-06T07:32:35","modified_gmt":"2025-08-06T07:32:35","slug":"chakras-pingente-redondo-estrela-de-david","status":"publish","type":"product","link":"https:\/\/joyasyasmin.com\/pt-pt\/producto\/chakras-pingente-redondo-estrela-de-david\/","title":{"rendered":"Chakras Pingente Redondo &amp; Estrela de David"},"content":{"rendered":"","protected":false},"excerpt":{"rendered":"<p data-start=\"65\" data-end=\"353\">Conecte-se com a energia universal com este belo <strong data-start=\"117\" data-end=\"145\">pingente redondo de 3 cm e estrela de David<\/strong>, trabalhado em <strong data-start=\"160\" data-end=\"173\">prata 925<\/strong> e decorado com as pedras naturais dos <strong data-start=\"218\" data-end=\"235\">sete chakras<\/strong>. Seu design harmonioso destaca uma <strong data-start=\"269\" data-end=\"290\">estrela de Davi<\/strong> no centro, um s\u00edmbolo de equil\u00edbrio e prote\u00e7\u00e3o espiritual. <\/p>\n<p data-start=\"355\" data-end=\"573\">Dispon\u00edvel em duas op\u00e7\u00f5es: <strong data-start=\"383\" data-end=\"403\">apenas o pendente<\/strong> ou com uma elegante <strong data-start=\"423\" data-end=\"442\">corrente de 45 cm<\/strong>, para se adequar ao seu estilo e prefer\u00eancias. Ideal para quem procura uma joia esot\u00e9rica com um profundo significado energ\u00e9tico. <\/p>\n","protected":false},"featured_media":30442,"comment_status":"open","ping_status":"closed","template":"","meta":{"_acf_changed":false,"_joinchat":[]},"product_brand":[],"product_cat":[1872],"product_tag":[],"class_list":{"0":"post-30865","1":"product","2":"type-product","3":"status-publish","4":"has-post-thumbnail","6":"product_cat-pingentes","8":"first","9":"instock","10":"shipping-taxable","11":"purchasable","12":"product-type-variable"},"acf":[],"yoast_head":"<!-- This site is optimized with the Yoast SEO plugin v27.2 - https:\/\/yoast.com\/product\/yoast-seo-wordpress\/ -->\n<title>Chakras Pingente Redondo &amp; Estrela de David - Yasmin<\/title>\n<meta name=\"description\" content=\"Pingente Estrela Redonda de David Chakras feito de prata 925 (3 cm). Joia de energia para equil\u00edbrio e prote\u00e7\u00e3o. Compre agora!\" \/>\n<meta name=\"robots\" content=\"index, follow, max-snippet:-1, max-image-preview:large, max-video-preview:-1\" \/>\n<link rel=\"canonical\" href=\"https:\/\/joyasyasmin.com\/pt-pt\/producto\/chakras-pingente-redondo-estrela-de-david\/\" \/>\n<meta property=\"og:locale\" content=\"pt_PT\" \/>\n<meta property=\"og:title\" content=\"Chakras Pingente Redondo &amp; Estrela de David - Yasmin\" \/>\n<meta property=\"og:description\" content=\"Pingente Estrela Redonda de David Chakras feito de prata 925 (3 cm). Joia de energia para equil\u00edbrio e prote\u00e7\u00e3o. Compre agora!\" \/>\n<meta property=\"og:url\" content=\"https:\/\/joyasyasmin.com\/pt-pt\/producto\/chakras-pingente-redondo-estrela-de-david\/\" \/>\n<meta property=\"og:site_name\" content=\"Yasmin\" \/>\n<meta property=\"article:publisher\" content=\"https:\/\/www.facebook.com\/Joyas-Yasmin-217664058934169\/\" \/>\n<meta property=\"article:modified_time\" content=\"2025-08-06T07:32:35+00:00\" \/>\n<meta property=\"og:image\" content=\"https:\/\/joyasyasmin.com\/wp-content\/uploads\/2025\/02\/colgante-estrella-siete-chakras-plata.jpg\" \/>\n\t<meta property=\"og:image:width\" content=\"1000\" \/>\n\t<meta property=\"og:image:height\" content=\"1000\" \/>\n\t<meta property=\"og:image:type\" content=\"image\/jpeg\" \/>\n<meta name=\"twitter:card\" content=\"summary_large_image\" \/>\n<script type=\"application\/ld+json\" class=\"yoast-schema-graph\">{\"@context\":\"https:\/\/schema.org\",\"@graph\":[{\"@type\":[\"WebPage\",\"ItemPage\"],\"@id\":\"https:\/\/joyasyasmin.com\/pt-pt\/producto\/chakras-pingente-redondo-estrela-de-david\/\",\"url\":\"https:\/\/joyasyasmin.com\/pt-pt\/producto\/chakras-pingente-redondo-estrela-de-david\/\",\"name\":\"Chakras Pingente Redondo &amp; Estrela de David - Yasmin\",\"isPartOf\":{\"@id\":\"https:\/\/joyasyasmin.com\/pt-pt\/#website\"},\"primaryImageOfPage\":{\"@id\":\"https:\/\/joyasyasmin.com\/pt-pt\/producto\/chakras-pingente-redondo-estrela-de-david\/#primaryimage\"},\"image\":{\"@id\":\"https:\/\/joyasyasmin.com\/pt-pt\/producto\/chakras-pingente-redondo-estrela-de-david\/#primaryimage\"},\"thumbnailUrl\":\"https:\/\/joyasyasmin.com\/wp-content\/uploads\/2025\/02\/colgante-estrella-siete-chakras-plata.jpg\",\"datePublished\":\"2025-02-24T15:07:29+00:00\",\"dateModified\":\"2025-08-06T07:32:35+00:00\",\"description\":\"Pingente Estrela Redonda de David Chakras feito de prata 925 (3 cm). Joia de energia para equil\u00edbrio e prote\u00e7\u00e3o. Compre agora!\",\"breadcrumb\":{\"@id\":\"https:\/\/joyasyasmin.com\/pt-pt\/producto\/chakras-pingente-redondo-estrela-de-david\/#breadcrumb\"},\"inLanguage\":\"pt-PT\",\"potentialAction\":[{\"@type\":\"ReadAction\",\"target\":[\"https:\/\/joyasyasmin.com\/pt-pt\/producto\/chakras-pingente-redondo-estrela-de-david\/\"]}]},{\"@type\":\"ImageObject\",\"inLanguage\":\"pt-PT\",\"@id\":\"https:\/\/joyasyasmin.com\/pt-pt\/producto\/chakras-pingente-redondo-estrela-de-david\/#primaryimage\",\"url\":\"https:\/\/joyasyasmin.com\/wp-content\/uploads\/2025\/02\/colgante-estrella-siete-chakras-plata.jpg\",\"contentUrl\":\"https:\/\/joyasyasmin.com\/wp-content\/uploads\/2025\/02\/colgante-estrella-siete-chakras-plata.jpg\",\"width\":1000,\"height\":1000,\"caption\":\"Estrela de David pendente com os sete chakras para venda\"},{\"@type\":\"BreadcrumbList\",\"@id\":\"https:\/\/joyasyasmin.com\/pt-pt\/producto\/chakras-pingente-redondo-estrela-de-david\/#breadcrumb\",\"itemListElement\":[{\"@type\":\"ListItem\",\"position\":1,\"name\":\"Portada\",\"item\":\"https:\/\/joyasyasmin.com\/pt-pt\/casa\/\"},{\"@type\":\"ListItem\",\"position\":2,\"name\":\"Shop\",\"item\":\"https:\/\/joyasyasmin.com\/pt-pt\/shop\/\"},{\"@type\":\"ListItem\",\"position\":3,\"name\":\"Chakras Pingente Redondo &amp; Estrela de David\"}]},{\"@type\":\"WebSite\",\"@id\":\"https:\/\/joyasyasmin.com\/pt-pt\/#website\",\"url\":\"https:\/\/joyasyasmin.com\/pt-pt\/\",\"name\":\"Yasmin\",\"description\":\"Joyer\u00eda de Plata 925 - Pendientes, pulseras, anillos, colgantes y m\u00e1s!\",\"publisher\":{\"@id\":\"https:\/\/joyasyasmin.com\/pt-pt\/#organization\"},\"potentialAction\":[{\"@type\":\"SearchAction\",\"target\":{\"@type\":\"EntryPoint\",\"urlTemplate\":\"https:\/\/joyasyasmin.com\/pt-pt\/?s={search_term_string}\"},\"query-input\":{\"@type\":\"PropertyValueSpecification\",\"valueRequired\":true,\"valueName\":\"search_term_string\"}}],\"inLanguage\":\"pt-PT\"},{\"@type\":\"Organization\",\"@id\":\"https:\/\/joyasyasmin.com\/pt-pt\/#organization\",\"name\":\"joyas yasmin\",\"url\":\"https:\/\/joyasyasmin.com\/pt-pt\/\",\"logo\":{\"@type\":\"ImageObject\",\"inLanguage\":\"pt-PT\",\"@id\":\"https:\/\/joyasyasmin.com\/pt-pt\/#\/schema\/logo\/image\/\",\"url\":\"https:\/\/joyasyasmin.com\/wp-content\/uploads\/2017\/06\/IMG-20200429-WA0051.jpg\",\"contentUrl\":\"https:\/\/joyasyasmin.com\/wp-content\/uploads\/2017\/06\/IMG-20200429-WA0051.jpg\",\"width\":1080,\"height\":545,\"caption\":\"joyas yasmin\"},\"image\":{\"@id\":\"https:\/\/joyasyasmin.com\/pt-pt\/#\/schema\/logo\/image\/\"},\"sameAs\":[\"https:\/\/www.facebook.com\/Joyas-Yasmin-217664058934169\/\",\"https:\/\/www.instagram.com\/invites\/contact\/\"]}]}<\/script>\n<!-- \/ Yoast SEO plugin. -->","yoast_head_json":{"title":"Chakras Pingente Redondo &amp; Estrela de David - Yasmin","description":"Pingente Estrela Redonda de David Chakras feito de prata 925 (3 cm). Joia de energia para equil\u00edbrio e prote\u00e7\u00e3o. Compre agora!","robots":{"index":"index","follow":"follow","max-snippet":"max-snippet:-1","max-image-preview":"max-image-preview:large","max-video-preview":"max-video-preview:-1"},"canonical":"https:\/\/joyasyasmin.com\/pt-pt\/producto\/chakras-pingente-redondo-estrela-de-david\/","og_locale":"pt_PT","og_title":"Chakras Pingente Redondo &amp; Estrela de David - Yasmin","og_description":"Pingente Estrela Redonda de David Chakras feito de prata 925 (3 cm). Joia de energia para equil\u00edbrio e prote\u00e7\u00e3o. Compre agora!","og_url":"https:\/\/joyasyasmin.com\/pt-pt\/producto\/chakras-pingente-redondo-estrela-de-david\/","og_site_name":"Yasmin","article_publisher":"https:\/\/www.facebook.com\/Joyas-Yasmin-217664058934169\/","article_modified_time":"2025-08-06T07:32:35+00:00","og_image":[{"width":1000,"height":1000,"url":"https:\/\/joyasyasmin.com\/wp-content\/uploads\/2025\/02\/colgante-estrella-siete-chakras-plata.jpg","type":"image\/jpeg"}],"twitter_card":"summary_large_image","schema":{"@context":"https:\/\/schema.org","@graph":[{"@type":["WebPage","ItemPage"],"@id":"https:\/\/joyasyasmin.com\/pt-pt\/producto\/chakras-pingente-redondo-estrela-de-david\/","url":"https:\/\/joyasyasmin.com\/pt-pt\/producto\/chakras-pingente-redondo-estrela-de-david\/","name":"Chakras Pingente Redondo &amp; Estrela de David - Yasmin","isPartOf":{"@id":"https:\/\/joyasyasmin.com\/pt-pt\/#website"},"primaryImageOfPage":{"@id":"https:\/\/joyasyasmin.com\/pt-pt\/producto\/chakras-pingente-redondo-estrela-de-david\/#primaryimage"},"image":{"@id":"https:\/\/joyasyasmin.com\/pt-pt\/producto\/chakras-pingente-redondo-estrela-de-david\/#primaryimage"},"thumbnailUrl":"https:\/\/joyasyasmin.com\/wp-content\/uploads\/2025\/02\/colgante-estrella-siete-chakras-plata.jpg","datePublished":"2025-02-24T15:07:29+00:00","dateModified":"2025-08-06T07:32:35+00:00","description":"Pingente Estrela Redonda de David Chakras feito de prata 925 (3 cm). Joia de energia para equil\u00edbrio e prote\u00e7\u00e3o. Compre agora!","breadcrumb":{"@id":"https:\/\/joyasyasmin.com\/pt-pt\/producto\/chakras-pingente-redondo-estrela-de-david\/#breadcrumb"},"inLanguage":"pt-PT","potentialAction":[{"@type":"ReadAction","target":["https:\/\/joyasyasmin.com\/pt-pt\/producto\/chakras-pingente-redondo-estrela-de-david\/"]}]},{"@type":"ImageObject","inLanguage":"pt-PT","@id":"https:\/\/joyasyasmin.com\/pt-pt\/producto\/chakras-pingente-redondo-estrela-de-david\/#primaryimage","url":"https:\/\/joyasyasmin.com\/wp-content\/uploads\/2025\/02\/colgante-estrella-siete-chakras-plata.jpg","contentUrl":"https:\/\/joyasyasmin.com\/wp-content\/uploads\/2025\/02\/colgante-estrella-siete-chakras-plata.jpg","width":1000,"height":1000,"caption":"Estrela de David pendente com os sete chakras para venda"},{"@type":"BreadcrumbList","@id":"https:\/\/joyasyasmin.com\/pt-pt\/producto\/chakras-pingente-redondo-estrela-de-david\/#breadcrumb","itemListElement":[{"@type":"ListItem","position":1,"name":"Portada","item":"https:\/\/joyasyasmin.com\/pt-pt\/casa\/"},{"@type":"ListItem","position":2,"name":"Shop","item":"https:\/\/joyasyasmin.com\/pt-pt\/shop\/"},{"@type":"ListItem","position":3,"name":"Chakras Pingente Redondo &amp; Estrela de David"}]},{"@type":"WebSite","@id":"https:\/\/joyasyasmin.com\/pt-pt\/#website","url":"https:\/\/joyasyasmin.com\/pt-pt\/","name":"Yasmin","description":"Joyer\u00eda de Plata 925 - Pendientes, pulseras, anillos, colgantes y m\u00e1s!","publisher":{"@id":"https:\/\/joyasyasmin.com\/pt-pt\/#organization"},"potentialAction":[{"@type":"SearchAction","target":{"@type":"EntryPoint","urlTemplate":"https:\/\/joyasyasmin.com\/pt-pt\/?s={search_term_string}"},"query-input":{"@type":"PropertyValueSpecification","valueRequired":true,"valueName":"search_term_string"}}],"inLanguage":"pt-PT"},{"@type":"Organization","@id":"https:\/\/joyasyasmin.com\/pt-pt\/#organization","name":"joyas yasmin","url":"https:\/\/joyasyasmin.com\/pt-pt\/","logo":{"@type":"ImageObject","inLanguage":"pt-PT","@id":"https:\/\/joyasyasmin.com\/pt-pt\/#\/schema\/logo\/image\/","url":"https:\/\/joyasyasmin.com\/wp-content\/uploads\/2017\/06\/IMG-20200429-WA0051.jpg","contentUrl":"https:\/\/joyasyasmin.com\/wp-content\/uploads\/2017\/06\/IMG-20200429-WA0051.jpg","width":1080,"height":545,"caption":"joyas yasmin"},"image":{"@id":"https:\/\/joyasyasmin.com\/pt-pt\/#\/schema\/logo\/image\/"},"sameAs":["https:\/\/www.facebook.com\/Joyas-Yasmin-217664058934169\/","https:\/\/www.instagram.com\/invites\/contact\/"]}]}},"_links":{"self":[{"href":"https:\/\/joyasyasmin.com\/pt-pt\/wp-json\/wp\/v2\/product\/30865","targetHints":{"allow":["GET"]}}],"collection":[{"href":"https:\/\/joyasyasmin.com\/pt-pt\/wp-json\/wp\/v2\/product"}],"about":[{"href":"https:\/\/joyasyasmin.com\/pt-pt\/wp-json\/wp\/v2\/types\/product"}],"replies":[{"embeddable":true,"href":"https:\/\/joyasyasmin.com\/pt-pt\/wp-json\/wp\/v2\/comments?post=30865"}],"version-history":[{"count":1,"href":"https:\/\/joyasyasmin.com\/pt-pt\/wp-json\/wp\/v2\/product\/30865\/revisions"}],"predecessor-version":[{"id":34185,"href":"https:\/\/joyasyasmin.com\/pt-pt\/wp-json\/wp\/v2\/product\/30865\/revisions\/34185"}],"wp:featuredmedia":[{"embeddable":true,"href":"https:\/\/joyasyasmin.com\/pt-pt\/wp-json\/wp\/v2\/media\/30442"}],"wp:attachment":[{"href":"https:\/\/joyasyasmin.com\/pt-pt\/wp-json\/wp\/v2\/media?parent=30865"}],"wp:term":[{"taxonomy":"product_brand","embeddable":true,"href":"https:\/\/joyasyasmin.com\/pt-pt\/wp-json\/wp\/v2\/product_brand?post=30865"},{"taxonomy":"product_cat","embeddable":true,"href":"https:\/\/joyasyasmin.com\/pt-pt\/wp-json\/wp\/v2\/product_cat?post=30865"},{"taxonomy":"product_tag","embeddable":true,"href":"https:\/\/joyasyasmin.com\/pt-pt\/wp-json\/wp\/v2\/product_tag?post=30865"}],"curies":[{"name":"wp","href":"https:\/\/api.w.org\/{rel}","templated":true}]}}