{"id":33485,"date":"2025-07-04T13:39:01","date_gmt":"2025-07-04T13:39:01","guid":{"rendered":"https:\/\/joyasyasmin.com\/producto\/banda-de-luz-jasmim\/"},"modified":"2025-08-13T22:20:50","modified_gmt":"2025-08-13T22:20:50","slug":"banda-de-luz-jasmim","status":"publish","type":"product","link":"https:\/\/joyasyasmin.com\/pt-pt\/producto\/banda-de-luz-jasmim\/","title":{"rendered":"Banda de Luz Jasmim"},"content":{"rendered":"","protected":false},"excerpt":{"rendered":"<p>Expresse o seu estilo com o nosso anel de prata 925, adornado com uma pedra azul e zirc\u00f3nias azuis. Com um design elegante e fino de 3mm de largura, este acess\u00f3rio \u00e9 a escolha perfeita para destacar o seu visual. N\u00e3o espere mais para us\u00e1-lo com orgulho!  <\/p>\n","protected":false},"featured_media":33288,"comment_status":"open","ping_status":"closed","template":"","meta":{"_acf_changed":false,"_joinchat":[]},"product_brand":[],"product_cat":[1840],"product_tag":[],"class_list":{"0":"post-33485","1":"product","2":"type-product","3":"status-publish","4":"has-post-thumbnail","6":"product_cat-aneis-aneis","8":"first","9":"instock","10":"shipping-taxable","11":"purchasable","12":"product-type-variable"},"acf":[],"yoast_head":"<!-- This site is optimized with the Yoast SEO plugin v27.2 - https:\/\/yoast.com\/product\/yoast-seo-wordpress\/ -->\n<title>Banda de Luz Jasmim - Yasmin<\/title>\n<meta name=\"description\" content=\"Descubra o nosso anel de luz Jasmim prateado 925 com uma pedra azul rodeada por zirc\u00f3nia azul. Anel fino de 3 mm de largura para um uso elegante.\" \/>\n<meta name=\"robots\" content=\"index, follow, max-snippet:-1, max-image-preview:large, max-video-preview:-1\" \/>\n<link rel=\"canonical\" href=\"https:\/\/joyasyasmin.com\/pt-pt\/producto\/banda-de-luz-jasmim\/\" \/>\n<meta property=\"og:locale\" content=\"pt_PT\" \/>\n<meta property=\"og:title\" content=\"Banda de Luz Jasmim - Yasmin\" \/>\n<meta property=\"og:description\" content=\"Descubra o nosso anel de luz Jasmim prateado 925 com uma pedra azul rodeada por zirc\u00f3nia azul. Anel fino de 3 mm de largura para um uso elegante.\" \/>\n<meta property=\"og:url\" content=\"https:\/\/joyasyasmin.com\/pt-pt\/producto\/banda-de-luz-jasmim\/\" \/>\n<meta property=\"og:site_name\" content=\"Yasmin\" \/>\n<meta property=\"article:publisher\" content=\"https:\/\/www.facebook.com\/Joyas-Yasmin-217664058934169\/\" \/>\n<meta property=\"article:modified_time\" content=\"2025-08-13T22:20:50+00:00\" \/>\n<meta property=\"og:image\" content=\"https:\/\/joyasyasmin.com\/wp-content\/uploads\/2025\/07\/anillo-jazmin.jpg\" \/>\n\t<meta property=\"og:image:width\" content=\"1000\" \/>\n\t<meta property=\"og:image:height\" content=\"1000\" \/>\n\t<meta property=\"og:image:type\" content=\"image\/jpeg\" \/>\n<meta name=\"twitter:card\" content=\"summary_large_image\" \/>\n<script type=\"application\/ld+json\" class=\"yoast-schema-graph\">{\"@context\":\"https:\/\/schema.org\",\"@graph\":[{\"@type\":[\"WebPage\",\"ItemPage\"],\"@id\":\"https:\/\/joyasyasmin.com\/pt-pt\/producto\/banda-de-luz-jasmim\/\",\"url\":\"https:\/\/joyasyasmin.com\/pt-pt\/producto\/banda-de-luz-jasmim\/\",\"name\":\"Banda de Luz Jasmim - Yasmin\",\"isPartOf\":{\"@id\":\"https:\/\/joyasyasmin.com\/pt-pt\/#website\"},\"primaryImageOfPage\":{\"@id\":\"https:\/\/joyasyasmin.com\/pt-pt\/producto\/banda-de-luz-jasmim\/#primaryimage\"},\"image\":{\"@id\":\"https:\/\/joyasyasmin.com\/pt-pt\/producto\/banda-de-luz-jasmim\/#primaryimage\"},\"thumbnailUrl\":\"https:\/\/joyasyasmin.com\/wp-content\/uploads\/2025\/07\/anillo-jazmin.jpg\",\"datePublished\":\"2025-07-04T13:39:01+00:00\",\"dateModified\":\"2025-08-13T22:20:50+00:00\",\"description\":\"Descubra o nosso anel de luz Jasmim prateado 925 com uma pedra azul rodeada por zirc\u00f3nia azul. Anel fino de 3 mm de largura para um uso elegante.\",\"breadcrumb\":{\"@id\":\"https:\/\/joyasyasmin.com\/pt-pt\/producto\/banda-de-luz-jasmim\/#breadcrumb\"},\"inLanguage\":\"pt-PT\",\"potentialAction\":[{\"@type\":\"ReadAction\",\"target\":[\"https:\/\/joyasyasmin.com\/pt-pt\/producto\/banda-de-luz-jasmim\/\"]}]},{\"@type\":\"ImageObject\",\"inLanguage\":\"pt-PT\",\"@id\":\"https:\/\/joyasyasmin.com\/pt-pt\/producto\/banda-de-luz-jasmim\/#primaryimage\",\"url\":\"https:\/\/joyasyasmin.com\/wp-content\/uploads\/2025\/07\/anillo-jazmin.jpg\",\"contentUrl\":\"https:\/\/joyasyasmin.com\/wp-content\/uploads\/2025\/07\/anillo-jazmin.jpg\",\"width\":1000,\"height\":1000,\"caption\":\"Jasmine Blue Stone Ring para venda 925 prata\"},{\"@type\":\"BreadcrumbList\",\"@id\":\"https:\/\/joyasyasmin.com\/pt-pt\/producto\/banda-de-luz-jasmim\/#breadcrumb\",\"itemListElement\":[{\"@type\":\"ListItem\",\"position\":1,\"name\":\"Portada\",\"item\":\"https:\/\/joyasyasmin.com\/pt-pt\/casa\/\"},{\"@type\":\"ListItem\",\"position\":2,\"name\":\"Shop\",\"item\":\"https:\/\/joyasyasmin.com\/pt-pt\/shop\/\"},{\"@type\":\"ListItem\",\"position\":3,\"name\":\"Banda de Luz Jasmim\"}]},{\"@type\":\"WebSite\",\"@id\":\"https:\/\/joyasyasmin.com\/pt-pt\/#website\",\"url\":\"https:\/\/joyasyasmin.com\/pt-pt\/\",\"name\":\"Yasmin\",\"description\":\"Joyer\u00eda de Plata 925 - Pendientes, pulseras, anillos, colgantes y m\u00e1s!\",\"publisher\":{\"@id\":\"https:\/\/joyasyasmin.com\/pt-pt\/#organization\"},\"potentialAction\":[{\"@type\":\"SearchAction\",\"target\":{\"@type\":\"EntryPoint\",\"urlTemplate\":\"https:\/\/joyasyasmin.com\/pt-pt\/?s={search_term_string}\"},\"query-input\":{\"@type\":\"PropertyValueSpecification\",\"valueRequired\":true,\"valueName\":\"search_term_string\"}}],\"inLanguage\":\"pt-PT\"},{\"@type\":\"Organization\",\"@id\":\"https:\/\/joyasyasmin.com\/pt-pt\/#organization\",\"name\":\"joyas yasmin\",\"url\":\"https:\/\/joyasyasmin.com\/pt-pt\/\",\"logo\":{\"@type\":\"ImageObject\",\"inLanguage\":\"pt-PT\",\"@id\":\"https:\/\/joyasyasmin.com\/pt-pt\/#\/schema\/logo\/image\/\",\"url\":\"https:\/\/joyasyasmin.com\/wp-content\/uploads\/2017\/06\/IMG-20200429-WA0051.jpg\",\"contentUrl\":\"https:\/\/joyasyasmin.com\/wp-content\/uploads\/2017\/06\/IMG-20200429-WA0051.jpg\",\"width\":1080,\"height\":545,\"caption\":\"joyas yasmin\"},\"image\":{\"@id\":\"https:\/\/joyasyasmin.com\/pt-pt\/#\/schema\/logo\/image\/\"},\"sameAs\":[\"https:\/\/www.facebook.com\/Joyas-Yasmin-217664058934169\/\",\"https:\/\/www.instagram.com\/invites\/contact\/\"]}]}<\/script>\n<!-- \/ Yoast SEO plugin. -->","yoast_head_json":{"title":"Banda de Luz Jasmim - Yasmin","description":"Descubra o nosso anel de luz Jasmim prateado 925 com uma pedra azul rodeada por zirc\u00f3nia azul. Anel fino de 3 mm de largura para um uso elegante.","robots":{"index":"index","follow":"follow","max-snippet":"max-snippet:-1","max-image-preview":"max-image-preview:large","max-video-preview":"max-video-preview:-1"},"canonical":"https:\/\/joyasyasmin.com\/pt-pt\/producto\/banda-de-luz-jasmim\/","og_locale":"pt_PT","og_title":"Banda de Luz Jasmim - Yasmin","og_description":"Descubra o nosso anel de luz Jasmim prateado 925 com uma pedra azul rodeada por zirc\u00f3nia azul. Anel fino de 3 mm de largura para um uso elegante.","og_url":"https:\/\/joyasyasmin.com\/pt-pt\/producto\/banda-de-luz-jasmim\/","og_site_name":"Yasmin","article_publisher":"https:\/\/www.facebook.com\/Joyas-Yasmin-217664058934169\/","article_modified_time":"2025-08-13T22:20:50+00:00","og_image":[{"width":1000,"height":1000,"url":"https:\/\/joyasyasmin.com\/wp-content\/uploads\/2025\/07\/anillo-jazmin.jpg","type":"image\/jpeg"}],"twitter_card":"summary_large_image","schema":{"@context":"https:\/\/schema.org","@graph":[{"@type":["WebPage","ItemPage"],"@id":"https:\/\/joyasyasmin.com\/pt-pt\/producto\/banda-de-luz-jasmim\/","url":"https:\/\/joyasyasmin.com\/pt-pt\/producto\/banda-de-luz-jasmim\/","name":"Banda de Luz Jasmim - Yasmin","isPartOf":{"@id":"https:\/\/joyasyasmin.com\/pt-pt\/#website"},"primaryImageOfPage":{"@id":"https:\/\/joyasyasmin.com\/pt-pt\/producto\/banda-de-luz-jasmim\/#primaryimage"},"image":{"@id":"https:\/\/joyasyasmin.com\/pt-pt\/producto\/banda-de-luz-jasmim\/#primaryimage"},"thumbnailUrl":"https:\/\/joyasyasmin.com\/wp-content\/uploads\/2025\/07\/anillo-jazmin.jpg","datePublished":"2025-07-04T13:39:01+00:00","dateModified":"2025-08-13T22:20:50+00:00","description":"Descubra o nosso anel de luz Jasmim prateado 925 com uma pedra azul rodeada por zirc\u00f3nia azul. Anel fino de 3 mm de largura para um uso elegante.","breadcrumb":{"@id":"https:\/\/joyasyasmin.com\/pt-pt\/producto\/banda-de-luz-jasmim\/#breadcrumb"},"inLanguage":"pt-PT","potentialAction":[{"@type":"ReadAction","target":["https:\/\/joyasyasmin.com\/pt-pt\/producto\/banda-de-luz-jasmim\/"]}]},{"@type":"ImageObject","inLanguage":"pt-PT","@id":"https:\/\/joyasyasmin.com\/pt-pt\/producto\/banda-de-luz-jasmim\/#primaryimage","url":"https:\/\/joyasyasmin.com\/wp-content\/uploads\/2025\/07\/anillo-jazmin.jpg","contentUrl":"https:\/\/joyasyasmin.com\/wp-content\/uploads\/2025\/07\/anillo-jazmin.jpg","width":1000,"height":1000,"caption":"Jasmine Blue Stone Ring para venda 925 prata"},{"@type":"BreadcrumbList","@id":"https:\/\/joyasyasmin.com\/pt-pt\/producto\/banda-de-luz-jasmim\/#breadcrumb","itemListElement":[{"@type":"ListItem","position":1,"name":"Portada","item":"https:\/\/joyasyasmin.com\/pt-pt\/casa\/"},{"@type":"ListItem","position":2,"name":"Shop","item":"https:\/\/joyasyasmin.com\/pt-pt\/shop\/"},{"@type":"ListItem","position":3,"name":"Banda de Luz Jasmim"}]},{"@type":"WebSite","@id":"https:\/\/joyasyasmin.com\/pt-pt\/#website","url":"https:\/\/joyasyasmin.com\/pt-pt\/","name":"Yasmin","description":"Joyer\u00eda de Plata 925 - Pendientes, pulseras, anillos, colgantes y m\u00e1s!","publisher":{"@id":"https:\/\/joyasyasmin.com\/pt-pt\/#organization"},"potentialAction":[{"@type":"SearchAction","target":{"@type":"EntryPoint","urlTemplate":"https:\/\/joyasyasmin.com\/pt-pt\/?s={search_term_string}"},"query-input":{"@type":"PropertyValueSpecification","valueRequired":true,"valueName":"search_term_string"}}],"inLanguage":"pt-PT"},{"@type":"Organization","@id":"https:\/\/joyasyasmin.com\/pt-pt\/#organization","name":"joyas yasmin","url":"https:\/\/joyasyasmin.com\/pt-pt\/","logo":{"@type":"ImageObject","inLanguage":"pt-PT","@id":"https:\/\/joyasyasmin.com\/pt-pt\/#\/schema\/logo\/image\/","url":"https:\/\/joyasyasmin.com\/wp-content\/uploads\/2017\/06\/IMG-20200429-WA0051.jpg","contentUrl":"https:\/\/joyasyasmin.com\/wp-content\/uploads\/2017\/06\/IMG-20200429-WA0051.jpg","width":1080,"height":545,"caption":"joyas yasmin"},"image":{"@id":"https:\/\/joyasyasmin.com\/pt-pt\/#\/schema\/logo\/image\/"},"sameAs":["https:\/\/www.facebook.com\/Joyas-Yasmin-217664058934169\/","https:\/\/www.instagram.com\/invites\/contact\/"]}]}},"_links":{"self":[{"href":"https:\/\/joyasyasmin.com\/pt-pt\/wp-json\/wp\/v2\/product\/33485","targetHints":{"allow":["GET"]}}],"collection":[{"href":"https:\/\/joyasyasmin.com\/pt-pt\/wp-json\/wp\/v2\/product"}],"about":[{"href":"https:\/\/joyasyasmin.com\/pt-pt\/wp-json\/wp\/v2\/types\/product"}],"replies":[{"embeddable":true,"href":"https:\/\/joyasyasmin.com\/pt-pt\/wp-json\/wp\/v2\/comments?post=33485"}],"version-history":[{"count":0,"href":"https:\/\/joyasyasmin.com\/pt-pt\/wp-json\/wp\/v2\/product\/33485\/revisions"}],"wp:featuredmedia":[{"embeddable":true,"href":"https:\/\/joyasyasmin.com\/pt-pt\/wp-json\/wp\/v2\/media\/33288"}],"wp:attachment":[{"href":"https:\/\/joyasyasmin.com\/pt-pt\/wp-json\/wp\/v2\/media?parent=33485"}],"wp:term":[{"taxonomy":"product_brand","embeddable":true,"href":"https:\/\/joyasyasmin.com\/pt-pt\/wp-json\/wp\/v2\/product_brand?post=33485"},{"taxonomy":"product_cat","embeddable":true,"href":"https:\/\/joyasyasmin.com\/pt-pt\/wp-json\/wp\/v2\/product_cat?post=33485"},{"taxonomy":"product_tag","embeddable":true,"href":"https:\/\/joyasyasmin.com\/pt-pt\/wp-json\/wp\/v2\/product_tag?post=33485"}],"curies":[{"name":"wp","href":"https:\/\/api.w.org\/{rel}","templated":true}]}}