{"id":38191,"date":"2026-02-04T20:14:45","date_gmt":"2026-02-04T20:14:45","guid":{"rendered":"https:\/\/joyasyasmin.com\/producto\/aros-do-amor-cor-de-rosa\/"},"modified":"2026-02-04T20:14:45","modified_gmt":"2026-02-04T20:14:45","slug":"aros-do-amor-cor-de-rosa","status":"publish","type":"product","link":"https:\/\/joyasyasmin.com\/pt-pt\/producto\/aros-do-amor-cor-de-rosa\/","title":{"rendered":"Aros do Amor Cor-de-Rosa"},"content":{"rendered":"","protected":false},"excerpt":{"rendered":"<p>Aros Pink Love de 12mm com um delicado cora\u00e7\u00e3o de 6mm adornado com zirc\u00f3nia cor-de-rosa que traz um brilho suave e rom\u00e2ntico. T\u00eam um fecho de clique para uso confort\u00e1vel e seguro. Feito de prata e tamb\u00e9m dispon\u00edvel numa vers\u00e3o dourada com tr\u00eas microns banhado a ouro 18k, ideal para um visual doce e elegante.  <\/p>\n","protected":false},"featured_media":38048,"comment_status":"open","ping_status":"closed","template":"","meta":{"_acf_changed":false,"_joinchat":[]},"product_brand":[],"product_cat":[1760],"product_tag":[],"class_list":{"0":"post-38191","1":"product","2":"type-product","3":"status-publish","4":"has-post-thumbnail","6":"product_cat-brincos-e-brincos","8":"first","9":"instock","10":"shipping-taxable","11":"purchasable","12":"product-type-variable"},"acf":[],"yoast_head":"<!-- This site is optimized with the Yoast SEO plugin v27.2 - https:\/\/yoast.com\/product\/yoast-seo-wordpress\/ -->\n<title>Aros do Amor Cor-de-Rosa - Yasmin<\/title>\n<meta name=\"description\" content=\"Aros Pink Love de 12 mm com um delicado cora\u00e7\u00e3o de 6 mm adornado com zirconia rosa que confere um brilho suave e rom\u00e2ntico, h\u00e1 tamb\u00e9m um em dourado.\" \/>\n<meta name=\"robots\" content=\"index, follow, max-snippet:-1, max-image-preview:large, max-video-preview:-1\" \/>\n<link rel=\"canonical\" href=\"https:\/\/joyasyasmin.com\/pt-pt\/producto\/aros-do-amor-cor-de-rosa\/\" \/>\n<meta property=\"og:locale\" content=\"pt_PT\" \/>\n<meta property=\"og:title\" content=\"Aros do Amor Cor-de-Rosa - Yasmin\" \/>\n<meta property=\"og:description\" content=\"Aros Pink Love de 12 mm com um delicado cora\u00e7\u00e3o de 6 mm adornado com zirconia rosa que confere um brilho suave e rom\u00e2ntico, h\u00e1 tamb\u00e9m um em dourado.\" \/>\n<meta property=\"og:url\" content=\"https:\/\/joyasyasmin.com\/pt-pt\/producto\/aros-do-amor-cor-de-rosa\/\" \/>\n<meta property=\"og:site_name\" content=\"Yasmin\" \/>\n<meta property=\"article:publisher\" content=\"https:\/\/www.facebook.com\/Joyas-Yasmin-217664058934169\/\" \/>\n<meta property=\"og:image\" content=\"https:\/\/joyasyasmin.com\/wp-content\/uploads\/2026\/02\/aros-corazon-plata-color-pink.jpg\" \/>\n\t<meta property=\"og:image:width\" content=\"1000\" \/>\n\t<meta property=\"og:image:height\" content=\"1000\" \/>\n\t<meta property=\"og:image:type\" content=\"image\/jpeg\" \/>\n<meta name=\"twitter:card\" content=\"summary_large_image\" \/>\n<script type=\"application\/ld+json\" class=\"yoast-schema-graph\">{\"@context\":\"https:\/\/schema.org\",\"@graph\":[{\"@type\":[\"WebPage\",\"ItemPage\"],\"@id\":\"https:\/\/joyasyasmin.com\/pt-pt\/producto\/aros-do-amor-cor-de-rosa\/\",\"url\":\"https:\/\/joyasyasmin.com\/pt-pt\/producto\/aros-do-amor-cor-de-rosa\/\",\"name\":\"Aros do Amor Cor-de-Rosa - Yasmin\",\"isPartOf\":{\"@id\":\"https:\/\/joyasyasmin.com\/pt-pt\/#website\"},\"primaryImageOfPage\":{\"@id\":\"https:\/\/joyasyasmin.com\/pt-pt\/producto\/aros-do-amor-cor-de-rosa\/#primaryimage\"},\"image\":{\"@id\":\"https:\/\/joyasyasmin.com\/pt-pt\/producto\/aros-do-amor-cor-de-rosa\/#primaryimage\"},\"thumbnailUrl\":\"https:\/\/joyasyasmin.com\/wp-content\/uploads\/2026\/02\/aros-corazon-plata-color-pink.jpg\",\"datePublished\":\"2026-02-04T20:14:45+00:00\",\"description\":\"Aros Pink Love de 12 mm com um delicado cora\u00e7\u00e3o de 6 mm adornado com zirconia rosa que confere um brilho suave e rom\u00e2ntico, h\u00e1 tamb\u00e9m um em dourado.\",\"breadcrumb\":{\"@id\":\"https:\/\/joyasyasmin.com\/pt-pt\/producto\/aros-do-amor-cor-de-rosa\/#breadcrumb\"},\"inLanguage\":\"pt-PT\",\"potentialAction\":[{\"@type\":\"ReadAction\",\"target\":[\"https:\/\/joyasyasmin.com\/pt-pt\/producto\/aros-do-amor-cor-de-rosa\/\"]}]},{\"@type\":\"ImageObject\",\"inLanguage\":\"pt-PT\",\"@id\":\"https:\/\/joyasyasmin.com\/pt-pt\/producto\/aros-do-amor-cor-de-rosa\/#primaryimage\",\"url\":\"https:\/\/joyasyasmin.com\/wp-content\/uploads\/2026\/02\/aros-corazon-plata-color-pink.jpg\",\"contentUrl\":\"https:\/\/joyasyasmin.com\/wp-content\/uploads\/2026\/02\/aros-corazon-plata-color-pink.jpg\",\"width\":1000,\"height\":1000,\"caption\":\"Venda de brincos de cora\u00e7\u00e3o prateado cor-de-rosa 925 prata\"},{\"@type\":\"BreadcrumbList\",\"@id\":\"https:\/\/joyasyasmin.com\/pt-pt\/producto\/aros-do-amor-cor-de-rosa\/#breadcrumb\",\"itemListElement\":[{\"@type\":\"ListItem\",\"position\":1,\"name\":\"Portada\",\"item\":\"https:\/\/joyasyasmin.com\/pt-pt\/casa\/\"},{\"@type\":\"ListItem\",\"position\":2,\"name\":\"Shop\",\"item\":\"https:\/\/joyasyasmin.com\/pt-pt\/shop\/\"},{\"@type\":\"ListItem\",\"position\":3,\"name\":\"Aros do Amor Cor-de-Rosa\"}]},{\"@type\":\"WebSite\",\"@id\":\"https:\/\/joyasyasmin.com\/pt-pt\/#website\",\"url\":\"https:\/\/joyasyasmin.com\/pt-pt\/\",\"name\":\"Yasmin\",\"description\":\"Joyer\u00eda de Plata 925 - Pendientes, pulseras, anillos, colgantes y m\u00e1s!\",\"publisher\":{\"@id\":\"https:\/\/joyasyasmin.com\/pt-pt\/#organization\"},\"potentialAction\":[{\"@type\":\"SearchAction\",\"target\":{\"@type\":\"EntryPoint\",\"urlTemplate\":\"https:\/\/joyasyasmin.com\/pt-pt\/?s={search_term_string}\"},\"query-input\":{\"@type\":\"PropertyValueSpecification\",\"valueRequired\":true,\"valueName\":\"search_term_string\"}}],\"inLanguage\":\"pt-PT\"},{\"@type\":\"Organization\",\"@id\":\"https:\/\/joyasyasmin.com\/pt-pt\/#organization\",\"name\":\"joyas yasmin\",\"url\":\"https:\/\/joyasyasmin.com\/pt-pt\/\",\"logo\":{\"@type\":\"ImageObject\",\"inLanguage\":\"pt-PT\",\"@id\":\"https:\/\/joyasyasmin.com\/pt-pt\/#\/schema\/logo\/image\/\",\"url\":\"https:\/\/joyasyasmin.com\/wp-content\/uploads\/2017\/06\/IMG-20200429-WA0051.jpg\",\"contentUrl\":\"https:\/\/joyasyasmin.com\/wp-content\/uploads\/2017\/06\/IMG-20200429-WA0051.jpg\",\"width\":1080,\"height\":545,\"caption\":\"joyas yasmin\"},\"image\":{\"@id\":\"https:\/\/joyasyasmin.com\/pt-pt\/#\/schema\/logo\/image\/\"},\"sameAs\":[\"https:\/\/www.facebook.com\/Joyas-Yasmin-217664058934169\/\",\"https:\/\/www.instagram.com\/invites\/contact\/\"]}]}<\/script>\n<!-- \/ Yoast SEO plugin. -->","yoast_head_json":{"title":"Aros do Amor Cor-de-Rosa - Yasmin","description":"Aros Pink Love de 12 mm com um delicado cora\u00e7\u00e3o de 6 mm adornado com zirconia rosa que confere um brilho suave e rom\u00e2ntico, h\u00e1 tamb\u00e9m um em dourado.","robots":{"index":"index","follow":"follow","max-snippet":"max-snippet:-1","max-image-preview":"max-image-preview:large","max-video-preview":"max-video-preview:-1"},"canonical":"https:\/\/joyasyasmin.com\/pt-pt\/producto\/aros-do-amor-cor-de-rosa\/","og_locale":"pt_PT","og_title":"Aros do Amor Cor-de-Rosa - Yasmin","og_description":"Aros Pink Love de 12 mm com um delicado cora\u00e7\u00e3o de 6 mm adornado com zirconia rosa que confere um brilho suave e rom\u00e2ntico, h\u00e1 tamb\u00e9m um em dourado.","og_url":"https:\/\/joyasyasmin.com\/pt-pt\/producto\/aros-do-amor-cor-de-rosa\/","og_site_name":"Yasmin","article_publisher":"https:\/\/www.facebook.com\/Joyas-Yasmin-217664058934169\/","og_image":[{"width":1000,"height":1000,"url":"https:\/\/joyasyasmin.com\/wp-content\/uploads\/2026\/02\/aros-corazon-plata-color-pink.jpg","type":"image\/jpeg"}],"twitter_card":"summary_large_image","schema":{"@context":"https:\/\/schema.org","@graph":[{"@type":["WebPage","ItemPage"],"@id":"https:\/\/joyasyasmin.com\/pt-pt\/producto\/aros-do-amor-cor-de-rosa\/","url":"https:\/\/joyasyasmin.com\/pt-pt\/producto\/aros-do-amor-cor-de-rosa\/","name":"Aros do Amor Cor-de-Rosa - Yasmin","isPartOf":{"@id":"https:\/\/joyasyasmin.com\/pt-pt\/#website"},"primaryImageOfPage":{"@id":"https:\/\/joyasyasmin.com\/pt-pt\/producto\/aros-do-amor-cor-de-rosa\/#primaryimage"},"image":{"@id":"https:\/\/joyasyasmin.com\/pt-pt\/producto\/aros-do-amor-cor-de-rosa\/#primaryimage"},"thumbnailUrl":"https:\/\/joyasyasmin.com\/wp-content\/uploads\/2026\/02\/aros-corazon-plata-color-pink.jpg","datePublished":"2026-02-04T20:14:45+00:00","description":"Aros Pink Love de 12 mm com um delicado cora\u00e7\u00e3o de 6 mm adornado com zirconia rosa que confere um brilho suave e rom\u00e2ntico, h\u00e1 tamb\u00e9m um em dourado.","breadcrumb":{"@id":"https:\/\/joyasyasmin.com\/pt-pt\/producto\/aros-do-amor-cor-de-rosa\/#breadcrumb"},"inLanguage":"pt-PT","potentialAction":[{"@type":"ReadAction","target":["https:\/\/joyasyasmin.com\/pt-pt\/producto\/aros-do-amor-cor-de-rosa\/"]}]},{"@type":"ImageObject","inLanguage":"pt-PT","@id":"https:\/\/joyasyasmin.com\/pt-pt\/producto\/aros-do-amor-cor-de-rosa\/#primaryimage","url":"https:\/\/joyasyasmin.com\/wp-content\/uploads\/2026\/02\/aros-corazon-plata-color-pink.jpg","contentUrl":"https:\/\/joyasyasmin.com\/wp-content\/uploads\/2026\/02\/aros-corazon-plata-color-pink.jpg","width":1000,"height":1000,"caption":"Venda de brincos de cora\u00e7\u00e3o prateado cor-de-rosa 925 prata"},{"@type":"BreadcrumbList","@id":"https:\/\/joyasyasmin.com\/pt-pt\/producto\/aros-do-amor-cor-de-rosa\/#breadcrumb","itemListElement":[{"@type":"ListItem","position":1,"name":"Portada","item":"https:\/\/joyasyasmin.com\/pt-pt\/casa\/"},{"@type":"ListItem","position":2,"name":"Shop","item":"https:\/\/joyasyasmin.com\/pt-pt\/shop\/"},{"@type":"ListItem","position":3,"name":"Aros do Amor Cor-de-Rosa"}]},{"@type":"WebSite","@id":"https:\/\/joyasyasmin.com\/pt-pt\/#website","url":"https:\/\/joyasyasmin.com\/pt-pt\/","name":"Yasmin","description":"Joyer\u00eda de Plata 925 - Pendientes, pulseras, anillos, colgantes y m\u00e1s!","publisher":{"@id":"https:\/\/joyasyasmin.com\/pt-pt\/#organization"},"potentialAction":[{"@type":"SearchAction","target":{"@type":"EntryPoint","urlTemplate":"https:\/\/joyasyasmin.com\/pt-pt\/?s={search_term_string}"},"query-input":{"@type":"PropertyValueSpecification","valueRequired":true,"valueName":"search_term_string"}}],"inLanguage":"pt-PT"},{"@type":"Organization","@id":"https:\/\/joyasyasmin.com\/pt-pt\/#organization","name":"joyas yasmin","url":"https:\/\/joyasyasmin.com\/pt-pt\/","logo":{"@type":"ImageObject","inLanguage":"pt-PT","@id":"https:\/\/joyasyasmin.com\/pt-pt\/#\/schema\/logo\/image\/","url":"https:\/\/joyasyasmin.com\/wp-content\/uploads\/2017\/06\/IMG-20200429-WA0051.jpg","contentUrl":"https:\/\/joyasyasmin.com\/wp-content\/uploads\/2017\/06\/IMG-20200429-WA0051.jpg","width":1080,"height":545,"caption":"joyas yasmin"},"image":{"@id":"https:\/\/joyasyasmin.com\/pt-pt\/#\/schema\/logo\/image\/"},"sameAs":["https:\/\/www.facebook.com\/Joyas-Yasmin-217664058934169\/","https:\/\/www.instagram.com\/invites\/contact\/"]}]}},"_links":{"self":[{"href":"https:\/\/joyasyasmin.com\/pt-pt\/wp-json\/wp\/v2\/product\/38191","targetHints":{"allow":["GET"]}}],"collection":[{"href":"https:\/\/joyasyasmin.com\/pt-pt\/wp-json\/wp\/v2\/product"}],"about":[{"href":"https:\/\/joyasyasmin.com\/pt-pt\/wp-json\/wp\/v2\/types\/product"}],"replies":[{"embeddable":true,"href":"https:\/\/joyasyasmin.com\/pt-pt\/wp-json\/wp\/v2\/comments?post=38191"}],"version-history":[{"count":0,"href":"https:\/\/joyasyasmin.com\/pt-pt\/wp-json\/wp\/v2\/product\/38191\/revisions"}],"wp:featuredmedia":[{"embeddable":true,"href":"https:\/\/joyasyasmin.com\/pt-pt\/wp-json\/wp\/v2\/media\/38048"}],"wp:attachment":[{"href":"https:\/\/joyasyasmin.com\/pt-pt\/wp-json\/wp\/v2\/media?parent=38191"}],"wp:term":[{"taxonomy":"product_brand","embeddable":true,"href":"https:\/\/joyasyasmin.com\/pt-pt\/wp-json\/wp\/v2\/product_brand?post=38191"},{"taxonomy":"product_cat","embeddable":true,"href":"https:\/\/joyasyasmin.com\/pt-pt\/wp-json\/wp\/v2\/product_cat?post=38191"},{"taxonomy":"product_tag","embeddable":true,"href":"https:\/\/joyasyasmin.com\/pt-pt\/wp-json\/wp\/v2\/product_tag?post=38191"}],"curies":[{"name":"wp","href":"https:\/\/api.w.org\/{rel}","templated":true}]}}