{"id":38517,"date":"2026-03-13T12:46:53","date_gmt":"2026-03-13T12:46:53","guid":{"rendered":"https:\/\/joyasyasmin.com\/?post_type=product&#038;p=38517"},"modified":"2026-03-20T21:00:37","modified_gmt":"2026-03-20T21:00:37","slug":"pulsera-piedra-pirita-y-sigilo","status":"publish","type":"product","link":"https:\/\/joyasyasmin.com\/pt-pt\/producto\/pulsera-piedra-pirita-y-sigilo\/","title":{"rendered":"Pulsera Piedra Pirita y Sigilo"},"content":{"rendered":"","protected":false},"excerpt":{"rendered":"<p>Pulsera Piedra Pirita y Sigilo de la\u00a0 Abundancia elaborada con piedra natural de pirita de 3 mm, conocida por su brillo met\u00e1lico y por asociarse con la prosperidad y la protecci\u00f3n energ\u00e9tica. Incorpora el s\u00edmbolo Sigilo de la Abundancia de 1 cm que refuerza su significado espiritual. Su largo ajustable de 17 + 3 cm permite un ajuste c\u00f3modo, siendo una pieza ideal para quienes buscan estilo y energ\u00eda positiva.<\/p>\n","protected":false},"featured_media":38518,"comment_status":"open","ping_status":"closed","template":"","meta":{"_acf_changed":false,"_joinchat":[]},"product_brand":[],"product_cat":[66],"product_tag":[],"class_list":{"0":"post-38517","1":"product","2":"type-product","3":"status-publish","4":"has-post-thumbnail","6":"product_cat-pulseras","8":"first","9":"instock","10":"shipping-taxable","11":"purchasable","12":"product-type-simple"},"acf":[],"yoast_head":"<!-- This site is optimized with the Yoast SEO plugin v27.2 - https:\/\/yoast.com\/product\/yoast-seo-wordpress\/ -->\n<title>Pulsera Piedra Pirita y Sigilo - Yasmin<\/title>\n<meta name=\"description\" content=\"Pulsera Piedra Pirita y Sigilo Abundancia, pirita de 3 mm y s\u00edmbolo de abundancia de 1 cm en plata. Largo de 17 + 3 cm, pulsera energ\u00e9tica y elegante.\" \/>\n<meta name=\"robots\" content=\"index, follow, max-snippet:-1, max-image-preview:large, max-video-preview:-1\" \/>\n<link rel=\"canonical\" href=\"https:\/\/joyasyasmin.com\/pt-pt\/producto\/pulsera-piedra-pirita-y-sigilo\/\" \/>\n<meta property=\"og:locale\" content=\"pt_PT\" \/>\n<meta property=\"og:title\" content=\"Pulsera Piedra Pirita y Sigilo - Yasmin\" \/>\n<meta property=\"og:description\" content=\"Pulsera Piedra Pirita y Sigilo Abundancia, pirita de 3 mm y s\u00edmbolo de abundancia de 1 cm en plata. Largo de 17 + 3 cm, pulsera energ\u00e9tica y elegante.\" \/>\n<meta property=\"og:url\" content=\"https:\/\/joyasyasmin.com\/pt-pt\/producto\/pulsera-piedra-pirita-y-sigilo\/\" \/>\n<meta property=\"og:site_name\" content=\"Yasmin\" \/>\n<meta property=\"article:publisher\" content=\"https:\/\/www.facebook.com\/Joyas-Yasmin-217664058934169\/\" \/>\n<meta property=\"article:modified_time\" content=\"2026-03-20T21:00:37+00:00\" \/>\n<meta property=\"og:image\" content=\"https:\/\/joyasyasmin.com\/wp-content\/uploads\/2026\/03\/pulsera-pirita-y-sigilo.jpg\" \/>\n\t<meta property=\"og:image:width\" content=\"1000\" \/>\n\t<meta property=\"og:image:height\" content=\"1000\" \/>\n\t<meta property=\"og:image:type\" content=\"image\/jpeg\" \/>\n<meta name=\"twitter:card\" content=\"summary_large_image\" \/>\n<script type=\"application\/ld+json\" class=\"yoast-schema-graph\">{\"@context\":\"https:\/\/schema.org\",\"@graph\":[{\"@type\":[\"WebPage\",\"ItemPage\"],\"@id\":\"https:\/\/joyasyasmin.com\/pt-pt\/producto\/pulsera-piedra-pirita-y-sigilo\/\",\"url\":\"https:\/\/joyasyasmin.com\/pt-pt\/producto\/pulsera-piedra-pirita-y-sigilo\/\",\"name\":\"Pulsera Piedra Pirita y Sigilo - Yasmin\",\"isPartOf\":{\"@id\":\"https:\/\/joyasyasmin.com\/pt-pt\/#website\"},\"primaryImageOfPage\":{\"@id\":\"https:\/\/joyasyasmin.com\/pt-pt\/producto\/pulsera-piedra-pirita-y-sigilo\/#primaryimage\"},\"image\":{\"@id\":\"https:\/\/joyasyasmin.com\/pt-pt\/producto\/pulsera-piedra-pirita-y-sigilo\/#primaryimage\"},\"thumbnailUrl\":\"https:\/\/joyasyasmin.com\/wp-content\/uploads\/2026\/03\/pulsera-pirita-y-sigilo.jpg\",\"datePublished\":\"2026-03-13T12:46:53+00:00\",\"dateModified\":\"2026-03-20T21:00:37+00:00\",\"description\":\"Pulsera Piedra Pirita y Sigilo Abundancia, pirita de 3 mm y s\u00edmbolo de abundancia de 1 cm en plata. Largo de 17 + 3 cm, pulsera energ\u00e9tica y elegante.\",\"breadcrumb\":{\"@id\":\"https:\/\/joyasyasmin.com\/pt-pt\/producto\/pulsera-piedra-pirita-y-sigilo\/#breadcrumb\"},\"inLanguage\":\"pt-PT\",\"potentialAction\":[{\"@type\":\"ReadAction\",\"target\":[\"https:\/\/joyasyasmin.com\/pt-pt\/producto\/pulsera-piedra-pirita-y-sigilo\/\"]}]},{\"@type\":\"ImageObject\",\"inLanguage\":\"pt-PT\",\"@id\":\"https:\/\/joyasyasmin.com\/pt-pt\/producto\/pulsera-piedra-pirita-y-sigilo\/#primaryimage\",\"url\":\"https:\/\/joyasyasmin.com\/wp-content\/uploads\/2026\/03\/pulsera-pirita-y-sigilo.jpg\",\"contentUrl\":\"https:\/\/joyasyasmin.com\/wp-content\/uploads\/2026\/03\/pulsera-pirita-y-sigilo.jpg\",\"width\":1000,\"height\":1000,\"caption\":\"venta de puslera piedra pirita y sigilo de la abundancia de plata\"},{\"@type\":\"BreadcrumbList\",\"@id\":\"https:\/\/joyasyasmin.com\/pt-pt\/producto\/pulsera-piedra-pirita-y-sigilo\/#breadcrumb\",\"itemListElement\":[{\"@type\":\"ListItem\",\"position\":1,\"name\":\"Portada\",\"item\":\"https:\/\/joyasyasmin.com\/pt-pt\/casa\/\"},{\"@type\":\"ListItem\",\"position\":2,\"name\":\"Shop\",\"item\":\"https:\/\/joyasyasmin.com\/pt-pt\/shop\/\"},{\"@type\":\"ListItem\",\"position\":3,\"name\":\"Pulsera Piedra Pirita y Sigilo\"}]},{\"@type\":\"WebSite\",\"@id\":\"https:\/\/joyasyasmin.com\/pt-pt\/#website\",\"url\":\"https:\/\/joyasyasmin.com\/pt-pt\/\",\"name\":\"Yasmin\",\"description\":\"Joyer\u00eda de Plata 925 - Pendientes, pulseras, anillos, colgantes y m\u00e1s!\",\"publisher\":{\"@id\":\"https:\/\/joyasyasmin.com\/pt-pt\/#organization\"},\"potentialAction\":[{\"@type\":\"SearchAction\",\"target\":{\"@type\":\"EntryPoint\",\"urlTemplate\":\"https:\/\/joyasyasmin.com\/pt-pt\/?s={search_term_string}\"},\"query-input\":{\"@type\":\"PropertyValueSpecification\",\"valueRequired\":true,\"valueName\":\"search_term_string\"}}],\"inLanguage\":\"pt-PT\"},{\"@type\":\"Organization\",\"@id\":\"https:\/\/joyasyasmin.com\/pt-pt\/#organization\",\"name\":\"joyas yasmin\",\"url\":\"https:\/\/joyasyasmin.com\/pt-pt\/\",\"logo\":{\"@type\":\"ImageObject\",\"inLanguage\":\"pt-PT\",\"@id\":\"https:\/\/joyasyasmin.com\/pt-pt\/#\/schema\/logo\/image\/\",\"url\":\"https:\/\/joyasyasmin.com\/wp-content\/uploads\/2017\/06\/IMG-20200429-WA0051.jpg\",\"contentUrl\":\"https:\/\/joyasyasmin.com\/wp-content\/uploads\/2017\/06\/IMG-20200429-WA0051.jpg\",\"width\":1080,\"height\":545,\"caption\":\"joyas yasmin\"},\"image\":{\"@id\":\"https:\/\/joyasyasmin.com\/pt-pt\/#\/schema\/logo\/image\/\"},\"sameAs\":[\"https:\/\/www.facebook.com\/Joyas-Yasmin-217664058934169\/\",\"https:\/\/www.instagram.com\/invites\/contact\/\"]}]}<\/script>\n<!-- \/ Yoast SEO plugin. -->","yoast_head_json":{"title":"Pulsera Piedra Pirita y Sigilo - Yasmin","description":"Pulsera Piedra Pirita y Sigilo Abundancia, pirita de 3 mm y s\u00edmbolo de abundancia de 1 cm en plata. Largo de 17 + 3 cm, pulsera energ\u00e9tica y elegante.","robots":{"index":"index","follow":"follow","max-snippet":"max-snippet:-1","max-image-preview":"max-image-preview:large","max-video-preview":"max-video-preview:-1"},"canonical":"https:\/\/joyasyasmin.com\/pt-pt\/producto\/pulsera-piedra-pirita-y-sigilo\/","og_locale":"pt_PT","og_title":"Pulsera Piedra Pirita y Sigilo - Yasmin","og_description":"Pulsera Piedra Pirita y Sigilo Abundancia, pirita de 3 mm y s\u00edmbolo de abundancia de 1 cm en plata. Largo de 17 + 3 cm, pulsera energ\u00e9tica y elegante.","og_url":"https:\/\/joyasyasmin.com\/pt-pt\/producto\/pulsera-piedra-pirita-y-sigilo\/","og_site_name":"Yasmin","article_publisher":"https:\/\/www.facebook.com\/Joyas-Yasmin-217664058934169\/","article_modified_time":"2026-03-20T21:00:37+00:00","og_image":[{"width":1000,"height":1000,"url":"https:\/\/joyasyasmin.com\/wp-content\/uploads\/2026\/03\/pulsera-pirita-y-sigilo.jpg","type":"image\/jpeg"}],"twitter_card":"summary_large_image","schema":{"@context":"https:\/\/schema.org","@graph":[{"@type":["WebPage","ItemPage"],"@id":"https:\/\/joyasyasmin.com\/pt-pt\/producto\/pulsera-piedra-pirita-y-sigilo\/","url":"https:\/\/joyasyasmin.com\/pt-pt\/producto\/pulsera-piedra-pirita-y-sigilo\/","name":"Pulsera Piedra Pirita y Sigilo - Yasmin","isPartOf":{"@id":"https:\/\/joyasyasmin.com\/pt-pt\/#website"},"primaryImageOfPage":{"@id":"https:\/\/joyasyasmin.com\/pt-pt\/producto\/pulsera-piedra-pirita-y-sigilo\/#primaryimage"},"image":{"@id":"https:\/\/joyasyasmin.com\/pt-pt\/producto\/pulsera-piedra-pirita-y-sigilo\/#primaryimage"},"thumbnailUrl":"https:\/\/joyasyasmin.com\/wp-content\/uploads\/2026\/03\/pulsera-pirita-y-sigilo.jpg","datePublished":"2026-03-13T12:46:53+00:00","dateModified":"2026-03-20T21:00:37+00:00","description":"Pulsera Piedra Pirita y Sigilo Abundancia, pirita de 3 mm y s\u00edmbolo de abundancia de 1 cm en plata. Largo de 17 + 3 cm, pulsera energ\u00e9tica y elegante.","breadcrumb":{"@id":"https:\/\/joyasyasmin.com\/pt-pt\/producto\/pulsera-piedra-pirita-y-sigilo\/#breadcrumb"},"inLanguage":"pt-PT","potentialAction":[{"@type":"ReadAction","target":["https:\/\/joyasyasmin.com\/pt-pt\/producto\/pulsera-piedra-pirita-y-sigilo\/"]}]},{"@type":"ImageObject","inLanguage":"pt-PT","@id":"https:\/\/joyasyasmin.com\/pt-pt\/producto\/pulsera-piedra-pirita-y-sigilo\/#primaryimage","url":"https:\/\/joyasyasmin.com\/wp-content\/uploads\/2026\/03\/pulsera-pirita-y-sigilo.jpg","contentUrl":"https:\/\/joyasyasmin.com\/wp-content\/uploads\/2026\/03\/pulsera-pirita-y-sigilo.jpg","width":1000,"height":1000,"caption":"venta de puslera piedra pirita y sigilo de la abundancia de plata"},{"@type":"BreadcrumbList","@id":"https:\/\/joyasyasmin.com\/pt-pt\/producto\/pulsera-piedra-pirita-y-sigilo\/#breadcrumb","itemListElement":[{"@type":"ListItem","position":1,"name":"Portada","item":"https:\/\/joyasyasmin.com\/pt-pt\/casa\/"},{"@type":"ListItem","position":2,"name":"Shop","item":"https:\/\/joyasyasmin.com\/pt-pt\/shop\/"},{"@type":"ListItem","position":3,"name":"Pulsera Piedra Pirita y Sigilo"}]},{"@type":"WebSite","@id":"https:\/\/joyasyasmin.com\/pt-pt\/#website","url":"https:\/\/joyasyasmin.com\/pt-pt\/","name":"Yasmin","description":"Joyer\u00eda de Plata 925 - Pendientes, pulseras, anillos, colgantes y m\u00e1s!","publisher":{"@id":"https:\/\/joyasyasmin.com\/pt-pt\/#organization"},"potentialAction":[{"@type":"SearchAction","target":{"@type":"EntryPoint","urlTemplate":"https:\/\/joyasyasmin.com\/pt-pt\/?s={search_term_string}"},"query-input":{"@type":"PropertyValueSpecification","valueRequired":true,"valueName":"search_term_string"}}],"inLanguage":"pt-PT"},{"@type":"Organization","@id":"https:\/\/joyasyasmin.com\/pt-pt\/#organization","name":"joyas yasmin","url":"https:\/\/joyasyasmin.com\/pt-pt\/","logo":{"@type":"ImageObject","inLanguage":"pt-PT","@id":"https:\/\/joyasyasmin.com\/pt-pt\/#\/schema\/logo\/image\/","url":"https:\/\/joyasyasmin.com\/wp-content\/uploads\/2017\/06\/IMG-20200429-WA0051.jpg","contentUrl":"https:\/\/joyasyasmin.com\/wp-content\/uploads\/2017\/06\/IMG-20200429-WA0051.jpg","width":1080,"height":545,"caption":"joyas yasmin"},"image":{"@id":"https:\/\/joyasyasmin.com\/pt-pt\/#\/schema\/logo\/image\/"},"sameAs":["https:\/\/www.facebook.com\/Joyas-Yasmin-217664058934169\/","https:\/\/www.instagram.com\/invites\/contact\/"]}]}},"_links":{"self":[{"href":"https:\/\/joyasyasmin.com\/pt-pt\/wp-json\/wp\/v2\/product\/38517","targetHints":{"allow":["GET"]}}],"collection":[{"href":"https:\/\/joyasyasmin.com\/pt-pt\/wp-json\/wp\/v2\/product"}],"about":[{"href":"https:\/\/joyasyasmin.com\/pt-pt\/wp-json\/wp\/v2\/types\/product"}],"replies":[{"embeddable":true,"href":"https:\/\/joyasyasmin.com\/pt-pt\/wp-json\/wp\/v2\/comments?post=38517"}],"version-history":[{"count":1,"href":"https:\/\/joyasyasmin.com\/pt-pt\/wp-json\/wp\/v2\/product\/38517\/revisions"}],"predecessor-version":[{"id":38536,"href":"https:\/\/joyasyasmin.com\/pt-pt\/wp-json\/wp\/v2\/product\/38517\/revisions\/38536"}],"wp:featuredmedia":[{"embeddable":true,"href":"https:\/\/joyasyasmin.com\/pt-pt\/wp-json\/wp\/v2\/media\/38518"}],"wp:attachment":[{"href":"https:\/\/joyasyasmin.com\/pt-pt\/wp-json\/wp\/v2\/media?parent=38517"}],"wp:term":[{"taxonomy":"product_brand","embeddable":true,"href":"https:\/\/joyasyasmin.com\/pt-pt\/wp-json\/wp\/v2\/product_brand?post=38517"},{"taxonomy":"product_cat","embeddable":true,"href":"https:\/\/joyasyasmin.com\/pt-pt\/wp-json\/wp\/v2\/product_cat?post=38517"},{"taxonomy":"product_tag","embeddable":true,"href":"https:\/\/joyasyasmin.com\/pt-pt\/wp-json\/wp\/v2\/product_tag?post=38517"}],"curies":[{"name":"wp","href":"https:\/\/api.w.org\/{rel}","templated":true}]}}